{"id":15166,"date":"2023-04-18T17:55:05","date_gmt":"2023-04-18T14:55:05","guid":{"rendered":"https:\/\/mindreksmetall.ee\/3-osainen-esto-maksutapa-jaa-ostoskorin-summa-kolmeen-yhta-suureen-maksueraan-ilman-lisamaksuja\/"},"modified":"2025-07-10T09:07:47","modified_gmt":"2025-07-10T06:07:47","slug":"3-osainen-esto-maksutapa-jaa-ostoskorin-summa-kolmeen-yhta-suureen-maksueraan-ilman-lisamaksuja","status":"publish","type":"page","link":"https:\/\/mindreksmetall.ee\/fi\/3-osainen-esto-maksutapa-jaa-ostoskorin-summa-kolmeen-yhta-suureen-maksueraan-ilman-lisamaksuja\/","title":{"rendered":"3-osainen ESTO-maksutapa \u2013 jaa ostoskorin summa kolmeen yht\u00e4 suureen maksuer\u00e4\u00e4n ilman lis\u00e4maksuja!"},"content":{"rendered":"\n<figure class=\"wp-block-image size-full\"><a href=\"https:\/\/mindreksmetall.ee\/wp-content\/uploads\/2023\/04\/esto-banner-02-230418.png\"><img decoding=\"async\" width=\"844\" height=\"400\" src=\"https:\/\/mindreksmetall.ee\/wp-content\/themes\/woodmart\/images\/lazy.svg\" data-src=\"https:\/\/mindreksmetall.ee\/wp-content\/uploads\/2023\/04\/esto-banner-02-230418.png\" alt=\"ESTO-osamaksu\" class=\" wd-lazy-fade wp-image-9349\" srcset=\"\" data-srcset=\"https:\/\/mindreksmetall.ee\/wp-content\/uploads\/2023\/04\/esto-banner-02-230418.png 844w, https:\/\/mindreksmetall.ee\/wp-content\/uploads\/2023\/04\/esto-banner-02-230418-400x190.png 400w, https:\/\/mindreksmetall.ee\/wp-content\/uploads\/2023\/04\/esto-banner-02-230418-768x364.png 768w, https:\/\/mindreksmetall.ee\/wp-content\/uploads\/2023\/04\/esto-banner-02-230418-430x204.png 430w, https:\/\/mindreksmetall.ee\/wp-content\/uploads\/2023\/04\/esto-banner-02-230418-700x332.png 700w, https:\/\/mindreksmetall.ee\/wp-content\/uploads\/2023\/04\/esto-banner-02-230418-150x71.png 150w\" sizes=\"(max-width: 844px) 100vw, 844px\" \/><\/a><\/figure>\n\n<p>K\u00e4yt\u00e4 tuotteiden tai palveluiden maksamiseen 3-osaista <strong>ESTO-maksutapaa<\/strong> \u2013 jaa ostoskorin summa kolmeen yht\u00e4 suureen maksuer\u00e4\u00e4n ilman lis\u00e4maksuja!<\/p>\n\n<p>Lis\u00e4\u00e4 tuotteet ostoskoriin, vahvista tilaus, valitse maksutavaksi ESTO 3 ja allekirjoita k\u00e4tev\u00e4sti s\u00e4hk\u00f6isesti Smart-ID:ll\u00e4, Mobiil-ID:ll\u00e4 tai henkil\u00f6kortilla.<\/p>\n\n<ul class=\"wp-block-list\">\n<li>Jos maksat ostoskorin summan kokonaan ja ajallaan kolmen kuukauden kuluessa, lis\u00e4maksuja ei lis\u00e4t\u00e4.<\/li>\n\n\n\n<li>Kuukausimaksu muodostuu jakamalla ostoskorin summa kolmeen yht\u00e4 suureen osaan.<\/li>\n\n\n\n<li>ESTO 3 -osamaksua voivat hakea kaikki 18\u201370-vuotiaat Viron kansalaiset.<\/li>\n<\/ul>\n\n<p><strong>ESTO 3 -maksutavan ehdot<\/strong><\/p>\n\n<figure class=\"wp-block-image size-full\"><a href=\"https:\/\/mindreksmetall.ee\/wp-content\/uploads\/2023\/04\/esto-banner-230416.png\"><img decoding=\"async\" width=\"900\" height=\"162\" src=\"https:\/\/mindreksmetall.ee\/wp-content\/themes\/woodmart\/images\/lazy.svg\" data-src=\"https:\/\/mindreksmetall.ee\/wp-content\/uploads\/2023\/04\/esto-banner-230416.png\" alt=\"ESTO-osamaksu\" class=\" wd-lazy-fade wp-image-9350\" srcset=\"\" data-srcset=\"https:\/\/mindreksmetall.ee\/wp-content\/uploads\/2023\/04\/esto-banner-230416.png 900w, https:\/\/mindreksmetall.ee\/wp-content\/uploads\/2023\/04\/esto-banner-230416-400x72.png 400w, https:\/\/mindreksmetall.ee\/wp-content\/uploads\/2023\/04\/esto-banner-230416-768x138.png 768w, https:\/\/mindreksmetall.ee\/wp-content\/uploads\/2023\/04\/esto-banner-230416-860x155.png 860w, https:\/\/mindreksmetall.ee\/wp-content\/uploads\/2023\/04\/esto-banner-230416-430x77.png 430w, https:\/\/mindreksmetall.ee\/wp-content\/uploads\/2023\/04\/esto-banner-230416-700x126.png 700w, https:\/\/mindreksmetall.ee\/wp-content\/uploads\/2023\/04\/esto-banner-230416-150x27.png 150w\" sizes=\"(max-width: 900px) 100vw, 900px\" \/><\/a><\/figure>\n\n<p><strong>ESTO 3 -maksutavan<\/strong> palveluntarjoaja on ESTO AS.<\/p>\n\n<p>3-osaisen ESTO-maksutavan palveluntarjoaja on\u00a0ESTO AS.<br\/>S\u00e4hk\u00f6postiosoite:\u00a0<a href=\"&#x6d;a&#x69;l&#x74;&#111;&#x3a;&#105;n&#x66;o&#x40;&#101;&#x73;&#116;&#x6f;&#46;e&#x65;\">&#105;&#x6e;f&#x6f;&#x40;&#101;&#x73;t&#111;&#x2e;&#101;&#x65;<\/a><br\/>Puhelinnumero: (+372) 622 52 52<\/p>\n","protected":false},"excerpt":{"rendered":"<p>K\u00e4yt\u00e4 tuotteiden tai palveluiden maksamiseen 3-osaista ESTO-maksutapaa \u2013 jaa ostoskorin summa kolmeen yht\u00e4 suureen maksuer\u00e4\u00e4n ilman lis\u00e4maksuja! Lis\u00e4\u00e4 tuotteet ostoskoriin,<\/p>\n","protected":false},"author":6,"featured_media":0,"parent":0,"menu_order":0,"comment_status":"closed","ping_status":"closed","template":"","meta":{"_acf_changed":false,"content-type":"","footnotes":""},"class_list":["post-15166","page","type-page","status-publish","hentry"],"acf":[],"yoast_head":"<!-- This site is optimized with the Yoast SEO plugin v27.5 - https:\/\/yoast.com\/product\/yoast-seo-wordpress\/ -->\n<title>3-osainen ESTO-maksutapa \u2013 jaa ostoskorin summa kolmeen yht\u00e4 suureen maksuer\u00e4\u00e4n ilman lis\u00e4maksuja! - Mindreks Metall<\/title>\n<meta name=\"robots\" content=\"index, follow, max-snippet:-1, max-image-preview:large, max-video-preview:-1\" \/>\n<link rel=\"canonical\" href=\"https:\/\/mindreksmetall.ee\/fi\/3-osainen-esto-maksutapa-jaa-ostoskorin-summa-kolmeen-yhta-suureen-maksueraan-ilman-lisamaksuja\/\" \/>\n<meta property=\"og:locale\" content=\"fi_FI\" \/>\n<meta property=\"og:type\" content=\"article\" \/>\n<meta property=\"og:title\" content=\"3-osainen ESTO-maksutapa \u2013 jaa ostoskorin summa kolmeen yht\u00e4 suureen maksuer\u00e4\u00e4n ilman lis\u00e4maksuja! - Mindreks Metall\" \/>\n<meta property=\"og:description\" content=\"K\u00e4yt\u00e4 tuotteiden tai palveluiden maksamiseen 3-osaista ESTO-maksutapaa \u2013 jaa ostoskorin summa kolmeen yht\u00e4 suureen maksuer\u00e4\u00e4n ilman lis\u00e4maksuja! Lis\u00e4\u00e4 tuotteet ostoskoriin,\" \/>\n<meta property=\"og:url\" content=\"https:\/\/mindreksmetall.ee\/fi\/3-osainen-esto-maksutapa-jaa-ostoskorin-summa-kolmeen-yhta-suureen-maksueraan-ilman-lisamaksuja\/\" \/>\n<meta property=\"og:site_name\" content=\"Mindreks Metall\" \/>\n<meta property=\"article:publisher\" content=\"https:\/\/m.facebook.com\/soojapood?_rdr\" \/>\n<meta property=\"article:modified_time\" content=\"2025-07-10T06:07:47+00:00\" \/>\n<meta property=\"og:image\" content=\"https:\/\/mindreksmetall.ee\/wp-content\/uploads\/2023\/04\/esto-banner-02-230418.png\" \/>\n\t<meta property=\"og:image:width\" content=\"844\" \/>\n\t<meta property=\"og:image:height\" content=\"400\" \/>\n\t<meta property=\"og:image:type\" content=\"image\/png\" \/>\n<meta name=\"twitter:card\" content=\"summary_large_image\" \/>\n<script type=\"application\/ld+json\" class=\"yoast-schema-graph\">{\"@context\":\"https:\\\/\\\/schema.org\",\"@graph\":[{\"@type\":\"WebPage\",\"@id\":\"https:\\\/\\\/mindreksmetall.ee\\\/fi\\\/3-osainen-esto-maksutapa-jaa-ostoskorin-summa-kolmeen-yhta-suureen-maksueraan-ilman-lisamaksuja\\\/\",\"url\":\"https:\\\/\\\/mindreksmetall.ee\\\/fi\\\/3-osainen-esto-maksutapa-jaa-ostoskorin-summa-kolmeen-yhta-suureen-maksueraan-ilman-lisamaksuja\\\/\",\"name\":\"3-osainen ESTO-maksutapa \u2013 jaa ostoskorin summa kolmeen yht\u00e4 suureen maksuer\u00e4\u00e4n ilman lis\u00e4maksuja! - Mindreks Metall\",\"isPartOf\":{\"@id\":\"https:\\\/\\\/mindreksmetall.ee\\\/#website\"},\"primaryImageOfPage\":{\"@id\":\"https:\\\/\\\/mindreksmetall.ee\\\/fi\\\/3-osainen-esto-maksutapa-jaa-ostoskorin-summa-kolmeen-yhta-suureen-maksueraan-ilman-lisamaksuja\\\/#primaryimage\"},\"image\":{\"@id\":\"https:\\\/\\\/mindreksmetall.ee\\\/fi\\\/3-osainen-esto-maksutapa-jaa-ostoskorin-summa-kolmeen-yhta-suureen-maksueraan-ilman-lisamaksuja\\\/#primaryimage\"},\"thumbnailUrl\":\"https:\\\/\\\/mindreksmetall.ee\\\/wp-content\\\/uploads\\\/2023\\\/04\\\/esto-banner-02-230418.png\",\"datePublished\":\"2023-04-18T14:55:05+00:00\",\"dateModified\":\"2025-07-10T06:07:47+00:00\",\"breadcrumb\":{\"@id\":\"https:\\\/\\\/mindreksmetall.ee\\\/fi\\\/3-osainen-esto-maksutapa-jaa-ostoskorin-summa-kolmeen-yhta-suureen-maksueraan-ilman-lisamaksuja\\\/#breadcrumb\"},\"inLanguage\":\"fi\",\"potentialAction\":[{\"@type\":\"ReadAction\",\"target\":[\"https:\\\/\\\/mindreksmetall.ee\\\/fi\\\/3-osainen-esto-maksutapa-jaa-ostoskorin-summa-kolmeen-yhta-suureen-maksueraan-ilman-lisamaksuja\\\/\"]}]},{\"@type\":\"ImageObject\",\"inLanguage\":\"fi\",\"@id\":\"https:\\\/\\\/mindreksmetall.ee\\\/fi\\\/3-osainen-esto-maksutapa-jaa-ostoskorin-summa-kolmeen-yhta-suureen-maksueraan-ilman-lisamaksuja\\\/#primaryimage\",\"url\":\"https:\\\/\\\/mindreksmetall.ee\\\/wp-content\\\/uploads\\\/2023\\\/04\\\/esto-banner-02-230418.png\",\"contentUrl\":\"https:\\\/\\\/mindreksmetall.ee\\\/wp-content\\\/uploads\\\/2023\\\/04\\\/esto-banner-02-230418.png\"},{\"@type\":\"BreadcrumbList\",\"@id\":\"https:\\\/\\\/mindreksmetall.ee\\\/fi\\\/3-osainen-esto-maksutapa-jaa-ostoskorin-summa-kolmeen-yhta-suureen-maksueraan-ilman-lisamaksuja\\\/#breadcrumb\",\"itemListElement\":[{\"@type\":\"ListItem\",\"position\":1,\"name\":\"Home\",\"item\":\"https:\\\/\\\/mindreksmetall.ee\\\/fi\\\/\"},{\"@type\":\"ListItem\",\"position\":2,\"name\":\"3-osainen ESTO-maksutapa \u2013 jaa ostoskorin summa kolmeen yht\u00e4 suureen maksuer\u00e4\u00e4n ilman lis\u00e4maksuja!\"}]},{\"@type\":\"WebSite\",\"@id\":\"https:\\\/\\\/mindreksmetall.ee\\\/#website\",\"url\":\"https:\\\/\\\/mindreksmetall.ee\\\/\",\"name\":\"Mindreks Metall\",\"description\":\"Metallit\u00f6\u00f6d, akumulatsioonipaagid\",\"publisher\":{\"@id\":\"https:\\\/\\\/mindreksmetall.ee\\\/#organization\"},\"potentialAction\":[{\"@type\":\"SearchAction\",\"target\":{\"@type\":\"EntryPoint\",\"urlTemplate\":\"https:\\\/\\\/mindreksmetall.ee\\\/?s={search_term_string}\"},\"query-input\":{\"@type\":\"PropertyValueSpecification\",\"valueRequired\":true,\"valueName\":\"search_term_string\"}}],\"inLanguage\":\"fi\"},{\"@type\":\"Organization\",\"@id\":\"https:\\\/\\\/mindreksmetall.ee\\\/#organization\",\"name\":\"Mindreks Metall\",\"url\":\"https:\\\/\\\/mindreksmetall.ee\\\/\",\"logo\":{\"@type\":\"ImageObject\",\"inLanguage\":\"fi\",\"@id\":\"https:\\\/\\\/mindreksmetall.ee\\\/#\\\/schema\\\/logo\\\/image\\\/\",\"url\":\"https:\\\/\\\/soojapood.ee\\\/wp-content\\\/uploads\\\/2022\\\/06\\\/soojapood_logo-01-1-1.png\",\"contentUrl\":\"https:\\\/\\\/soojapood.ee\\\/wp-content\\\/uploads\\\/2022\\\/06\\\/soojapood_logo-01-1-1.png\",\"width\":596,\"height\":133,\"caption\":\"Mindreks Metall\"},\"image\":{\"@id\":\"https:\\\/\\\/mindreksmetall.ee\\\/#\\\/schema\\\/logo\\\/image\\\/\"},\"sameAs\":[\"https:\\\/\\\/m.facebook.com\\\/soojapood?_rdr\"]}]}<\/script>\n<!-- \/ Yoast SEO plugin. -->","yoast_head_json":{"title":"3-osainen ESTO-maksutapa \u2013 jaa ostoskorin summa kolmeen yht\u00e4 suureen maksuer\u00e4\u00e4n ilman lis\u00e4maksuja! - Mindreks Metall","robots":{"index":"index","follow":"follow","max-snippet":"max-snippet:-1","max-image-preview":"max-image-preview:large","max-video-preview":"max-video-preview:-1"},"canonical":"https:\/\/mindreksmetall.ee\/fi\/3-osainen-esto-maksutapa-jaa-ostoskorin-summa-kolmeen-yhta-suureen-maksueraan-ilman-lisamaksuja\/","og_locale":"fi_FI","og_type":"article","og_title":"3-osainen ESTO-maksutapa \u2013 jaa ostoskorin summa kolmeen yht\u00e4 suureen maksuer\u00e4\u00e4n ilman lis\u00e4maksuja! - Mindreks Metall","og_description":"K\u00e4yt\u00e4 tuotteiden tai palveluiden maksamiseen 3-osaista ESTO-maksutapaa \u2013 jaa ostoskorin summa kolmeen yht\u00e4 suureen maksuer\u00e4\u00e4n ilman lis\u00e4maksuja! Lis\u00e4\u00e4 tuotteet ostoskoriin,","og_url":"https:\/\/mindreksmetall.ee\/fi\/3-osainen-esto-maksutapa-jaa-ostoskorin-summa-kolmeen-yhta-suureen-maksueraan-ilman-lisamaksuja\/","og_site_name":"Mindreks Metall","article_publisher":"https:\/\/m.facebook.com\/soojapood?_rdr","article_modified_time":"2025-07-10T06:07:47+00:00","og_image":[{"width":844,"height":400,"url":"https:\/\/mindreksmetall.ee\/wp-content\/uploads\/2023\/04\/esto-banner-02-230418.png","type":"image\/png"}],"twitter_card":"summary_large_image","schema":{"@context":"https:\/\/schema.org","@graph":[{"@type":"WebPage","@id":"https:\/\/mindreksmetall.ee\/fi\/3-osainen-esto-maksutapa-jaa-ostoskorin-summa-kolmeen-yhta-suureen-maksueraan-ilman-lisamaksuja\/","url":"https:\/\/mindreksmetall.ee\/fi\/3-osainen-esto-maksutapa-jaa-ostoskorin-summa-kolmeen-yhta-suureen-maksueraan-ilman-lisamaksuja\/","name":"3-osainen ESTO-maksutapa \u2013 jaa ostoskorin summa kolmeen yht\u00e4 suureen maksuer\u00e4\u00e4n ilman lis\u00e4maksuja! - Mindreks Metall","isPartOf":{"@id":"https:\/\/mindreksmetall.ee\/#website"},"primaryImageOfPage":{"@id":"https:\/\/mindreksmetall.ee\/fi\/3-osainen-esto-maksutapa-jaa-ostoskorin-summa-kolmeen-yhta-suureen-maksueraan-ilman-lisamaksuja\/#primaryimage"},"image":{"@id":"https:\/\/mindreksmetall.ee\/fi\/3-osainen-esto-maksutapa-jaa-ostoskorin-summa-kolmeen-yhta-suureen-maksueraan-ilman-lisamaksuja\/#primaryimage"},"thumbnailUrl":"https:\/\/mindreksmetall.ee\/wp-content\/uploads\/2023\/04\/esto-banner-02-230418.png","datePublished":"2023-04-18T14:55:05+00:00","dateModified":"2025-07-10T06:07:47+00:00","breadcrumb":{"@id":"https:\/\/mindreksmetall.ee\/fi\/3-osainen-esto-maksutapa-jaa-ostoskorin-summa-kolmeen-yhta-suureen-maksueraan-ilman-lisamaksuja\/#breadcrumb"},"inLanguage":"fi","potentialAction":[{"@type":"ReadAction","target":["https:\/\/mindreksmetall.ee\/fi\/3-osainen-esto-maksutapa-jaa-ostoskorin-summa-kolmeen-yhta-suureen-maksueraan-ilman-lisamaksuja\/"]}]},{"@type":"ImageObject","inLanguage":"fi","@id":"https:\/\/mindreksmetall.ee\/fi\/3-osainen-esto-maksutapa-jaa-ostoskorin-summa-kolmeen-yhta-suureen-maksueraan-ilman-lisamaksuja\/#primaryimage","url":"https:\/\/mindreksmetall.ee\/wp-content\/uploads\/2023\/04\/esto-banner-02-230418.png","contentUrl":"https:\/\/mindreksmetall.ee\/wp-content\/uploads\/2023\/04\/esto-banner-02-230418.png"},{"@type":"BreadcrumbList","@id":"https:\/\/mindreksmetall.ee\/fi\/3-osainen-esto-maksutapa-jaa-ostoskorin-summa-kolmeen-yhta-suureen-maksueraan-ilman-lisamaksuja\/#breadcrumb","itemListElement":[{"@type":"ListItem","position":1,"name":"Home","item":"https:\/\/mindreksmetall.ee\/fi\/"},{"@type":"ListItem","position":2,"name":"3-osainen ESTO-maksutapa \u2013 jaa ostoskorin summa kolmeen yht\u00e4 suureen maksuer\u00e4\u00e4n ilman lis\u00e4maksuja!"}]},{"@type":"WebSite","@id":"https:\/\/mindreksmetall.ee\/#website","url":"https:\/\/mindreksmetall.ee\/","name":"Mindreks Metall","description":"Metallit\u00f6\u00f6d, akumulatsioonipaagid","publisher":{"@id":"https:\/\/mindreksmetall.ee\/#organization"},"potentialAction":[{"@type":"SearchAction","target":{"@type":"EntryPoint","urlTemplate":"https:\/\/mindreksmetall.ee\/?s={search_term_string}"},"query-input":{"@type":"PropertyValueSpecification","valueRequired":true,"valueName":"search_term_string"}}],"inLanguage":"fi"},{"@type":"Organization","@id":"https:\/\/mindreksmetall.ee\/#organization","name":"Mindreks Metall","url":"https:\/\/mindreksmetall.ee\/","logo":{"@type":"ImageObject","inLanguage":"fi","@id":"https:\/\/mindreksmetall.ee\/#\/schema\/logo\/image\/","url":"https:\/\/soojapood.ee\/wp-content\/uploads\/2022\/06\/soojapood_logo-01-1-1.png","contentUrl":"https:\/\/soojapood.ee\/wp-content\/uploads\/2022\/06\/soojapood_logo-01-1-1.png","width":596,"height":133,"caption":"Mindreks Metall"},"image":{"@id":"https:\/\/mindreksmetall.ee\/#\/schema\/logo\/image\/"},"sameAs":["https:\/\/m.facebook.com\/soojapood?_rdr"]}]}},"_links":{"self":[{"href":"https:\/\/mindreksmetall.ee\/fi\/wp-json\/wp\/v2\/pages\/15166","targetHints":{"allow":["GET"]}}],"collection":[{"href":"https:\/\/mindreksmetall.ee\/fi\/wp-json\/wp\/v2\/pages"}],"about":[{"href":"https:\/\/mindreksmetall.ee\/fi\/wp-json\/wp\/v2\/types\/page"}],"author":[{"embeddable":true,"href":"https:\/\/mindreksmetall.ee\/fi\/wp-json\/wp\/v2\/users\/6"}],"replies":[{"embeddable":true,"href":"https:\/\/mindreksmetall.ee\/fi\/wp-json\/wp\/v2\/comments?post=15166"}],"version-history":[{"count":3,"href":"https:\/\/mindreksmetall.ee\/fi\/wp-json\/wp\/v2\/pages\/15166\/revisions"}],"predecessor-version":[{"id":16153,"href":"https:\/\/mindreksmetall.ee\/fi\/wp-json\/wp\/v2\/pages\/15166\/revisions\/16153"}],"wp:attachment":[{"href":"https:\/\/mindreksmetall.ee\/fi\/wp-json\/wp\/v2\/media?parent=15166"}],"curies":[{"name":"wp","href":"https:\/\/api.w.org\/{rel}","templated":true}]}}