{"id":15183,"date":"2022-05-18T14:16:50","date_gmt":"2022-05-18T11:16:50","guid":{"rendered":"https:\/\/mindreksmetall.ee\/tietosuojakaytanto\/"},"modified":"2025-07-10T09:07:47","modified_gmt":"2025-07-10T06:07:47","slug":"tietosuojakaytanto","status":"publish","type":"page","link":"https:\/\/mindreksmetall.ee\/fi\/tietosuojakaytanto\/","title":{"rendered":"Tietosuojak\u00e4yt\u00e4nt\u00f6"},"content":{"rendered":"\t\t<div data-elementor-type=\"wp-page\" data-elementor-id=\"15183\" class=\"elementor elementor-15183 elementor-3\" data-elementor-post-type=\"page\">\n\t\t\t\t\t\t<section class=\"wd-negative-gap elementor-section elementor-top-section elementor-element elementor-element-662247cd elementor-section-boxed elementor-section-height-default elementor-section-height-default\" data-id=\"662247cd\" data-element_type=\"section\" data-e-type=\"section\">\n\t\t\t\t\t\t<div class=\"elementor-container elementor-column-gap-default\">\n\t\t\t\t\t<div class=\"elementor-column elementor-col-100 elementor-top-column elementor-element elementor-element-5032da\" data-id=\"5032da\" data-element_type=\"column\" data-e-type=\"column\">\n\t\t\t<div class=\"elementor-widget-wrap elementor-element-populated\">\n\t\t\t\t\t\t<div class=\"elementor-element elementor-element-1854eb18 color-scheme-inherit text-left elementor-invisible elementor-widget elementor-widget-text-editor\" data-id=\"1854eb18\" data-element_type=\"widget\" data-e-type=\"widget\" data-settings=\"{&quot;_animation&quot;:&quot;fadeIn&quot;}\" data-widget_type=\"text-editor.default\">\n\t\t\t\t<div class=\"elementor-widget-container\">\n\t\t\t\t\t\t\t\t\t\n<p>Mindreks Metall O\u00dc:lle on t\u00e4rke\u00e4\u00e4 kunnioittaa yksityisyytt\u00e4si ja noudattaa kaikkia voimassa olevia lakeja ja m\u00e4\u00e4r\u00e4yksi\u00e4, jotka koskevat henkil\u00f6tietoja, joita voimme ker\u00e4t\u00e4 sinusta, kun vierailet verkkosivustollamme <a href=\"https:\/\/mindreksmetall.ee\/fi\/\">mindreksmetall.ee<\/a>. K\u00e4ytt\u00e4m\u00e4ll\u00e4 verkkosivustoamme hyv\u00e4ksyt, ett\u00e4 ker\u00e4\u00e4mme ja k\u00e4yt\u00e4mme tietojasi t\u00e4m\u00e4n tietosuojak\u00e4yt\u00e4nn\u00f6n mukaisesti.<\/p>\n<p>T\u00e4ll\u00e4 tietosuojak\u00e4yt\u00e4nn\u00f6ll\u00e4 haluamme selitt\u00e4\u00e4 sinulle, millaisia tietoja ker\u00e4\u00e4mme, miten k\u00e4yt\u00e4mme niit\u00e4 ja mitk\u00e4 ovat oikeutesi tietojesi suojaamiseen. K\u00e4yt\u00e4nt\u00f6 koskee vain verkkosivustoamme ja sen vierailijoita, eik\u00e4 koske muiden kanavien kautta ker\u00e4tt\u00e4vi\u00e4 tietoja.<\/p>\n<p>Tietojesi k\u00e4sittelij\u00e4 on Mindreks Metall O\u00dc<\/p>\n<p>yritystunnus: <span class=\"elementor-icon-list-text\">12709100<\/span><\/p>\n<p>s\u00e4hk\u00f6postiosoite: <a href=\"&#x6d;a&#x69;&#108;&#x74;&#111;:&#x69;&#110;&#x66;&#111;&#64;&#x6d;&#105;&#x6e;&#100;r&#x65;k&#x73;&#46;&#x65;&#x65;\">&#105;n&#x66;o&#x40;m&#x69;n&#x64;r&#x65;k&#x73;&#46;&#x65;&#101;<\/a><\/p>\n<p>puhelinnumero: +372 55539161<\/p>\n<p>Ker\u00e4\u00e4mme ja k\u00e4sittelemme tietoja 25.05.2018 voimaan tulleen EU:n yleisen tietosuoja-asetuksen (GDPR) mukaisesti.<\/p>\n<h2>Tietojen ker\u00e4\u00e4minen ja k\u00e4ytt\u00f6<\/h2>\n<h3>Mit\u00e4 tietoja ker\u00e4\u00e4mme?<\/h3>\n<p>Ker\u00e4tt\u00e4v\u00e4t tiedot sis\u00e4lt\u00e4v\u00e4t tietoja, joita annat meille tietoisesti ja aktiivisesti k\u00e4ytt\u00e4m\u00e4ll\u00e4 palveluitamme tai kampanjoitamme tai osallistumalla niihin, sek\u00e4 kaikkia tietoja, joita laitteesi l\u00e4hett\u00e4v\u00e4t k\u00e4ytt\u00e4ess\u00e4si tuotteitamme ja palveluitamme.<\/p>\n<p>Ker\u00e4\u00e4m\u00e4mme tiedot sis\u00e4lt\u00e4v\u00e4t tietoja, jotka olet tietoisesti jakanut kanssamme k\u00e4ytt\u00e4ess\u00e4si palveluitamme tai kampanjoitamme, sek\u00e4 tietoja, jotka laitteesi l\u00e4hett\u00e4v\u00e4t meille automaattisesti.<\/p>\n<p>Voimme saada henkil\u00f6tietojasi seuraavilla tavoilla:<\/p>\n<ul>\n<li>Teet tilauksen verkkokaupassa <a href=\"https:\/\/mindreksmetall.ee\/fi\/\">mindreksmetall.ee<\/a> <\/li>\n<li>Rekister\u00f6idyt verkkokaupan <a href=\"https:\/\/mindreksmetall.ee\/fi\/\">mindreksmetall.ee<\/a> k\u00e4ytt\u00e4j\u00e4ksi<\/li>\n<li>Otat meihin yhteytt\u00e4 puhelimitse, s\u00e4hk\u00f6postitse tai online-keskustelussa<\/li>\n<li>Ostat tuotteen osamaksulla ja solmit leasingsopimuksen<\/li>\n<li>Selaat verkkosivustoa <a href=\"https:\/\/mindreksmetall.ee\/fi\/\">mindreksmetall.ee<\/a><\/li>\n<li>Annat henkil\u00f6tietoja toisesta henkil\u00f6st\u00e4, joka vastaanottaa tuotteen<\/li>\n<li>Suoritat maksuja k\u00e4ytt\u00e4m\u00e4ll\u00e4 verkkopankkia tai muuta s\u00e4hk\u00f6ist\u00e4 maksutapaa<\/li>\n<li>Kommentoit, tykk\u00e4\u00e4t tai jaat julkaisumme sosiaalisen median tilill\u00e4mme<\/li>\n<li>Tilaat uutiskirjeemme<\/li>\n<li>Kommentoit verkkosivustollamme olevia julkaisuja<\/li>\n<\/ul>\n<h3>Ker\u00e4tt\u00e4v\u00e4t tietotyypit<\/h3>\n<h4>Henkil\u00f6tiedot<\/h4>\n<p>Pyyd\u00e4mme sinulta henkil\u00f6tietoja vain, jos se on tarpeen palvelun tarjoamiseksi. Ottamalla meihin yhteytt\u00e4 tai vierailemalla verkkosivustollamme saatat antaa meille seuraavia tietoja:<\/p>\n<ul>\n<li>Etu- ja sukunimi<\/li>\n<li>S\u00e4hk\u00f6postiosoite<\/li>\n<li>Postiosoite, maa, maakunta, kaupunki<\/li>\n<li>Puhelinnumero<\/li>\n<li>Ostohistoriasi ja toimintasi verkkokaupassamme<\/li>\n<li>Keskusteluhistoriamme<\/li>\n<li>Tiedot verkkoselaimestasi ja IP-osoitteestasi<\/li>\n<\/ul>\n<h4>Lokitiedostot<\/h4>\n<p>Verkkosivustomme <a href=\"https:\/\/mindreksmetall.ee\/fi\/\">mindreksmetall.ee<\/a> tallentaa vierailijoistaan lokitiedostoja. Ker\u00e4tt\u00e4viin tietoihin voivat kuulua:<\/p>\n<ul>\n<li>K\u00e4ytett\u00e4v\u00e4n laitteen tyyppi<\/li>\n<li>Internet-protokollan (IP) osoite<\/li>\n<li>Selaintyyppi<\/li>\n<li>Internet-palveluntarjoaja (ISP)<\/li>\n<li>Verkkosivustolla vierailemisen p\u00e4iv\u00e4m\u00e4\u00e4r\u00e4 ja kellonaika<\/li>\n<li>Napsautusten m\u00e4\u00e4r\u00e4 verkkosivuston tulo- ja poistumissivulla<\/li>\n<\/ul>\n<p>Lokitiedostoissa olevaa tietoa k\u00e4ytet\u00e4\u00e4n trendien analysoimiseen, verkkosivuston hallinnointiin, verkkosivuston vierailijoiden toiminnan seuraamiseen ja demografisen tiedon ker\u00e4\u00e4miseen. Saatua tietoa ei ole tarkoitettu henkil\u00f6n tunnistamiseen eik\u00e4 se mahdollista sit\u00e4.<\/p>\n<h4>Ev\u00e4steet<\/h4>\n<p>Kuten useimmat verkkosivustot, my\u00f6s <a href=\"https:\/\/mindreksmetall.ee\/fi\/\">mindreksmetall.ee<\/a> k\u00e4ytt\u00e4\u00e4 ev\u00e4steit\u00e4. Ev\u00e4ste on tekstitiedosto, joka tallennetaan k\u00e4ytt\u00e4j\u00e4n laitteeseen t\u00e4m\u00e4n vieraillessa verkkosivustolla. Ev\u00e4steiden avulla m\u00e4\u00e4ritet\u00e4\u00e4n ja tallennetaan mieltymykset, alueelliset asetukset, palveluiden k\u00e4ytt\u00f6vaihtoehdot jne.<\/p>\n<p>Halutessasi voit kielt\u00e4\u00e4 ev\u00e4steiden k\u00e4yt\u00f6n selaimen asetuksissa, mutta siin\u00e4 tapauksessa on mahdollista, ett\u00e4 sinulle tarjottavassa palvelussa esiintyy h\u00e4iri\u00f6it\u00e4.<\/p>\n<p>Ev\u00e4steet jaetaan pysyviin ev\u00e4steisiin ja istuntoev\u00e4steisiin. Pysyv\u00e4t ev\u00e4steet s\u00e4ilyv\u00e4t henkil\u00f6kohtaisella tietokoneellasi tai mobiililaitteellasi my\u00f6s sen j\u00e4lkeen, kun olet sulkenut selaimen tai tietokoneen. Istuntoev\u00e4steet puolestaan poistetaan heti selaimen sulkemisen j\u00e4lkeen.<\/p>\n<p>Ev\u00e4steet jaetaan k\u00e4ytt\u00f6tarkoituksensa mukaan:<\/p>\n<p><b>V\u00e4ltt\u00e4m\u00e4tt\u00f6miin ev\u00e4steisiin.<\/b> Istuntoev\u00e4steet, joiden tarkoituksena on mahdollistaa sinulle verkkosivustollamme tarjottavien palveluiden k\u00e4ytt\u00f6. Kyseiset ev\u00e4steet auttavat todentamaan k\u00e4ytt\u00e4ji\u00e4 ja ehk\u00e4isem\u00e4\u00e4n k\u00e4ytt\u00e4j\u00e4tilien v\u00e4\u00e4rink\u00e4ytt\u00f6\u00e4. Ilman kyseisi\u00e4 ev\u00e4steit\u00e4 emme voi tarjota sinulle haluamiasi palveluita.<\/p>\n<p><b>Ilmoitusev\u00e4steisiin.<\/b> N\u00e4m\u00e4 ev\u00e4steet tunnistavat, ovatko k\u00e4ytt\u00e4j\u00e4t hyv\u00e4ksyneet verkkosivustolla ev\u00e4steiden k\u00e4yt\u00f6n.<\/p>\n<p><b>Toiminnallisiin ev\u00e4steisiin.<\/b> N\u00e4iden ev\u00e4steiden ansiosta selaimesi voi muistaa valinnat, joita teet verkkosivustoa k\u00e4ytt\u00e4ess\u00e4si, esimerkiksi sis\u00e4\u00e4nkirjautumistietojesi tai kielivalinnan tallentaminen. Kyseisten ev\u00e4steiden tarkoituksena on tarjota sinulle yksil\u00f6llisempi kokemus ja v\u00e4ltt\u00e4\u00e4 valintojen sy\u00f6tt\u00e4minen uudelleen.<\/p>\n<h3>Miten k\u00e4yt\u00e4mme tietoja?<\/h3>\n<p>Voimme k\u00e4ytt\u00e4\u00e4 ker\u00e4ttyj\u00e4 tietoja erilaisiin tarkoituksiin, kuten:<\/p>\n<ul>\n<li>Verkkosivustomme huoltamiseen, hallinnointiin, kehitt\u00e4miseen, yksil\u00f6imiseen ja laajentamiseen;<\/li>\n<li>tilastojen ker\u00e4\u00e4miseen, jotta voisimme tarjota parempia palveluita ja\/tai tarjouksia ja ymm\u00e4rt\u00e4\u00e4 ja analysoida verkkosivustomme vierailijoiden k\u00e4ytt\u00e4ytymist\u00e4;<\/li>\n<li>tunnistaaksemme sinut puhelimitse, tekstiviestill\u00e4 tai s\u00e4hk\u00f6postitse;<\/li>\n<li>l\u00e4hett\u00e4\u00e4ksemme sinulle tietoa ja pyyt\u00e4\u00e4ksemme palautetta palveluistamme;<\/li>\n<li>petosten ehk\u00e4isemiseen ja verkkosivustomme suojelemiseen;<\/li>\n<li>jotta voimme olla yhteydess\u00e4 sinuun sosiaalisen median tilin kautta;<\/li>\n<li>keskusteluhistorian lukemisen mahdollistamiseksi ja asianmukaisten neuvojen antamisen nopeuttamiseksi;<\/li>\n<li>parantaaksemme palvelumme laatua ja tarjotaksemme tehokkaampia selausratkaisuja;<\/li>\n<li>kehitt\u00e4\u00e4ksemme uusia tuotteita ja palveluita tai parantaaksemme niiden toimivuutta;<\/li>\n<li>tuotteiden l\u00e4hett\u00e4mist\u00e4\/toimittamista, tilausten k\u00e4sittely\u00e4, laskujen laatimista, pankkilinkin kautta tilaamista ja tilauksesi vahvistamista tai rahan palauttamista varten;<\/li>\n<li>edelliset tilauksesi huomioon ottaen sinua mahdollisesti kiinnostavien tuotteiden ja palveluiden tarjoamiseksi;<\/li>\n<li>helpottaaksemme ja nopeuttaaksemme vuorovaikutusta, kun otat meihin yhteytt\u00e4;<\/li>\n<li>muihin tarkoituksiin, esim. tietojen analysoimiseen, trendien tutkimiseen, mainoskampanjoidemme tehokkuuden arvioimiseen.<\/li>\n<\/ul>\n<h3>Miss\u00e4 tapauksissa voimme jakaa tietojasi?<\/h3>\n<ul>\n<li>Voimme jakaa tai v\u00e4litt\u00e4\u00e4 henkil\u00f6tietojasi yrityksemme omistajanvaihdoksen, yhdistymisen, omaisuuden myynnin, rahoittamisen tai hankinnan yhteydess\u00e4. Ilmoitamme sinulle henkil\u00f6tietojesi luovuttamisesta ja siit\u00e4, jos niihin aletaan soveltaa jonkin muun tietosuojak\u00e4yt\u00e4nn\u00f6n m\u00e4\u00e4r\u00e4yksi\u00e4.<\/li>\n<li>Voimme jakaa tietojasi kumppaniyritystemme kanssa vaatimalla heilt\u00e4 t\u00e4m\u00e4n tietosuojak\u00e4yt\u00e4nn\u00f6n noudattamista. Kumppaniyrityksi\u00e4mme ovat emo- ja tyt\u00e4ryhti\u00f6mme, yhteisyrityskumppanit ja yritykset, jotka kuuluvat meille.<\/li>\n<li>Voimme jakaa tietojasi liikekumppaneidemme kanssa tarjotaksemme sinulle tiettyj\u00e4 tuotteita, palveluita tai kampanjoita.<\/li>\n<li>Suostumuksellasi voimme luovuttaa henkil\u00f6tietojasi mihin tahansa muuhun tarkoitukseen.<\/li>\n<li>Olemme velvollisia luovuttamaan henkil\u00f6tietojasi lain niin vaatiessa. Saatamme my\u00f6s luovuttaa tietojasi vilpitt\u00f6m\u00e4sti noudattaaksemme lakis\u00e4\u00e4teist\u00e4 velvoitetta, suojellaksemme oikeuksiamme tai omaisuuttamme, est\u00e4\u00e4ksemme tai havaitaksemme mahdollisia palvelumme k\u00e4ytt\u00f6\u00f6n liittyvi\u00e4 rikkomuksia ja varmistaaksemme palvelun k\u00e4ytt\u00e4jien turvallisuuden.<\/li>\n<\/ul>\n<h3>Henkil\u00f6tietojesi s\u00e4ilytt\u00e4minen<\/h3>\n<p>Yritys s\u00e4ilytt\u00e4\u00e4 henkil\u00f6tietojasi vain niin kauan kuin on tarpeen t\u00e4ss\u00e4 tietosuojak\u00e4yt\u00e4nn\u00f6ss\u00e4 m\u00e4\u00e4riteltyihin tarkoituksiin. S\u00e4ilyt\u00e4mme ja k\u00e4yt\u00e4mme henkil\u00f6tietojasi siin\u00e4 m\u00e4\u00e4rin kuin se on tarpeen lakis\u00e4\u00e4teisten velvollisuuksiemme noudattamiseksi (jos meid\u00e4n on esimerkiksi s\u00e4ilytett\u00e4v\u00e4 tietojasi sovellettavien lakien noudattamiseksi), riitojen ratkaisemiseksi ja oikeudellisten sopimuksiemme ja s\u00e4\u00e4nt\u00f6jemme noudattamiseksi.<\/p>\n<p>Yritys s\u00e4ilytt\u00e4\u00e4 lokitiedostoja my\u00f6s sis\u00e4ist\u00e4 analysointia varten. Lokitiedostoja s\u00e4ilytet\u00e4\u00e4n yleens\u00e4 v\u00e4hemm\u00e4n aikaa, ellei kyseisi\u00e4 tietoja k\u00e4ytet\u00e4 turvallisuuden vahvistamiseen tai palvelumme toimivuuden parantamiseen, tai laki velvoittaa meid\u00e4t s\u00e4ilytt\u00e4m\u00e4\u00e4n kyseisi\u00e4 tietoja pidemp\u00e4\u00e4n.<\/p>\n<h3>Lasten tietojen k\u00e4sittely<\/h3>\n<p>Mit\u00e4\u00e4n tuotteistamme tai palveluistamme ei ole suunnattu alle 13-vuotiaille lapsille emmek\u00e4 ker\u00e4\u00e4 tietoisesti alle 13-vuotiaiden lasten tietoja. Jos ep\u00e4ilemme k\u00e4sittelev\u00e4mme alle 13-vuotiaan henkil\u00f6n tietoja, poistamme kyseisen henkil\u00f6n kaikista tietokannoistamme.<\/p>\n<h2>Oikeutesi tietojesi suojaamiseen<\/h2>\n<p>Sinulla on aina oikeus olla antamatta tietojasi meille tiet\u00e4en, ett\u00e4 se voi vaikuttaa verkkosivustomme k\u00e4ytt\u00f6kokemukseesi. Jos p\u00e4\u00e4t\u00e4t olla luovuttamatta tietojasi meille, emme kohtele sinua sen vuoksi huonommin. Jos annat meille henkil\u00f6kohtaisia tietoja, ymm\u00e4rr\u00e4t, ett\u00e4 ker\u00e4\u00e4mme, s\u00e4ilyt\u00e4mme, k\u00e4yt\u00e4mme ja julkaisemme niit\u00e4 t\u00e4m\u00e4n tietosuojak\u00e4yt\u00e4nn\u00f6n mukaisesti. Sinulla on oikeus pyyt\u00e4\u00e4 tarkempia tietoja sinusta ker\u00e4tyist\u00e4 tiedoista.<\/p>\n<p>Jos saamme henkil\u00f6tietojasi kolmannelta osapuolelta, suojaamme niit\u00e4 t\u00e4m\u00e4n tietosuojak\u00e4yt\u00e4nn\u00f6n ja Viron tasavallan lain mukaisesti. Jos annat itse kolmannen osapuolen tietoja, vahvistat, ett\u00e4 sinulla on siihen  oikeus ja lupa.<\/p>\n<p>Vaikka olisit aiemmin antanut suostumuksesi henkil\u00f6tietojesi jakamiseen markkinointitarkoituksissa, sinulla on oikeus muuttaa mielt\u00e4si milloin tahansa. Sinulla on aina oikeus kielt\u00e4yty\u00e4 yhteydenpidosta kanssamme ja pyyt\u00e4\u00e4 tietojesi poistamista tietokannoistamme. Saatamme my\u00f6s ajoittain pyyt\u00e4\u00e4 sinua koskevia tietoja henkil\u00f6llisyytesi vahvistamiseksi. Jos sinusta ker\u00e4\u00e4m\u00e4mme tiedot ovat mielest\u00e4si ep\u00e4tarkkoja, vanhentuneita, puutteellisia, merkityksett\u00f6mi\u00e4 tai harhaanjohtavia, ota meihin yhteytt\u00e4 s\u00e4hk\u00f6postitse <a href=\"m&#97;&#x69;&#x6c;t&#111;&#x3a;&#x69;n&#102;&#x6f;&#x40;m&#105;&#x6e;&#x64;r&#101;&#x6b;&#x73;&#46;&#101;&#101;\">&#105;&#x6e;&#102;&#x6f;&#64;&#x6d;&#105;&#x6e;d&#x72;e&#x6b;s&#x2e;e&#101;<\/a> tai puhelimitse: +372 55539161. Teemme parhaamme korjataksemme ep\u00e4tarkat, puutteelliset, harhaanjohtavat tai vanhentuneet tiedot.<\/p>\n<p>Jos olemme mielest\u00e4si rikkoneet asiaankuuluvaa tietosuojalakia ja haluat tehd\u00e4 valituksen, ota meihin yhteytt\u00e4 k\u00e4ytt\u00e4m\u00e4ll\u00e4 t\u00e4ss\u00e4 asiakirjassa olevia yhteystietoja ja kerro meille kaikki rikkomukseen liittyv\u00e4t yksityiskohdat. Tutkimme valituksesi v\u00e4litt\u00f6m\u00e4sti ja vastaamme sinulle kirjallisesti ilmoittaen tutkimustulokset ja toimenpiteet, jotka suoritamme ratkaistaaksemme valituksesi. Sinulla on my\u00f6s oikeus ottaa yhteytt\u00e4 s\u00e4\u00e4ntely- tai tietosuojaviranomaiseen.<\/p>\n<h2>GDPR-tietosuojaoikeudet<\/h2>\n<p>Haluamme varmistaa, ett\u00e4 olet tietoinen kaikista tietosuojaoikeuksistasi. Jokaisella verkkosivuston k\u00e4ytt\u00e4j\u00e4ll\u00e4 on oikeus seuraaviin ehtoihin:<\/p>\n<ul>\n<li>K\u00e4ytt\u00f6oikeus \u2013 sinulla on oikeus pyyt\u00e4\u00e4 kopioita henkil\u00f6tiedoistasi.<\/li>\n<li>Oikeus korjata tietoja \u2013 sinulla on oikeus pyyt\u00e4\u00e4, ett\u00e4 korjaamme mielest\u00e4si ep\u00e4tarkat tiedot. Sinulla on my\u00f6s oikeus pyyt\u00e4\u00e4 meit\u00e4 t\u00e4ydent\u00e4m\u00e4\u00e4n tietoja, jotka ovat mielest\u00e4si puutteellisia.<\/li>\n<li>Poistamisoikeus \u2013 sinulla on tietyin edellytyksin oikeus pyyt\u00e4\u00e4 henkil\u00f6tietojesi poistamista.<\/li>\n<li>Tietojenk\u00e4sittelyn rajoittamisoikeus \u2013 sinulla on tietyin edellytyksin oikeus pyyt\u00e4\u00e4 henkil\u00f6tietojesi k\u00e4yt\u00f6n rajoittamista.<\/li>\n<li>Oikeus vastustaa henkil\u00f6tietojen k\u00e4ytt\u00f6\u00e4 \u2013 sinulla on tietyin edellytyksin oikeus vastustaa henkil\u00f6tietojesi k\u00e4ytt\u00f6\u00e4.<\/li>\n<li>Oikeus tietojen siirrett\u00e4vyyteen \u2013 sinulla on tietyin edellytyksin oikeus pyyt\u00e4\u00e4, ett\u00e4 v\u00e4lit\u00e4mme ker\u00e4tyt tiedot kolmannelle osapuolelle tai suoraan sinulle.<\/li>\n<\/ul>\n<h2>Tietojesi turvallisuus<\/h2>\n<p>Henkil\u00f6tietojesi turvallisuus on meille t\u00e4rke\u00e4\u00e4, mutta muista, ettei mik\u00e4\u00e4n tiedonsiirtotapa Internetiss\u00e4 tai s\u00e4hk\u00f6inen tallennustapa ole 100 % turvallinen. Vaikka teemme parhaamme suojellaksemme tietojasi, emme voi taata niiden t\u00e4ydellist\u00e4 turvallisuutta.<\/p>\n<p>Mindreks Metall O\u00dc ryhtyy kaikkiin kohtuullisesti tarvittaviin toimiin varmistaakseen, ett\u00e4 tietojasi k\u00e4sitell\u00e4\u00e4n turvallisesti ja t\u00e4m\u00e4n tietosuojak\u00e4yt\u00e4nn\u00f6n sek\u00e4 Viron tasavallan lain mukaisesti. Tietojasi ei siirret\u00e4 yhteenk\u00e4\u00e4n organisaatioon tai maahan, ellei siihen ole painavaa syyt\u00e4 ja tietojesi turvallisuus taataan.<\/p>\n<h2>Viittaukset muihin verkkosivustoihin<\/h2>\n<p>Saatat l\u00f6yt\u00e4\u00e4 verkkosivustoltamme linkkej\u00e4 muille verkkosivustoille, jotka eiv\u00e4t kuulu meille. Jos napsautat kolmannen osapuolen linkki\u00e4, sinut ohjataan kyseisen kolmannen osapuolen sivustolle. Suosittelemme tutustumaan jokaisen vierailemasi sivuston tietosuojak\u00e4yt\u00e4nt\u00f6\u00f6n.<\/p>\n<p>Emme hallitse kolmansien osapuolten verkkosivustoja emmek\u00e4 vastaa niiden sis\u00e4ll\u00f6st\u00e4, tietosuojak\u00e4yt\u00e4nn\u00f6st\u00e4, tarjottavista palveluista tai muusta.<\/p>\n<h2>Tietosuojak\u00e4yt\u00e4nn\u00f6n p\u00e4ivitykset<\/h2>\n<p>Meill\u00e4 on tarvittaessa oikeus tehd\u00e4 muutoksia t\u00e4h\u00e4n tietosuojak\u00e4yt\u00e4nn\u00f6n asiakirjaan. Tietosuojak\u00e4yt\u00e4nn\u00f6n p\u00e4ivityksen j\u00e4lkeen muutamme sen alaosassa olevaa asiakirjan p\u00e4ivitysp\u00e4iv\u00e4m\u00e4\u00e4r\u00e4\u00e4. Jos vierailet ja k\u00e4yt\u00e4t verkkosivustoamme my\u00f6s tietosuojak\u00e4yt\u00e4nn\u00f6n p\u00e4ivitt\u00e4misen j\u00e4lkeen, k\u00e4sittelemme sit\u00e4 hiljaisena suostumuksenasi muutoksiin.<\/p>\n<p>P\u00e4ivitetty viimeksi 15\/07\/2022<\/p>\n\n\t\t\t\t\t\t\t\t<\/div>\n\t\t\t\t<\/div>\n\t\t\t\t\t<\/div>\n\t\t<\/div>\n\t\t\t\t\t<\/div>\n\t\t<\/section>\n\t\t\t\t<\/div>\n\t\t","protected":false},"excerpt":{"rendered":"<p>Mindreks Metall O\u00dc:lle on t\u00e4rke\u00e4\u00e4 kunnioittaa yksityisyytt\u00e4si ja noudattaa kaikkia voimassa olevia lakeja ja m\u00e4\u00e4r\u00e4yksi\u00e4, jotka koskevat henkil\u00f6tietoja, joita voimme<\/p>\n","protected":false},"author":4,"featured_media":0,"parent":0,"menu_order":0,"comment_status":"closed","ping_status":"closed","template":"elementor_header_footer","meta":{"_acf_changed":false,"footnotes":""},"class_list":["post-15183","page","type-page","status-publish","hentry"],"acf":[],"yoast_head":"<!-- This site is optimized with the Yoast SEO plugin v27.4 - https:\/\/yoast.com\/product\/yoast-seo-wordpress\/ -->\n<title>Tietosuojak\u00e4yt\u00e4nt\u00f6 - Mindreks Metall<\/title>\n<meta name=\"robots\" content=\"index, follow, max-snippet:-1, max-image-preview:large, max-video-preview:-1\" \/>\n<link rel=\"canonical\" href=\"https:\/\/mindreksmetall.ee\/privaatsuspoliitika\/\" \/>\n<meta property=\"og:locale\" content=\"fi_FI\" \/>\n<meta property=\"og:type\" content=\"article\" \/>\n<meta property=\"og:title\" content=\"Tietosuojak\u00e4yt\u00e4nt\u00f6 - Mindreks Metall\" \/>\n<meta property=\"og:description\" content=\"Mindreks Metall O\u00dc:lle on t\u00e4rke\u00e4\u00e4 kunnioittaa yksityisyytt\u00e4si ja noudattaa kaikkia voimassa olevia lakeja ja m\u00e4\u00e4r\u00e4yksi\u00e4, jotka koskevat henkil\u00f6tietoja, joita voimme\" \/>\n<meta property=\"og:url\" content=\"https:\/\/mindreksmetall.ee\/privaatsuspoliitika\/\" \/>\n<meta property=\"og:site_name\" content=\"Mindreks Metall\" \/>\n<meta property=\"article:publisher\" content=\"https:\/\/m.facebook.com\/soojapood?_rdr\" \/>\n<meta property=\"article:modified_time\" content=\"2025-07-10T06:07:47+00:00\" \/>\n<meta name=\"twitter:card\" content=\"summary_large_image\" \/>\n<meta name=\"twitter:label1\" content=\"Arvioitu lukuaika\" \/>\n\t<meta name=\"twitter:data1\" content=\"8 minuuttia\" \/>\n<script type=\"application\/ld+json\" class=\"yoast-schema-graph\">{\"@context\":\"https:\\\/\\\/schema.org\",\"@graph\":[{\"@type\":\"WebPage\",\"@id\":\"https:\\\/\\\/mindreksmetall.ee\\\/privaatsuspoliitika\\\/\",\"url\":\"https:\\\/\\\/mindreksmetall.ee\\\/privaatsuspoliitika\\\/\",\"name\":\"Tietosuojak\u00e4yt\u00e4nt\u00f6 - Mindreks Metall\",\"isPartOf\":{\"@id\":\"https:\\\/\\\/mindreksmetall.ee\\\/#website\"},\"datePublished\":\"2022-05-18T11:16:50+00:00\",\"dateModified\":\"2025-07-10T06:07:47+00:00\",\"breadcrumb\":{\"@id\":\"https:\\\/\\\/mindreksmetall.ee\\\/privaatsuspoliitika\\\/#breadcrumb\"},\"inLanguage\":\"fi\",\"potentialAction\":[{\"@type\":\"ReadAction\",\"target\":[\"https:\\\/\\\/mindreksmetall.ee\\\/privaatsuspoliitika\\\/\"]}]},{\"@type\":\"BreadcrumbList\",\"@id\":\"https:\\\/\\\/mindreksmetall.ee\\\/privaatsuspoliitika\\\/#breadcrumb\",\"itemListElement\":[{\"@type\":\"ListItem\",\"position\":1,\"name\":\"Home\",\"item\":\"https:\\\/\\\/mindreksmetall.ee\\\/\"},{\"@type\":\"ListItem\",\"position\":2,\"name\":\"Tietosuojak\u00e4yt\u00e4nt\u00f6\"}]},{\"@type\":\"WebSite\",\"@id\":\"https:\\\/\\\/mindreksmetall.ee\\\/#website\",\"url\":\"https:\\\/\\\/mindreksmetall.ee\\\/\",\"name\":\"Mindreks Metall\",\"description\":\"Metallit\u00f6\u00f6d, akumulatsioonipaagid\",\"publisher\":{\"@id\":\"https:\\\/\\\/mindreksmetall.ee\\\/#organization\"},\"potentialAction\":[{\"@type\":\"SearchAction\",\"target\":{\"@type\":\"EntryPoint\",\"urlTemplate\":\"https:\\\/\\\/mindreksmetall.ee\\\/?s={search_term_string}\"},\"query-input\":{\"@type\":\"PropertyValueSpecification\",\"valueRequired\":true,\"valueName\":\"search_term_string\"}}],\"inLanguage\":\"fi\"},{\"@type\":\"Organization\",\"@id\":\"https:\\\/\\\/mindreksmetall.ee\\\/#organization\",\"name\":\"Mindreks Metall\",\"url\":\"https:\\\/\\\/mindreksmetall.ee\\\/\",\"logo\":{\"@type\":\"ImageObject\",\"inLanguage\":\"fi\",\"@id\":\"https:\\\/\\\/mindreksmetall.ee\\\/#\\\/schema\\\/logo\\\/image\\\/\",\"url\":\"https:\\\/\\\/soojapood.ee\\\/wp-content\\\/uploads\\\/2022\\\/06\\\/soojapood_logo-01-1-1.png\",\"contentUrl\":\"https:\\\/\\\/soojapood.ee\\\/wp-content\\\/uploads\\\/2022\\\/06\\\/soojapood_logo-01-1-1.png\",\"width\":596,\"height\":133,\"caption\":\"Mindreks Metall\"},\"image\":{\"@id\":\"https:\\\/\\\/mindreksmetall.ee\\\/#\\\/schema\\\/logo\\\/image\\\/\"},\"sameAs\":[\"https:\\\/\\\/m.facebook.com\\\/soojapood?_rdr\"]}]}<\/script>\n<!-- \/ Yoast SEO plugin. -->","yoast_head_json":{"title":"Tietosuojak\u00e4yt\u00e4nt\u00f6 - Mindreks Metall","robots":{"index":"index","follow":"follow","max-snippet":"max-snippet:-1","max-image-preview":"max-image-preview:large","max-video-preview":"max-video-preview:-1"},"canonical":"https:\/\/mindreksmetall.ee\/privaatsuspoliitika\/","og_locale":"fi_FI","og_type":"article","og_title":"Tietosuojak\u00e4yt\u00e4nt\u00f6 - Mindreks Metall","og_description":"Mindreks Metall O\u00dc:lle on t\u00e4rke\u00e4\u00e4 kunnioittaa yksityisyytt\u00e4si ja noudattaa kaikkia voimassa olevia lakeja ja m\u00e4\u00e4r\u00e4yksi\u00e4, jotka koskevat henkil\u00f6tietoja, joita voimme","og_url":"https:\/\/mindreksmetall.ee\/privaatsuspoliitika\/","og_site_name":"Mindreks Metall","article_publisher":"https:\/\/m.facebook.com\/soojapood?_rdr","article_modified_time":"2025-07-10T06:07:47+00:00","twitter_card":"summary_large_image","twitter_misc":{"Arvioitu lukuaika":"8 minuuttia"},"schema":{"@context":"https:\/\/schema.org","@graph":[{"@type":"WebPage","@id":"https:\/\/mindreksmetall.ee\/privaatsuspoliitika\/","url":"https:\/\/mindreksmetall.ee\/privaatsuspoliitika\/","name":"Tietosuojak\u00e4yt\u00e4nt\u00f6 - Mindreks Metall","isPartOf":{"@id":"https:\/\/mindreksmetall.ee\/#website"},"datePublished":"2022-05-18T11:16:50+00:00","dateModified":"2025-07-10T06:07:47+00:00","breadcrumb":{"@id":"https:\/\/mindreksmetall.ee\/privaatsuspoliitika\/#breadcrumb"},"inLanguage":"fi","potentialAction":[{"@type":"ReadAction","target":["https:\/\/mindreksmetall.ee\/privaatsuspoliitika\/"]}]},{"@type":"BreadcrumbList","@id":"https:\/\/mindreksmetall.ee\/privaatsuspoliitika\/#breadcrumb","itemListElement":[{"@type":"ListItem","position":1,"name":"Home","item":"https:\/\/mindreksmetall.ee\/"},{"@type":"ListItem","position":2,"name":"Tietosuojak\u00e4yt\u00e4nt\u00f6"}]},{"@type":"WebSite","@id":"https:\/\/mindreksmetall.ee\/#website","url":"https:\/\/mindreksmetall.ee\/","name":"Mindreks Metall","description":"Metallit\u00f6\u00f6d, akumulatsioonipaagid","publisher":{"@id":"https:\/\/mindreksmetall.ee\/#organization"},"potentialAction":[{"@type":"SearchAction","target":{"@type":"EntryPoint","urlTemplate":"https:\/\/mindreksmetall.ee\/?s={search_term_string}"},"query-input":{"@type":"PropertyValueSpecification","valueRequired":true,"valueName":"search_term_string"}}],"inLanguage":"fi"},{"@type":"Organization","@id":"https:\/\/mindreksmetall.ee\/#organization","name":"Mindreks Metall","url":"https:\/\/mindreksmetall.ee\/","logo":{"@type":"ImageObject","inLanguage":"fi","@id":"https:\/\/mindreksmetall.ee\/#\/schema\/logo\/image\/","url":"https:\/\/soojapood.ee\/wp-content\/uploads\/2022\/06\/soojapood_logo-01-1-1.png","contentUrl":"https:\/\/soojapood.ee\/wp-content\/uploads\/2022\/06\/soojapood_logo-01-1-1.png","width":596,"height":133,"caption":"Mindreks Metall"},"image":{"@id":"https:\/\/mindreksmetall.ee\/#\/schema\/logo\/image\/"},"sameAs":["https:\/\/m.facebook.com\/soojapood?_rdr"]}]}},"_links":{"self":[{"href":"https:\/\/mindreksmetall.ee\/fi\/wp-json\/wp\/v2\/pages\/15183","targetHints":{"allow":["GET"]}}],"collection":[{"href":"https:\/\/mindreksmetall.ee\/fi\/wp-json\/wp\/v2\/pages"}],"about":[{"href":"https:\/\/mindreksmetall.ee\/fi\/wp-json\/wp\/v2\/types\/page"}],"author":[{"embeddable":true,"href":"https:\/\/mindreksmetall.ee\/fi\/wp-json\/wp\/v2\/users\/4"}],"replies":[{"embeddable":true,"href":"https:\/\/mindreksmetall.ee\/fi\/wp-json\/wp\/v2\/comments?post=15183"}],"version-history":[{"count":101,"href":"https:\/\/mindreksmetall.ee\/fi\/wp-json\/wp\/v2\/pages\/15183\/revisions"}],"predecessor-version":[{"id":16404,"href":"https:\/\/mindreksmetall.ee\/fi\/wp-json\/wp\/v2\/pages\/15183\/revisions\/16404"}],"wp:attachment":[{"href":"https:\/\/mindreksmetall.ee\/fi\/wp-json\/wp\/v2\/media?parent=15183"}],"curies":[{"name":"wp","href":"https:\/\/api.w.org\/{rel}","templated":true}]}}