{"id":14336,"date":"2022-07-06T10:08:31","date_gmt":"2022-07-06T10:08:31","guid":{"rendered":"https:\/\/mindreksmetall.ee\/toode\/sailio-400-l\/"},"modified":"2025-07-10T09:05:50","modified_gmt":"2025-07-10T06:05:50","slug":"varaaja-400-l","status":"publish","type":"product","link":"https:\/\/mindreksmetall.ee\/fi\/toode\/varaaja-400-l\/","title":{"rendered":"Varaaja 400 L"},"content":{"rendered":"<p>K\u00e4ytt\u00f6paine 3 Bar<\/p>\n<p>Laadukkaat varaajat suoraan valmistajalta. Nykyaikainen plasmaleikkaus, robottihitsaus ja laadunvalvonta takaavat erinomaisen lopputuloksen ja asiakasyst\u00e4v\u00e4llisen hinnan. Hinnastossa vakiotuotteet, joista enint\u00e4\u00e4n 2500 l varaajat ovat jatkuvasti varastossa. Valmistamme varaajia my\u00f6s asiakkaan toivomien mittojen mukaan. Varaaja on mahdollista tilata 3-osaisena paikan p\u00e4\u00e4ll\u00e4 hitsattavaksi.  <\/p>\n","protected":false},"excerpt":{"rendered":"<p>3 mm, halkaisija 550 mm, korkeus 1760 mm, paino 75 kg<\/p>\n","protected":false},"featured_media":14311,"template":"","meta":{"_acf_changed":false},"product_brand":[],"product_cat":[243,242],"product_tag":[],"class_list":{"0":"post-14336","1":"product","2":"type-product","3":"status-publish","4":"has-post-thumbnail","6":"product_cat-eristamattomat-kerayssailiot","7":"product_cat-varastosailiot","9":"first","10":"instock","11":"taxable","12":"shipping-taxable","13":"purchasable","14":"product-type-simple"},"acf":[],"yoast_head":"<!-- This site is optimized with the Yoast SEO plugin v27.4 - https:\/\/yoast.com\/product\/yoast-seo-wordpress\/ -->\n<title>Varaaja 400 L - Mindreks Metall<\/title>\n<meta name=\"robots\" content=\"index, follow, max-snippet:-1, max-image-preview:large, max-video-preview:-1\" \/>\n<link rel=\"canonical\" href=\"https:\/\/mindreksmetall.ee\/fi\/toode\/varaaja-400-l\/\" \/>\n<meta property=\"og:locale\" content=\"fi_FI\" \/>\n<meta property=\"og:type\" content=\"article\" \/>\n<meta property=\"og:title\" content=\"Varaaja 400 L - Mindreks Metall\" \/>\n<meta property=\"og:description\" content=\"3 mm, halkaisija 550 mm, korkeus 1760 mm, paino 75 kg\" \/>\n<meta property=\"og:url\" content=\"https:\/\/mindreksmetall.ee\/fi\/toode\/varaaja-400-l\/\" \/>\n<meta property=\"og:site_name\" content=\"Mindreks Metall\" \/>\n<meta property=\"article:publisher\" content=\"https:\/\/m.facebook.com\/soojapood?_rdr\" \/>\n<meta property=\"article:modified_time\" content=\"2025-07-10T06:05:50+00:00\" \/>\n<meta property=\"og:image\" content=\"https:\/\/mindreksmetall.ee\/wp-content\/uploads\/2022\/07\/0001_mindreks.jpeg\" \/>\n\t<meta property=\"og:image:width\" content=\"300\" \/>\n\t<meta property=\"og:image:height\" content=\"300\" \/>\n\t<meta property=\"og:image:type\" content=\"image\/jpeg\" \/>\n<meta name=\"twitter:card\" content=\"summary_large_image\" \/>\n<script type=\"application\/ld+json\" class=\"yoast-schema-graph\">{\"@context\":\"https:\\\/\\\/schema.org\",\"@graph\":[{\"@type\":\"WebPage\",\"@id\":\"https:\\\/\\\/mindreksmetall.ee\\\/fi\\\/toode\\\/varaaja-400-l\\\/\",\"url\":\"https:\\\/\\\/mindreksmetall.ee\\\/fi\\\/toode\\\/varaaja-400-l\\\/\",\"name\":\"Varaaja 400 L - Mindreks Metall\",\"isPartOf\":{\"@id\":\"https:\\\/\\\/mindreksmetall.ee\\\/#website\"},\"primaryImageOfPage\":{\"@id\":\"https:\\\/\\\/mindreksmetall.ee\\\/fi\\\/toode\\\/varaaja-400-l\\\/#primaryimage\"},\"image\":{\"@id\":\"https:\\\/\\\/mindreksmetall.ee\\\/fi\\\/toode\\\/varaaja-400-l\\\/#primaryimage\"},\"thumbnailUrl\":\"https:\\\/\\\/mindreksmetall.ee\\\/wp-content\\\/uploads\\\/2022\\\/07\\\/0001_mindreks.jpeg\",\"datePublished\":\"2022-07-06T10:08:31+00:00\",\"dateModified\":\"2025-07-10T06:05:50+00:00\",\"breadcrumb\":{\"@id\":\"https:\\\/\\\/mindreksmetall.ee\\\/fi\\\/toode\\\/varaaja-400-l\\\/#breadcrumb\"},\"inLanguage\":\"fi\",\"potentialAction\":[{\"@type\":\"ReadAction\",\"target\":[\"https:\\\/\\\/mindreksmetall.ee\\\/fi\\\/toode\\\/varaaja-400-l\\\/\"]}]},{\"@type\":\"ImageObject\",\"inLanguage\":\"fi\",\"@id\":\"https:\\\/\\\/mindreksmetall.ee\\\/fi\\\/toode\\\/varaaja-400-l\\\/#primaryimage\",\"url\":\"https:\\\/\\\/mindreksmetall.ee\\\/wp-content\\\/uploads\\\/2022\\\/07\\\/0001_mindreks.jpeg\",\"contentUrl\":\"https:\\\/\\\/mindreksmetall.ee\\\/wp-content\\\/uploads\\\/2022\\\/07\\\/0001_mindreks.jpeg\",\"width\":300,\"height\":300,\"caption\":\"Varaaja\"},{\"@type\":\"BreadcrumbList\",\"@id\":\"https:\\\/\\\/mindreksmetall.ee\\\/fi\\\/toode\\\/varaaja-400-l\\\/#breadcrumb\",\"itemListElement\":[{\"@type\":\"ListItem\",\"position\":1,\"name\":\"Home\",\"item\":\"https:\\\/\\\/mindreksmetall.ee\\\/\"},{\"@type\":\"ListItem\",\"position\":2,\"name\":\"Kauppa\",\"item\":\"https:\\\/\\\/mindreksmetall.ee\\\/fi\\\/osta-osoitteessa\\\/\"},{\"@type\":\"ListItem\",\"position\":3,\"name\":\"Varaaja 400 L\"}]},{\"@type\":\"WebSite\",\"@id\":\"https:\\\/\\\/mindreksmetall.ee\\\/#website\",\"url\":\"https:\\\/\\\/mindreksmetall.ee\\\/\",\"name\":\"Mindreks Metall\",\"description\":\"Metallit\u00f6\u00f6d, akumulatsioonipaagid\",\"publisher\":{\"@id\":\"https:\\\/\\\/mindreksmetall.ee\\\/#organization\"},\"potentialAction\":[{\"@type\":\"SearchAction\",\"target\":{\"@type\":\"EntryPoint\",\"urlTemplate\":\"https:\\\/\\\/mindreksmetall.ee\\\/?s={search_term_string}\"},\"query-input\":{\"@type\":\"PropertyValueSpecification\",\"valueRequired\":true,\"valueName\":\"search_term_string\"}}],\"inLanguage\":\"fi\"},{\"@type\":\"Organization\",\"@id\":\"https:\\\/\\\/mindreksmetall.ee\\\/#organization\",\"name\":\"Mindreks Metall\",\"url\":\"https:\\\/\\\/mindreksmetall.ee\\\/\",\"logo\":{\"@type\":\"ImageObject\",\"inLanguage\":\"fi\",\"@id\":\"https:\\\/\\\/mindreksmetall.ee\\\/#\\\/schema\\\/logo\\\/image\\\/\",\"url\":\"https:\\\/\\\/soojapood.ee\\\/wp-content\\\/uploads\\\/2022\\\/06\\\/soojapood_logo-01-1-1.png\",\"contentUrl\":\"https:\\\/\\\/soojapood.ee\\\/wp-content\\\/uploads\\\/2022\\\/06\\\/soojapood_logo-01-1-1.png\",\"width\":596,\"height\":133,\"caption\":\"Mindreks Metall\"},\"image\":{\"@id\":\"https:\\\/\\\/mindreksmetall.ee\\\/#\\\/schema\\\/logo\\\/image\\\/\"},\"sameAs\":[\"https:\\\/\\\/m.facebook.com\\\/soojapood?_rdr\"]}]}<\/script>\n<!-- \/ Yoast SEO plugin. -->","yoast_head_json":{"title":"Varaaja 400 L - Mindreks Metall","robots":{"index":"index","follow":"follow","max-snippet":"max-snippet:-1","max-image-preview":"max-image-preview:large","max-video-preview":"max-video-preview:-1"},"canonical":"https:\/\/mindreksmetall.ee\/fi\/toode\/varaaja-400-l\/","og_locale":"fi_FI","og_type":"article","og_title":"Varaaja 400 L - Mindreks Metall","og_description":"3 mm, halkaisija 550 mm, korkeus 1760 mm, paino 75 kg","og_url":"https:\/\/mindreksmetall.ee\/fi\/toode\/varaaja-400-l\/","og_site_name":"Mindreks Metall","article_publisher":"https:\/\/m.facebook.com\/soojapood?_rdr","article_modified_time":"2025-07-10T06:05:50+00:00","og_image":[{"width":300,"height":300,"url":"https:\/\/mindreksmetall.ee\/wp-content\/uploads\/2022\/07\/0001_mindreks.jpeg","type":"image\/jpeg"}],"twitter_card":"summary_large_image","schema":{"@context":"https:\/\/schema.org","@graph":[{"@type":"WebPage","@id":"https:\/\/mindreksmetall.ee\/fi\/toode\/varaaja-400-l\/","url":"https:\/\/mindreksmetall.ee\/fi\/toode\/varaaja-400-l\/","name":"Varaaja 400 L - Mindreks Metall","isPartOf":{"@id":"https:\/\/mindreksmetall.ee\/#website"},"primaryImageOfPage":{"@id":"https:\/\/mindreksmetall.ee\/fi\/toode\/varaaja-400-l\/#primaryimage"},"image":{"@id":"https:\/\/mindreksmetall.ee\/fi\/toode\/varaaja-400-l\/#primaryimage"},"thumbnailUrl":"https:\/\/mindreksmetall.ee\/wp-content\/uploads\/2022\/07\/0001_mindreks.jpeg","datePublished":"2022-07-06T10:08:31+00:00","dateModified":"2025-07-10T06:05:50+00:00","breadcrumb":{"@id":"https:\/\/mindreksmetall.ee\/fi\/toode\/varaaja-400-l\/#breadcrumb"},"inLanguage":"fi","potentialAction":[{"@type":"ReadAction","target":["https:\/\/mindreksmetall.ee\/fi\/toode\/varaaja-400-l\/"]}]},{"@type":"ImageObject","inLanguage":"fi","@id":"https:\/\/mindreksmetall.ee\/fi\/toode\/varaaja-400-l\/#primaryimage","url":"https:\/\/mindreksmetall.ee\/wp-content\/uploads\/2022\/07\/0001_mindreks.jpeg","contentUrl":"https:\/\/mindreksmetall.ee\/wp-content\/uploads\/2022\/07\/0001_mindreks.jpeg","width":300,"height":300,"caption":"Varaaja"},{"@type":"BreadcrumbList","@id":"https:\/\/mindreksmetall.ee\/fi\/toode\/varaaja-400-l\/#breadcrumb","itemListElement":[{"@type":"ListItem","position":1,"name":"Home","item":"https:\/\/mindreksmetall.ee\/"},{"@type":"ListItem","position":2,"name":"Kauppa","item":"https:\/\/mindreksmetall.ee\/fi\/osta-osoitteessa\/"},{"@type":"ListItem","position":3,"name":"Varaaja 400 L"}]},{"@type":"WebSite","@id":"https:\/\/mindreksmetall.ee\/#website","url":"https:\/\/mindreksmetall.ee\/","name":"Mindreks Metall","description":"Metallit\u00f6\u00f6d, akumulatsioonipaagid","publisher":{"@id":"https:\/\/mindreksmetall.ee\/#organization"},"potentialAction":[{"@type":"SearchAction","target":{"@type":"EntryPoint","urlTemplate":"https:\/\/mindreksmetall.ee\/?s={search_term_string}"},"query-input":{"@type":"PropertyValueSpecification","valueRequired":true,"valueName":"search_term_string"}}],"inLanguage":"fi"},{"@type":"Organization","@id":"https:\/\/mindreksmetall.ee\/#organization","name":"Mindreks Metall","url":"https:\/\/mindreksmetall.ee\/","logo":{"@type":"ImageObject","inLanguage":"fi","@id":"https:\/\/mindreksmetall.ee\/#\/schema\/logo\/image\/","url":"https:\/\/soojapood.ee\/wp-content\/uploads\/2022\/06\/soojapood_logo-01-1-1.png","contentUrl":"https:\/\/soojapood.ee\/wp-content\/uploads\/2022\/06\/soojapood_logo-01-1-1.png","width":596,"height":133,"caption":"Mindreks Metall"},"image":{"@id":"https:\/\/mindreksmetall.ee\/#\/schema\/logo\/image\/"},"sameAs":["https:\/\/m.facebook.com\/soojapood?_rdr"]}]}},"_links":{"self":[{"href":"https:\/\/mindreksmetall.ee\/fi\/wp-json\/wp\/v2\/product\/14336","targetHints":{"allow":["GET"]}}],"collection":[{"href":"https:\/\/mindreksmetall.ee\/fi\/wp-json\/wp\/v2\/product"}],"about":[{"href":"https:\/\/mindreksmetall.ee\/fi\/wp-json\/wp\/v2\/types\/product"}],"version-history":[{"count":3,"href":"https:\/\/mindreksmetall.ee\/fi\/wp-json\/wp\/v2\/product\/14336\/revisions"}],"predecessor-version":[{"id":16066,"href":"https:\/\/mindreksmetall.ee\/fi\/wp-json\/wp\/v2\/product\/14336\/revisions\/16066"}],"wp:featuredmedia":[{"embeddable":true,"href":"https:\/\/mindreksmetall.ee\/fi\/wp-json\/wp\/v2\/media\/14311"}],"wp:attachment":[{"href":"https:\/\/mindreksmetall.ee\/fi\/wp-json\/wp\/v2\/media?parent=14336"}],"wp:term":[{"taxonomy":"product_brand","embeddable":true,"href":"https:\/\/mindreksmetall.ee\/fi\/wp-json\/wp\/v2\/product_brand?post=14336"},{"taxonomy":"product_cat","embeddable":true,"href":"https:\/\/mindreksmetall.ee\/fi\/wp-json\/wp\/v2\/product_cat?post=14336"},{"taxonomy":"product_tag","embeddable":true,"href":"https:\/\/mindreksmetall.ee\/fi\/wp-json\/wp\/v2\/product_tag?post=14336"}],"curies":[{"name":"wp","href":"https:\/\/api.w.org\/{rel}","templated":true}]}}