{"id":14468,"date":"2022-07-07T10:21:58","date_gmt":"2022-07-07T10:21:58","guid":{"rendered":"https:\/\/mindreksmetall.ee\/toode\/ahja-savustin-mi3\/"},"modified":"2025-07-30T12:49:59","modified_gmt":"2025-07-30T09:49:59","slug":"ahja-savustin-mi3","status":"publish","type":"product","link":"https:\/\/mindreksmetall.ee\/fi\/toode\/ahja-savustin-mi3\/","title":{"rendered":"Ahja Smoker MI3"},"content":{"rendered":"<p>Laadukas kaksisein\u00e4inen savustusuuni.<\/p>\n<p>Ulkomitat: 1550*500*500 mm<br \/>\nLihakammion mitat: 80*45*45 cm<br \/>\nLihakammion tilavuus: 195 litraa<\/p>\n<p>Materiaalin paksuus: 2 mm<br \/>\nRitil\u00f6iden v\u00e4linen et\u00e4isyys: 15 cm<br \/>\nRitil\u00f6iden lukum\u00e4\u00e4r\u00e4: 4<br \/>\nUunin varusteisiin kuuluvat rasvapelti, nelj\u00e4 ritil\u00e4\u00e4, l\u00e4mp\u00f6mittari ja k\u00e4ytt\u00f6ohje.<\/p>\n<p>Takaosassa py\u00f6r\u00e4t uunin siirt\u00e4misen helpottamiseksi.<\/p>\n<p><strong>Huom! S\u00e4\u00e4nkest\u00e4v\u00e4 savustusuunin suojus ei sis\u00e4lly toimitukseen.<\/strong> Suojuksen voi halutessaan tilata erikseen lis\u00e4varusteena.<\/p>\n<p>Savustusuuni koostuu kahdesta kammiosta. Uunin alaosassa on puunpolttokammio ja yl\u00e4osassa lihakammio. Kaksisein\u00e4isess\u00e4 uunissa puun palamisesta syntyv\u00e4 savu kulkeutuu kaksoisseinien kautta yl\u00f6s ja ulos savupiipusta. T\u00e4llaista uunia k\u00e4ytett\u00e4ess\u00e4 ei ole t\u00e4rke\u00e4\u00e4, ett\u00e4 poltetaan savustukseen soveltuvaa puuta. Palamissavu ei ole kosketuksissa lihan kanssa. Kyseess\u00e4 on ns. kuumasavustusuuni. Yl\u00e4kammiossa tuotetaan savua lastuilla, sahanpurulla tms.<\/p>\n","protected":false},"excerpt":{"rendered":"<p>Kaksisein\u00e4inen, ulkomitat 1550*500*500 mm, lihakammio 80*45*45 cm<\/p>\n","protected":false},"featured_media":14347,"template":"","meta":{"_acf_changed":false},"product_brand":[],"product_cat":[239,240],"product_tag":[],"class_list":{"0":"post-14468","1":"product","2":"type-product","3":"status-publish","4":"has-post-thumbnail","6":"product_cat-savustimet-ja-grillit","7":"product_cat-savustusuunit","8":"product_shipping_class-toimitus-suomeen","10":"first","11":"instock","12":"sale","13":"featured","14":"taxable","15":"shipping-taxable","16":"purchasable","17":"product-type-simple"},"acf":[],"yoast_head":"<!-- This site is optimized with the Yoast SEO plugin v27.4 - https:\/\/yoast.com\/product\/yoast-seo-wordpress\/ -->\n<title>Ahja Smoker MI3 - Mindreks Metall<\/title>\n<meta name=\"robots\" content=\"index, follow, max-snippet:-1, max-image-preview:large, max-video-preview:-1\" \/>\n<link rel=\"canonical\" href=\"https:\/\/mindreksmetall.ee\/fi\/toode\/ahja-savustin-mi3\/\" \/>\n<meta property=\"og:locale\" content=\"fi_FI\" \/>\n<meta property=\"og:type\" content=\"article\" \/>\n<meta property=\"og:title\" content=\"Ahja Smoker MI3 - Mindreks Metall\" \/>\n<meta property=\"og:description\" content=\"Kaksisein\u00e4inen, ulkomitat 1550*500*500 mm, lihakammio 80*45*45 cm\" \/>\n<meta property=\"og:url\" content=\"https:\/\/mindreksmetall.ee\/fi\/toode\/ahja-savustin-mi3\/\" \/>\n<meta property=\"og:site_name\" content=\"Mindreks Metall\" \/>\n<meta property=\"article:publisher\" content=\"https:\/\/m.facebook.com\/soojapood?_rdr\" \/>\n<meta property=\"article:modified_time\" content=\"2025-07-30T09:49:59+00:00\" \/>\n<meta property=\"og:image\" content=\"https:\/\/mindreksmetall.ee\/wp-content\/uploads\/2023\/05\/DSC00089.jpg\" \/>\n\t<meta property=\"og:image:width\" content=\"1920\" \/>\n\t<meta property=\"og:image:height\" content=\"1920\" \/>\n\t<meta property=\"og:image:type\" content=\"image\/jpeg\" \/>\n<meta name=\"twitter:card\" content=\"summary_large_image\" \/>\n<meta name=\"twitter:label1\" content=\"Arvioitu lukuaika\" \/>\n\t<meta name=\"twitter:data1\" content=\"1 minuutti\" \/>\n<script type=\"application\/ld+json\" class=\"yoast-schema-graph\">{\"@context\":\"https:\\\/\\\/schema.org\",\"@graph\":[{\"@type\":\"WebPage\",\"@id\":\"https:\\\/\\\/mindreksmetall.ee\\\/fi\\\/toode\\\/ahja-savustin-mi3\\\/\",\"url\":\"https:\\\/\\\/mindreksmetall.ee\\\/fi\\\/toode\\\/ahja-savustin-mi3\\\/\",\"name\":\"Ahja Smoker MI3 - Mindreks Metall\",\"isPartOf\":{\"@id\":\"https:\\\/\\\/mindreksmetall.ee\\\/#website\"},\"primaryImageOfPage\":{\"@id\":\"https:\\\/\\\/mindreksmetall.ee\\\/fi\\\/toode\\\/ahja-savustin-mi3\\\/#primaryimage\"},\"image\":{\"@id\":\"https:\\\/\\\/mindreksmetall.ee\\\/fi\\\/toode\\\/ahja-savustin-mi3\\\/#primaryimage\"},\"thumbnailUrl\":\"https:\\\/\\\/mindreksmetall.ee\\\/wp-content\\\/uploads\\\/2023\\\/05\\\/DSC00089.jpg\",\"datePublished\":\"2022-07-07T10:21:58+00:00\",\"dateModified\":\"2025-07-30T09:49:59+00:00\",\"breadcrumb\":{\"@id\":\"https:\\\/\\\/mindreksmetall.ee\\\/fi\\\/toode\\\/ahja-savustin-mi3\\\/#breadcrumb\"},\"inLanguage\":\"fi\",\"potentialAction\":[{\"@type\":\"ReadAction\",\"target\":[\"https:\\\/\\\/mindreksmetall.ee\\\/fi\\\/toode\\\/ahja-savustin-mi3\\\/\"]}]},{\"@type\":\"ImageObject\",\"inLanguage\":\"fi\",\"@id\":\"https:\\\/\\\/mindreksmetall.ee\\\/fi\\\/toode\\\/ahja-savustin-mi3\\\/#primaryimage\",\"url\":\"https:\\\/\\\/mindreksmetall.ee\\\/wp-content\\\/uploads\\\/2023\\\/05\\\/DSC00089.jpg\",\"contentUrl\":\"https:\\\/\\\/mindreksmetall.ee\\\/wp-content\\\/uploads\\\/2023\\\/05\\\/DSC00089.jpg\",\"width\":1920,\"height\":1920,\"caption\":\"Savustusuuni\"},{\"@type\":\"BreadcrumbList\",\"@id\":\"https:\\\/\\\/mindreksmetall.ee\\\/fi\\\/toode\\\/ahja-savustin-mi3\\\/#breadcrumb\",\"itemListElement\":[{\"@type\":\"ListItem\",\"position\":1,\"name\":\"Home\",\"item\":\"https:\\\/\\\/mindreksmetall.ee\\\/\"},{\"@type\":\"ListItem\",\"position\":2,\"name\":\"Kauppa\",\"item\":\"https:\\\/\\\/mindreksmetall.ee\\\/fi\\\/osta-osoitteessa\\\/\"},{\"@type\":\"ListItem\",\"position\":3,\"name\":\"Ahja Smoker MI3\"}]},{\"@type\":\"WebSite\",\"@id\":\"https:\\\/\\\/mindreksmetall.ee\\\/#website\",\"url\":\"https:\\\/\\\/mindreksmetall.ee\\\/\",\"name\":\"Mindreks Metall\",\"description\":\"Metallit\u00f6\u00f6d, akumulatsioonipaagid\",\"publisher\":{\"@id\":\"https:\\\/\\\/mindreksmetall.ee\\\/#organization\"},\"potentialAction\":[{\"@type\":\"SearchAction\",\"target\":{\"@type\":\"EntryPoint\",\"urlTemplate\":\"https:\\\/\\\/mindreksmetall.ee\\\/?s={search_term_string}\"},\"query-input\":{\"@type\":\"PropertyValueSpecification\",\"valueRequired\":true,\"valueName\":\"search_term_string\"}}],\"inLanguage\":\"fi\"},{\"@type\":\"Organization\",\"@id\":\"https:\\\/\\\/mindreksmetall.ee\\\/#organization\",\"name\":\"Mindreks Metall\",\"url\":\"https:\\\/\\\/mindreksmetall.ee\\\/\",\"logo\":{\"@type\":\"ImageObject\",\"inLanguage\":\"fi\",\"@id\":\"https:\\\/\\\/mindreksmetall.ee\\\/#\\\/schema\\\/logo\\\/image\\\/\",\"url\":\"https:\\\/\\\/soojapood.ee\\\/wp-content\\\/uploads\\\/2022\\\/06\\\/soojapood_logo-01-1-1.png\",\"contentUrl\":\"https:\\\/\\\/soojapood.ee\\\/wp-content\\\/uploads\\\/2022\\\/06\\\/soojapood_logo-01-1-1.png\",\"width\":596,\"height\":133,\"caption\":\"Mindreks Metall\"},\"image\":{\"@id\":\"https:\\\/\\\/mindreksmetall.ee\\\/#\\\/schema\\\/logo\\\/image\\\/\"},\"sameAs\":[\"https:\\\/\\\/m.facebook.com\\\/soojapood?_rdr\"]}]}<\/script>\n<!-- \/ Yoast SEO plugin. -->","yoast_head_json":{"title":"Ahja Smoker MI3 - Mindreks Metall","robots":{"index":"index","follow":"follow","max-snippet":"max-snippet:-1","max-image-preview":"max-image-preview:large","max-video-preview":"max-video-preview:-1"},"canonical":"https:\/\/mindreksmetall.ee\/fi\/toode\/ahja-savustin-mi3\/","og_locale":"fi_FI","og_type":"article","og_title":"Ahja Smoker MI3 - Mindreks Metall","og_description":"Kaksisein\u00e4inen, ulkomitat 1550*500*500 mm, lihakammio 80*45*45 cm","og_url":"https:\/\/mindreksmetall.ee\/fi\/toode\/ahja-savustin-mi3\/","og_site_name":"Mindreks Metall","article_publisher":"https:\/\/m.facebook.com\/soojapood?_rdr","article_modified_time":"2025-07-30T09:49:59+00:00","og_image":[{"width":1920,"height":1920,"url":"https:\/\/mindreksmetall.ee\/wp-content\/uploads\/2023\/05\/DSC00089.jpg","type":"image\/jpeg"}],"twitter_card":"summary_large_image","twitter_misc":{"Arvioitu lukuaika":"1 minuutti"},"schema":{"@context":"https:\/\/schema.org","@graph":[{"@type":"WebPage","@id":"https:\/\/mindreksmetall.ee\/fi\/toode\/ahja-savustin-mi3\/","url":"https:\/\/mindreksmetall.ee\/fi\/toode\/ahja-savustin-mi3\/","name":"Ahja Smoker MI3 - Mindreks Metall","isPartOf":{"@id":"https:\/\/mindreksmetall.ee\/#website"},"primaryImageOfPage":{"@id":"https:\/\/mindreksmetall.ee\/fi\/toode\/ahja-savustin-mi3\/#primaryimage"},"image":{"@id":"https:\/\/mindreksmetall.ee\/fi\/toode\/ahja-savustin-mi3\/#primaryimage"},"thumbnailUrl":"https:\/\/mindreksmetall.ee\/wp-content\/uploads\/2023\/05\/DSC00089.jpg","datePublished":"2022-07-07T10:21:58+00:00","dateModified":"2025-07-30T09:49:59+00:00","breadcrumb":{"@id":"https:\/\/mindreksmetall.ee\/fi\/toode\/ahja-savustin-mi3\/#breadcrumb"},"inLanguage":"fi","potentialAction":[{"@type":"ReadAction","target":["https:\/\/mindreksmetall.ee\/fi\/toode\/ahja-savustin-mi3\/"]}]},{"@type":"ImageObject","inLanguage":"fi","@id":"https:\/\/mindreksmetall.ee\/fi\/toode\/ahja-savustin-mi3\/#primaryimage","url":"https:\/\/mindreksmetall.ee\/wp-content\/uploads\/2023\/05\/DSC00089.jpg","contentUrl":"https:\/\/mindreksmetall.ee\/wp-content\/uploads\/2023\/05\/DSC00089.jpg","width":1920,"height":1920,"caption":"Savustusuuni"},{"@type":"BreadcrumbList","@id":"https:\/\/mindreksmetall.ee\/fi\/toode\/ahja-savustin-mi3\/#breadcrumb","itemListElement":[{"@type":"ListItem","position":1,"name":"Home","item":"https:\/\/mindreksmetall.ee\/"},{"@type":"ListItem","position":2,"name":"Kauppa","item":"https:\/\/mindreksmetall.ee\/fi\/osta-osoitteessa\/"},{"@type":"ListItem","position":3,"name":"Ahja Smoker MI3"}]},{"@type":"WebSite","@id":"https:\/\/mindreksmetall.ee\/#website","url":"https:\/\/mindreksmetall.ee\/","name":"Mindreks Metall","description":"Metallit\u00f6\u00f6d, akumulatsioonipaagid","publisher":{"@id":"https:\/\/mindreksmetall.ee\/#organization"},"potentialAction":[{"@type":"SearchAction","target":{"@type":"EntryPoint","urlTemplate":"https:\/\/mindreksmetall.ee\/?s={search_term_string}"},"query-input":{"@type":"PropertyValueSpecification","valueRequired":true,"valueName":"search_term_string"}}],"inLanguage":"fi"},{"@type":"Organization","@id":"https:\/\/mindreksmetall.ee\/#organization","name":"Mindreks Metall","url":"https:\/\/mindreksmetall.ee\/","logo":{"@type":"ImageObject","inLanguage":"fi","@id":"https:\/\/mindreksmetall.ee\/#\/schema\/logo\/image\/","url":"https:\/\/soojapood.ee\/wp-content\/uploads\/2022\/06\/soojapood_logo-01-1-1.png","contentUrl":"https:\/\/soojapood.ee\/wp-content\/uploads\/2022\/06\/soojapood_logo-01-1-1.png","width":596,"height":133,"caption":"Mindreks Metall"},"image":{"@id":"https:\/\/mindreksmetall.ee\/#\/schema\/logo\/image\/"},"sameAs":["https:\/\/m.facebook.com\/soojapood?_rdr"]}]}},"_links":{"self":[{"href":"https:\/\/mindreksmetall.ee\/fi\/wp-json\/wp\/v2\/product\/14468","targetHints":{"allow":["GET"]}}],"collection":[{"href":"https:\/\/mindreksmetall.ee\/fi\/wp-json\/wp\/v2\/product"}],"about":[{"href":"https:\/\/mindreksmetall.ee\/fi\/wp-json\/wp\/v2\/types\/product"}],"version-history":[{"count":2,"href":"https:\/\/mindreksmetall.ee\/fi\/wp-json\/wp\/v2\/product\/14468\/revisions"}],"predecessor-version":[{"id":16914,"href":"https:\/\/mindreksmetall.ee\/fi\/wp-json\/wp\/v2\/product\/14468\/revisions\/16914"}],"wp:featuredmedia":[{"embeddable":true,"href":"https:\/\/mindreksmetall.ee\/fi\/wp-json\/wp\/v2\/media\/14347"}],"wp:attachment":[{"href":"https:\/\/mindreksmetall.ee\/fi\/wp-json\/wp\/v2\/media?parent=14468"}],"wp:term":[{"taxonomy":"product_brand","embeddable":true,"href":"https:\/\/mindreksmetall.ee\/fi\/wp-json\/wp\/v2\/product_brand?post=14468"},{"taxonomy":"product_cat","embeddable":true,"href":"https:\/\/mindreksmetall.ee\/fi\/wp-json\/wp\/v2\/product_cat?post=14468"},{"taxonomy":"product_tag","embeddable":true,"href":"https:\/\/mindreksmetall.ee\/fi\/wp-json\/wp\/v2\/product_tag?post=14468"}],"curies":[{"name":"wp","href":"https:\/\/api.w.org\/{rel}","templated":true}]}}