{"id":14540,"date":"2022-07-06T11:32:05","date_gmt":"2022-07-06T08:32:05","guid":{"rendered":"https:\/\/mindreksmetall.ee\/toode\/lampoeristetty-kerayssailio-100-l\/"},"modified":"2025-07-10T09:05:48","modified_gmt":"2025-07-10T06:05:48","slug":"eristetty-varaaja-100-l","status":"publish","type":"product","link":"https:\/\/mindreksmetall.ee\/fi\/toode\/eristetty-varaaja-100-l\/","title":{"rendered":"Eristetty varaaja 100 L"},"content":{"rendered":"<p>3 mm varaaja<\/p>\n<p>Halkaisija eristyksen kanssa 550 mm<\/p>\n<p>Eristys 50 mm, p\u00e4\u00e4llystetty 1 mm muovilla<\/p>\n<p>Eristys voidaan asentaa paikan p\u00e4\u00e4ll\u00e4 nopeasti ja helposti.<\/p>\n<p>K\u00e4ytt\u00f6paine 3 bar<\/p>\n","protected":false},"excerpt":{"rendered":"<p>3 mm, halkaisija eristyksen kanssa 550 mm, korkeus 868 mm, paino 30 kg<\/p>\n","protected":false},"featured_media":14541,"template":"","meta":{"_acf_changed":false},"product_brand":[],"product_cat":[255],"product_tag":[],"class_list":{"0":"post-14540","1":"product","2":"type-product","3":"status-publish","4":"has-post-thumbnail","6":"product_cat-lampopumppusailiot","8":"first","9":"instock","10":"sale","11":"taxable","12":"shipping-taxable","13":"purchasable","14":"product-type-simple"},"acf":[],"yoast_head":"<!-- This site is optimized with the Yoast SEO plugin v27.4 - https:\/\/yoast.com\/product\/yoast-seo-wordpress\/ -->\n<title>Eristetty varaaja 100 L - Mindreks Metall<\/title>\n<meta name=\"robots\" content=\"index, follow, max-snippet:-1, max-image-preview:large, max-video-preview:-1\" \/>\n<link rel=\"canonical\" href=\"https:\/\/mindreksmetall.ee\/fi\/toode\/eristetty-varaaja-100-l\/\" \/>\n<meta property=\"og:locale\" content=\"fi_FI\" \/>\n<meta property=\"og:type\" content=\"article\" \/>\n<meta property=\"og:title\" content=\"Eristetty varaaja 100 L - Mindreks Metall\" \/>\n<meta property=\"og:description\" content=\"3 mm, halkaisija eristyksen kanssa 550 mm, korkeus 868 mm, paino 30 kg\" \/>\n<meta property=\"og:url\" content=\"https:\/\/mindreksmetall.ee\/fi\/toode\/eristetty-varaaja-100-l\/\" \/>\n<meta property=\"og:site_name\" content=\"Mindreks Metall\" \/>\n<meta property=\"article:publisher\" content=\"https:\/\/m.facebook.com\/soojapood?_rdr\" \/>\n<meta property=\"article:modified_time\" content=\"2025-07-10T06:05:48+00:00\" \/>\n<meta property=\"og:image\" content=\"https:\/\/mindreksmetall.ee\/wp-content\/uploads\/2022\/07\/DSC00110.jpg\" \/>\n\t<meta property=\"og:image:width\" content=\"1920\" \/>\n\t<meta property=\"og:image:height\" content=\"1920\" \/>\n\t<meta property=\"og:image:type\" content=\"image\/jpeg\" \/>\n<meta name=\"twitter:card\" content=\"summary_large_image\" \/>\n<script type=\"application\/ld+json\" class=\"yoast-schema-graph\">{\"@context\":\"https:\\\/\\\/schema.org\",\"@graph\":[{\"@type\":\"WebPage\",\"@id\":\"https:\\\/\\\/mindreksmetall.ee\\\/fi\\\/toode\\\/eristetty-varaaja-100-l\\\/\",\"url\":\"https:\\\/\\\/mindreksmetall.ee\\\/fi\\\/toode\\\/eristetty-varaaja-100-l\\\/\",\"name\":\"Eristetty varaaja 100 L - Mindreks Metall\",\"isPartOf\":{\"@id\":\"https:\\\/\\\/mindreksmetall.ee\\\/#website\"},\"primaryImageOfPage\":{\"@id\":\"https:\\\/\\\/mindreksmetall.ee\\\/fi\\\/toode\\\/eristetty-varaaja-100-l\\\/#primaryimage\"},\"image\":{\"@id\":\"https:\\\/\\\/mindreksmetall.ee\\\/fi\\\/toode\\\/eristetty-varaaja-100-l\\\/#primaryimage\"},\"thumbnailUrl\":\"https:\\\/\\\/mindreksmetall.ee\\\/wp-content\\\/uploads\\\/2022\\\/07\\\/DSC00110.jpg\",\"datePublished\":\"2022-07-06T08:32:05+00:00\",\"dateModified\":\"2025-07-10T06:05:48+00:00\",\"breadcrumb\":{\"@id\":\"https:\\\/\\\/mindreksmetall.ee\\\/fi\\\/toode\\\/eristetty-varaaja-100-l\\\/#breadcrumb\"},\"inLanguage\":\"fi\",\"potentialAction\":[{\"@type\":\"ReadAction\",\"target\":[\"https:\\\/\\\/mindreksmetall.ee\\\/fi\\\/toode\\\/eristetty-varaaja-100-l\\\/\"]}]},{\"@type\":\"ImageObject\",\"inLanguage\":\"fi\",\"@id\":\"https:\\\/\\\/mindreksmetall.ee\\\/fi\\\/toode\\\/eristetty-varaaja-100-l\\\/#primaryimage\",\"url\":\"https:\\\/\\\/mindreksmetall.ee\\\/wp-content\\\/uploads\\\/2022\\\/07\\\/DSC00110.jpg\",\"contentUrl\":\"https:\\\/\\\/mindreksmetall.ee\\\/wp-content\\\/uploads\\\/2022\\\/07\\\/DSC00110.jpg\",\"width\":1920,\"height\":1920,\"caption\":\"Eristetty varaaja 100 L\"},{\"@type\":\"BreadcrumbList\",\"@id\":\"https:\\\/\\\/mindreksmetall.ee\\\/fi\\\/toode\\\/eristetty-varaaja-100-l\\\/#breadcrumb\",\"itemListElement\":[{\"@type\":\"ListItem\",\"position\":1,\"name\":\"Home\",\"item\":\"https:\\\/\\\/mindreksmetall.ee\\\/\"},{\"@type\":\"ListItem\",\"position\":2,\"name\":\"Kauppa\",\"item\":\"https:\\\/\\\/mindreksmetall.ee\\\/fi\\\/osta-osoitteessa\\\/\"},{\"@type\":\"ListItem\",\"position\":3,\"name\":\"Eristetty varaaja 100 L\"}]},{\"@type\":\"WebSite\",\"@id\":\"https:\\\/\\\/mindreksmetall.ee\\\/#website\",\"url\":\"https:\\\/\\\/mindreksmetall.ee\\\/\",\"name\":\"Mindreks Metall\",\"description\":\"Metallit\u00f6\u00f6d, akumulatsioonipaagid\",\"publisher\":{\"@id\":\"https:\\\/\\\/mindreksmetall.ee\\\/#organization\"},\"potentialAction\":[{\"@type\":\"SearchAction\",\"target\":{\"@type\":\"EntryPoint\",\"urlTemplate\":\"https:\\\/\\\/mindreksmetall.ee\\\/?s={search_term_string}\"},\"query-input\":{\"@type\":\"PropertyValueSpecification\",\"valueRequired\":true,\"valueName\":\"search_term_string\"}}],\"inLanguage\":\"fi\"},{\"@type\":\"Organization\",\"@id\":\"https:\\\/\\\/mindreksmetall.ee\\\/#organization\",\"name\":\"Mindreks Metall\",\"url\":\"https:\\\/\\\/mindreksmetall.ee\\\/\",\"logo\":{\"@type\":\"ImageObject\",\"inLanguage\":\"fi\",\"@id\":\"https:\\\/\\\/mindreksmetall.ee\\\/#\\\/schema\\\/logo\\\/image\\\/\",\"url\":\"https:\\\/\\\/soojapood.ee\\\/wp-content\\\/uploads\\\/2022\\\/06\\\/soojapood_logo-01-1-1.png\",\"contentUrl\":\"https:\\\/\\\/soojapood.ee\\\/wp-content\\\/uploads\\\/2022\\\/06\\\/soojapood_logo-01-1-1.png\",\"width\":596,\"height\":133,\"caption\":\"Mindreks Metall\"},\"image\":{\"@id\":\"https:\\\/\\\/mindreksmetall.ee\\\/#\\\/schema\\\/logo\\\/image\\\/\"},\"sameAs\":[\"https:\\\/\\\/m.facebook.com\\\/soojapood?_rdr\"]}]}<\/script>\n<!-- \/ Yoast SEO plugin. -->","yoast_head_json":{"title":"Eristetty varaaja 100 L - Mindreks Metall","robots":{"index":"index","follow":"follow","max-snippet":"max-snippet:-1","max-image-preview":"max-image-preview:large","max-video-preview":"max-video-preview:-1"},"canonical":"https:\/\/mindreksmetall.ee\/fi\/toode\/eristetty-varaaja-100-l\/","og_locale":"fi_FI","og_type":"article","og_title":"Eristetty varaaja 100 L - Mindreks Metall","og_description":"3 mm, halkaisija eristyksen kanssa 550 mm, korkeus 868 mm, paino 30 kg","og_url":"https:\/\/mindreksmetall.ee\/fi\/toode\/eristetty-varaaja-100-l\/","og_site_name":"Mindreks Metall","article_publisher":"https:\/\/m.facebook.com\/soojapood?_rdr","article_modified_time":"2025-07-10T06:05:48+00:00","og_image":[{"width":1920,"height":1920,"url":"https:\/\/mindreksmetall.ee\/wp-content\/uploads\/2022\/07\/DSC00110.jpg","type":"image\/jpeg"}],"twitter_card":"summary_large_image","schema":{"@context":"https:\/\/schema.org","@graph":[{"@type":"WebPage","@id":"https:\/\/mindreksmetall.ee\/fi\/toode\/eristetty-varaaja-100-l\/","url":"https:\/\/mindreksmetall.ee\/fi\/toode\/eristetty-varaaja-100-l\/","name":"Eristetty varaaja 100 L - Mindreks Metall","isPartOf":{"@id":"https:\/\/mindreksmetall.ee\/#website"},"primaryImageOfPage":{"@id":"https:\/\/mindreksmetall.ee\/fi\/toode\/eristetty-varaaja-100-l\/#primaryimage"},"image":{"@id":"https:\/\/mindreksmetall.ee\/fi\/toode\/eristetty-varaaja-100-l\/#primaryimage"},"thumbnailUrl":"https:\/\/mindreksmetall.ee\/wp-content\/uploads\/2022\/07\/DSC00110.jpg","datePublished":"2022-07-06T08:32:05+00:00","dateModified":"2025-07-10T06:05:48+00:00","breadcrumb":{"@id":"https:\/\/mindreksmetall.ee\/fi\/toode\/eristetty-varaaja-100-l\/#breadcrumb"},"inLanguage":"fi","potentialAction":[{"@type":"ReadAction","target":["https:\/\/mindreksmetall.ee\/fi\/toode\/eristetty-varaaja-100-l\/"]}]},{"@type":"ImageObject","inLanguage":"fi","@id":"https:\/\/mindreksmetall.ee\/fi\/toode\/eristetty-varaaja-100-l\/#primaryimage","url":"https:\/\/mindreksmetall.ee\/wp-content\/uploads\/2022\/07\/DSC00110.jpg","contentUrl":"https:\/\/mindreksmetall.ee\/wp-content\/uploads\/2022\/07\/DSC00110.jpg","width":1920,"height":1920,"caption":"Eristetty varaaja 100 L"},{"@type":"BreadcrumbList","@id":"https:\/\/mindreksmetall.ee\/fi\/toode\/eristetty-varaaja-100-l\/#breadcrumb","itemListElement":[{"@type":"ListItem","position":1,"name":"Home","item":"https:\/\/mindreksmetall.ee\/"},{"@type":"ListItem","position":2,"name":"Kauppa","item":"https:\/\/mindreksmetall.ee\/fi\/osta-osoitteessa\/"},{"@type":"ListItem","position":3,"name":"Eristetty varaaja 100 L"}]},{"@type":"WebSite","@id":"https:\/\/mindreksmetall.ee\/#website","url":"https:\/\/mindreksmetall.ee\/","name":"Mindreks Metall","description":"Metallit\u00f6\u00f6d, akumulatsioonipaagid","publisher":{"@id":"https:\/\/mindreksmetall.ee\/#organization"},"potentialAction":[{"@type":"SearchAction","target":{"@type":"EntryPoint","urlTemplate":"https:\/\/mindreksmetall.ee\/?s={search_term_string}"},"query-input":{"@type":"PropertyValueSpecification","valueRequired":true,"valueName":"search_term_string"}}],"inLanguage":"fi"},{"@type":"Organization","@id":"https:\/\/mindreksmetall.ee\/#organization","name":"Mindreks Metall","url":"https:\/\/mindreksmetall.ee\/","logo":{"@type":"ImageObject","inLanguage":"fi","@id":"https:\/\/mindreksmetall.ee\/#\/schema\/logo\/image\/","url":"https:\/\/soojapood.ee\/wp-content\/uploads\/2022\/06\/soojapood_logo-01-1-1.png","contentUrl":"https:\/\/soojapood.ee\/wp-content\/uploads\/2022\/06\/soojapood_logo-01-1-1.png","width":596,"height":133,"caption":"Mindreks Metall"},"image":{"@id":"https:\/\/mindreksmetall.ee\/#\/schema\/logo\/image\/"},"sameAs":["https:\/\/m.facebook.com\/soojapood?_rdr"]}]}},"_links":{"self":[{"href":"https:\/\/mindreksmetall.ee\/fi\/wp-json\/wp\/v2\/product\/14540","targetHints":{"allow":["GET"]}}],"collection":[{"href":"https:\/\/mindreksmetall.ee\/fi\/wp-json\/wp\/v2\/product"}],"about":[{"href":"https:\/\/mindreksmetall.ee\/fi\/wp-json\/wp\/v2\/types\/product"}],"version-history":[{"count":3,"href":"https:\/\/mindreksmetall.ee\/fi\/wp-json\/wp\/v2\/product\/14540\/revisions"}],"predecessor-version":[{"id":16086,"href":"https:\/\/mindreksmetall.ee\/fi\/wp-json\/wp\/v2\/product\/14540\/revisions\/16086"}],"wp:featuredmedia":[{"embeddable":true,"href":"https:\/\/mindreksmetall.ee\/fi\/wp-json\/wp\/v2\/media\/14541"}],"wp:attachment":[{"href":"https:\/\/mindreksmetall.ee\/fi\/wp-json\/wp\/v2\/media?parent=14540"}],"wp:term":[{"taxonomy":"product_brand","embeddable":true,"href":"https:\/\/mindreksmetall.ee\/fi\/wp-json\/wp\/v2\/product_brand?post=14540"},{"taxonomy":"product_cat","embeddable":true,"href":"https:\/\/mindreksmetall.ee\/fi\/wp-json\/wp\/v2\/product_cat?post=14540"},{"taxonomy":"product_tag","embeddable":true,"href":"https:\/\/mindreksmetall.ee\/fi\/wp-json\/wp\/v2\/product_tag?post=14540"}],"curies":[{"name":"wp","href":"https:\/\/api.w.org\/{rel}","templated":true}]}}