{"id":14575,"date":"2023-11-13T13:27:04","date_gmt":"2023-11-13T11:27:04","guid":{"rendered":"https:\/\/mindreksmetall.ee\/toode\/1100-litran-varaajasailio-jossa-on-sisaanrakennettu-lisalammitys-lammonvaihtimella-varustettuna\/"},"modified":"2025-07-10T09:07:55","modified_gmt":"2025-07-10T06:07:55","slug":"1100-l-varaaja-sisaanrakennetulla-lisalammityksen-lammonvaihtimella","status":"publish","type":"product","link":"https:\/\/mindreksmetall.ee\/fi\/toode\/1100-l-varaaja-sisaanrakennetulla-lisalammityksen-lammonvaihtimella\/","title":{"rendered":"1100 L varaaja sis\u00e4\u00e4nrakennetulla lis\u00e4l\u00e4mmityksen l\u00e4mm\u00f6nvaihtimella"},"content":{"rendered":"<p>K\u00e4ytt\u00f6paine 2,5 Bar varaaja<\/p>\n<p>K\u00e4ytt\u00f6paine 6 Bar l\u00e4mm\u00f6nvaihdin<\/p>\n<p>Alempi ruostumaton l\u00e4mm\u00f6nvaihdin aurinkol\u00e4mmityst\u00e4 varten 44 kW &#8211; 2,7 m2<\/p>\n<p>&nbsp;<\/p>\n<p style=\"text-align: justify;\">Laadukkaat varaajat suoraan valmistajalta. Nykyaikainen plasmaleikkaus, robottihitsaus ja laadunvalvonta takaavat erinomaisen lopputuloksen ja asiakasyst\u00e4v\u00e4llisen hinnan. Hinnastossa vakiotuotteet, joista enint\u00e4\u00e4n 2500 l varaajat ovat jatkuvasti varastossa. Valmistamme varaajia my\u00f6s asiakkaan toivomien mittojen mukaan. Varaaja on mahdollista tilata 3-osaisena paikan p\u00e4\u00e4ll\u00e4 hitsattavaksi.<\/p>\n","protected":false},"excerpt":{"rendered":"<p>3(4) mm, halkaisija 950 mm, korkeus 1760 mm, paino 170 kg<\/p>\n","protected":false},"featured_media":14311,"template":"","meta":{"_acf_changed":false},"product_brand":[],"product_cat":[266,244],"product_tag":[],"class_list":{"0":"post-14575","1":"product","2":"type-product","3":"status-publish","4":"has-post-thumbnail","6":"product_cat-eristamattomat-kerayssailiot-joissa-on-aurinkolammon-lammonvaihdin","7":"product_cat-lammonvaihtimella-varustetut-kerayssailiot","9":"first","10":"instock","11":"taxable","12":"shipping-taxable","13":"purchasable","14":"product-type-simple"},"acf":[],"yoast_head":"<!-- This site is optimized with the Yoast SEO plugin v27.4 - https:\/\/yoast.com\/product\/yoast-seo-wordpress\/ -->\n<title>1100 L varaaja sis\u00e4\u00e4nrakennetulla lis\u00e4l\u00e4mmityksen l\u00e4mm\u00f6nvaihtimella - Mindreks Metall<\/title>\n<meta name=\"robots\" content=\"index, follow, max-snippet:-1, max-image-preview:large, max-video-preview:-1\" \/>\n<link rel=\"canonical\" href=\"https:\/\/mindreksmetall.ee\/fi\/toode\/1100-l-varaaja-sisaanrakennetulla-lisalammityksen-lammonvaihtimella\/\" \/>\n<meta property=\"og:locale\" content=\"fi_FI\" \/>\n<meta property=\"og:type\" content=\"article\" \/>\n<meta property=\"og:title\" content=\"1100 L varaaja sis\u00e4\u00e4nrakennetulla lis\u00e4l\u00e4mmityksen l\u00e4mm\u00f6nvaihtimella - Mindreks Metall\" \/>\n<meta property=\"og:description\" content=\"3(4) mm, halkaisija 950 mm, korkeus 1760 mm, paino 170 kg\" \/>\n<meta property=\"og:url\" content=\"https:\/\/mindreksmetall.ee\/fi\/toode\/1100-l-varaaja-sisaanrakennetulla-lisalammityksen-lammonvaihtimella\/\" \/>\n<meta property=\"og:site_name\" content=\"Mindreks Metall\" \/>\n<meta property=\"article:publisher\" content=\"https:\/\/m.facebook.com\/soojapood?_rdr\" \/>\n<meta property=\"article:modified_time\" content=\"2025-07-10T06:07:55+00:00\" \/>\n<meta property=\"og:image\" content=\"https:\/\/mindreksmetall.ee\/wp-content\/uploads\/2022\/07\/0001_mindreks.jpeg\" \/>\n\t<meta property=\"og:image:width\" content=\"300\" \/>\n\t<meta property=\"og:image:height\" content=\"300\" \/>\n\t<meta property=\"og:image:type\" content=\"image\/jpeg\" \/>\n<meta name=\"twitter:card\" content=\"summary_large_image\" \/>\n<script type=\"application\/ld+json\" class=\"yoast-schema-graph\">{\"@context\":\"https:\\\/\\\/schema.org\",\"@graph\":[{\"@type\":\"WebPage\",\"@id\":\"https:\\\/\\\/mindreksmetall.ee\\\/fi\\\/toode\\\/1100-l-varaaja-sisaanrakennetulla-lisalammityksen-lammonvaihtimella\\\/\",\"url\":\"https:\\\/\\\/mindreksmetall.ee\\\/fi\\\/toode\\\/1100-l-varaaja-sisaanrakennetulla-lisalammityksen-lammonvaihtimella\\\/\",\"name\":\"1100 L varaaja sis\u00e4\u00e4nrakennetulla lis\u00e4l\u00e4mmityksen l\u00e4mm\u00f6nvaihtimella - Mindreks Metall\",\"isPartOf\":{\"@id\":\"https:\\\/\\\/mindreksmetall.ee\\\/#website\"},\"primaryImageOfPage\":{\"@id\":\"https:\\\/\\\/mindreksmetall.ee\\\/fi\\\/toode\\\/1100-l-varaaja-sisaanrakennetulla-lisalammityksen-lammonvaihtimella\\\/#primaryimage\"},\"image\":{\"@id\":\"https:\\\/\\\/mindreksmetall.ee\\\/fi\\\/toode\\\/1100-l-varaaja-sisaanrakennetulla-lisalammityksen-lammonvaihtimella\\\/#primaryimage\"},\"thumbnailUrl\":\"https:\\\/\\\/mindreksmetall.ee\\\/wp-content\\\/uploads\\\/2022\\\/07\\\/0001_mindreks.jpeg\",\"datePublished\":\"2023-11-13T11:27:04+00:00\",\"dateModified\":\"2025-07-10T06:07:55+00:00\",\"breadcrumb\":{\"@id\":\"https:\\\/\\\/mindreksmetall.ee\\\/fi\\\/toode\\\/1100-l-varaaja-sisaanrakennetulla-lisalammityksen-lammonvaihtimella\\\/#breadcrumb\"},\"inLanguage\":\"fi\",\"potentialAction\":[{\"@type\":\"ReadAction\",\"target\":[\"https:\\\/\\\/mindreksmetall.ee\\\/fi\\\/toode\\\/1100-l-varaaja-sisaanrakennetulla-lisalammityksen-lammonvaihtimella\\\/\"]}]},{\"@type\":\"ImageObject\",\"inLanguage\":\"fi\",\"@id\":\"https:\\\/\\\/mindreksmetall.ee\\\/fi\\\/toode\\\/1100-l-varaaja-sisaanrakennetulla-lisalammityksen-lammonvaihtimella\\\/#primaryimage\",\"url\":\"https:\\\/\\\/mindreksmetall.ee\\\/wp-content\\\/uploads\\\/2022\\\/07\\\/0001_mindreks.jpeg\",\"contentUrl\":\"https:\\\/\\\/mindreksmetall.ee\\\/wp-content\\\/uploads\\\/2022\\\/07\\\/0001_mindreks.jpeg\",\"width\":300,\"height\":300,\"caption\":\"Varaaja\"},{\"@type\":\"BreadcrumbList\",\"@id\":\"https:\\\/\\\/mindreksmetall.ee\\\/fi\\\/toode\\\/1100-l-varaaja-sisaanrakennetulla-lisalammityksen-lammonvaihtimella\\\/#breadcrumb\",\"itemListElement\":[{\"@type\":\"ListItem\",\"position\":1,\"name\":\"Home\",\"item\":\"https:\\\/\\\/mindreksmetall.ee\\\/\"},{\"@type\":\"ListItem\",\"position\":2,\"name\":\"Kauppa\",\"item\":\"https:\\\/\\\/mindreksmetall.ee\\\/fi\\\/osta-osoitteessa\\\/\"},{\"@type\":\"ListItem\",\"position\":3,\"name\":\"1100 L varaaja sis\u00e4\u00e4nrakennetulla lis\u00e4l\u00e4mmityksen l\u00e4mm\u00f6nvaihtimella\"}]},{\"@type\":\"WebSite\",\"@id\":\"https:\\\/\\\/mindreksmetall.ee\\\/#website\",\"url\":\"https:\\\/\\\/mindreksmetall.ee\\\/\",\"name\":\"Mindreks Metall\",\"description\":\"Metallit\u00f6\u00f6d, akumulatsioonipaagid\",\"publisher\":{\"@id\":\"https:\\\/\\\/mindreksmetall.ee\\\/#organization\"},\"potentialAction\":[{\"@type\":\"SearchAction\",\"target\":{\"@type\":\"EntryPoint\",\"urlTemplate\":\"https:\\\/\\\/mindreksmetall.ee\\\/?s={search_term_string}\"},\"query-input\":{\"@type\":\"PropertyValueSpecification\",\"valueRequired\":true,\"valueName\":\"search_term_string\"}}],\"inLanguage\":\"fi\"},{\"@type\":\"Organization\",\"@id\":\"https:\\\/\\\/mindreksmetall.ee\\\/#organization\",\"name\":\"Mindreks Metall\",\"url\":\"https:\\\/\\\/mindreksmetall.ee\\\/\",\"logo\":{\"@type\":\"ImageObject\",\"inLanguage\":\"fi\",\"@id\":\"https:\\\/\\\/mindreksmetall.ee\\\/#\\\/schema\\\/logo\\\/image\\\/\",\"url\":\"https:\\\/\\\/soojapood.ee\\\/wp-content\\\/uploads\\\/2022\\\/06\\\/soojapood_logo-01-1-1.png\",\"contentUrl\":\"https:\\\/\\\/soojapood.ee\\\/wp-content\\\/uploads\\\/2022\\\/06\\\/soojapood_logo-01-1-1.png\",\"width\":596,\"height\":133,\"caption\":\"Mindreks Metall\"},\"image\":{\"@id\":\"https:\\\/\\\/mindreksmetall.ee\\\/#\\\/schema\\\/logo\\\/image\\\/\"},\"sameAs\":[\"https:\\\/\\\/m.facebook.com\\\/soojapood?_rdr\"]}]}<\/script>\n<!-- \/ Yoast SEO plugin. -->","yoast_head_json":{"title":"1100 L varaaja sis\u00e4\u00e4nrakennetulla lis\u00e4l\u00e4mmityksen l\u00e4mm\u00f6nvaihtimella - Mindreks Metall","robots":{"index":"index","follow":"follow","max-snippet":"max-snippet:-1","max-image-preview":"max-image-preview:large","max-video-preview":"max-video-preview:-1"},"canonical":"https:\/\/mindreksmetall.ee\/fi\/toode\/1100-l-varaaja-sisaanrakennetulla-lisalammityksen-lammonvaihtimella\/","og_locale":"fi_FI","og_type":"article","og_title":"1100 L varaaja sis\u00e4\u00e4nrakennetulla lis\u00e4l\u00e4mmityksen l\u00e4mm\u00f6nvaihtimella - Mindreks Metall","og_description":"3(4) mm, halkaisija 950 mm, korkeus 1760 mm, paino 170 kg","og_url":"https:\/\/mindreksmetall.ee\/fi\/toode\/1100-l-varaaja-sisaanrakennetulla-lisalammityksen-lammonvaihtimella\/","og_site_name":"Mindreks Metall","article_publisher":"https:\/\/m.facebook.com\/soojapood?_rdr","article_modified_time":"2025-07-10T06:07:55+00:00","og_image":[{"width":300,"height":300,"url":"https:\/\/mindreksmetall.ee\/wp-content\/uploads\/2022\/07\/0001_mindreks.jpeg","type":"image\/jpeg"}],"twitter_card":"summary_large_image","schema":{"@context":"https:\/\/schema.org","@graph":[{"@type":"WebPage","@id":"https:\/\/mindreksmetall.ee\/fi\/toode\/1100-l-varaaja-sisaanrakennetulla-lisalammityksen-lammonvaihtimella\/","url":"https:\/\/mindreksmetall.ee\/fi\/toode\/1100-l-varaaja-sisaanrakennetulla-lisalammityksen-lammonvaihtimella\/","name":"1100 L varaaja sis\u00e4\u00e4nrakennetulla lis\u00e4l\u00e4mmityksen l\u00e4mm\u00f6nvaihtimella - Mindreks Metall","isPartOf":{"@id":"https:\/\/mindreksmetall.ee\/#website"},"primaryImageOfPage":{"@id":"https:\/\/mindreksmetall.ee\/fi\/toode\/1100-l-varaaja-sisaanrakennetulla-lisalammityksen-lammonvaihtimella\/#primaryimage"},"image":{"@id":"https:\/\/mindreksmetall.ee\/fi\/toode\/1100-l-varaaja-sisaanrakennetulla-lisalammityksen-lammonvaihtimella\/#primaryimage"},"thumbnailUrl":"https:\/\/mindreksmetall.ee\/wp-content\/uploads\/2022\/07\/0001_mindreks.jpeg","datePublished":"2023-11-13T11:27:04+00:00","dateModified":"2025-07-10T06:07:55+00:00","breadcrumb":{"@id":"https:\/\/mindreksmetall.ee\/fi\/toode\/1100-l-varaaja-sisaanrakennetulla-lisalammityksen-lammonvaihtimella\/#breadcrumb"},"inLanguage":"fi","potentialAction":[{"@type":"ReadAction","target":["https:\/\/mindreksmetall.ee\/fi\/toode\/1100-l-varaaja-sisaanrakennetulla-lisalammityksen-lammonvaihtimella\/"]}]},{"@type":"ImageObject","inLanguage":"fi","@id":"https:\/\/mindreksmetall.ee\/fi\/toode\/1100-l-varaaja-sisaanrakennetulla-lisalammityksen-lammonvaihtimella\/#primaryimage","url":"https:\/\/mindreksmetall.ee\/wp-content\/uploads\/2022\/07\/0001_mindreks.jpeg","contentUrl":"https:\/\/mindreksmetall.ee\/wp-content\/uploads\/2022\/07\/0001_mindreks.jpeg","width":300,"height":300,"caption":"Varaaja"},{"@type":"BreadcrumbList","@id":"https:\/\/mindreksmetall.ee\/fi\/toode\/1100-l-varaaja-sisaanrakennetulla-lisalammityksen-lammonvaihtimella\/#breadcrumb","itemListElement":[{"@type":"ListItem","position":1,"name":"Home","item":"https:\/\/mindreksmetall.ee\/"},{"@type":"ListItem","position":2,"name":"Kauppa","item":"https:\/\/mindreksmetall.ee\/fi\/osta-osoitteessa\/"},{"@type":"ListItem","position":3,"name":"1100 L varaaja sis\u00e4\u00e4nrakennetulla lis\u00e4l\u00e4mmityksen l\u00e4mm\u00f6nvaihtimella"}]},{"@type":"WebSite","@id":"https:\/\/mindreksmetall.ee\/#website","url":"https:\/\/mindreksmetall.ee\/","name":"Mindreks Metall","description":"Metallit\u00f6\u00f6d, akumulatsioonipaagid","publisher":{"@id":"https:\/\/mindreksmetall.ee\/#organization"},"potentialAction":[{"@type":"SearchAction","target":{"@type":"EntryPoint","urlTemplate":"https:\/\/mindreksmetall.ee\/?s={search_term_string}"},"query-input":{"@type":"PropertyValueSpecification","valueRequired":true,"valueName":"search_term_string"}}],"inLanguage":"fi"},{"@type":"Organization","@id":"https:\/\/mindreksmetall.ee\/#organization","name":"Mindreks Metall","url":"https:\/\/mindreksmetall.ee\/","logo":{"@type":"ImageObject","inLanguage":"fi","@id":"https:\/\/mindreksmetall.ee\/#\/schema\/logo\/image\/","url":"https:\/\/soojapood.ee\/wp-content\/uploads\/2022\/06\/soojapood_logo-01-1-1.png","contentUrl":"https:\/\/soojapood.ee\/wp-content\/uploads\/2022\/06\/soojapood_logo-01-1-1.png","width":596,"height":133,"caption":"Mindreks Metall"},"image":{"@id":"https:\/\/mindreksmetall.ee\/#\/schema\/logo\/image\/"},"sameAs":["https:\/\/m.facebook.com\/soojapood?_rdr"]}]}},"_links":{"self":[{"href":"https:\/\/mindreksmetall.ee\/fi\/wp-json\/wp\/v2\/product\/14575","targetHints":{"allow":["GET"]}}],"collection":[{"href":"https:\/\/mindreksmetall.ee\/fi\/wp-json\/wp\/v2\/product"}],"about":[{"href":"https:\/\/mindreksmetall.ee\/fi\/wp-json\/wp\/v2\/types\/product"}],"version-history":[{"count":3,"href":"https:\/\/mindreksmetall.ee\/fi\/wp-json\/wp\/v2\/product\/14575\/revisions"}],"predecessor-version":[{"id":16459,"href":"https:\/\/mindreksmetall.ee\/fi\/wp-json\/wp\/v2\/product\/14575\/revisions\/16459"}],"wp:featuredmedia":[{"embeddable":true,"href":"https:\/\/mindreksmetall.ee\/fi\/wp-json\/wp\/v2\/media\/14311"}],"wp:attachment":[{"href":"https:\/\/mindreksmetall.ee\/fi\/wp-json\/wp\/v2\/media?parent=14575"}],"wp:term":[{"taxonomy":"product_brand","embeddable":true,"href":"https:\/\/mindreksmetall.ee\/fi\/wp-json\/wp\/v2\/product_brand?post=14575"},{"taxonomy":"product_cat","embeddable":true,"href":"https:\/\/mindreksmetall.ee\/fi\/wp-json\/wp\/v2\/product_cat?post=14575"},{"taxonomy":"product_tag","embeddable":true,"href":"https:\/\/mindreksmetall.ee\/fi\/wp-json\/wp\/v2\/product_tag?post=14575"}],"curies":[{"name":"wp","href":"https:\/\/api.w.org\/{rel}","templated":true}]}}