{"id":17229,"date":"2026-01-14T13:06:13","date_gmt":"2026-01-14T11:06:13","guid":{"rendered":"https:\/\/mindreksmetall.ee\/toode\/lampopumpun-sailio-lammonvaihtimella-1500l\/"},"modified":"2026-01-14T13:33:28","modified_gmt":"2026-01-14T11:33:28","slug":"lampopumpun-sailio-lammonvaihtimella-1500l","status":"publish","type":"product","link":"https:\/\/mindreksmetall.ee\/fi\/toode\/lampopumpun-sailio-lammonvaihtimella-1500l\/","title":{"rendered":"L\u00e4mp\u00f6pumpun s\u00e4ili\u00f6 l\u00e4mm\u00f6nvaihtimella 1500L"},"content":{"rendered":"<p>L\u00e4mp\u00f6pumpun s\u00e4ili\u00f6 l\u00e4mm\u00f6nvaihtimella 1500L.<\/p>\n<p>Halkaisija eristyksen kanssa 1200mm, korkeus 2190mm, paino 215kg.<\/p>\n<p>Ruostumattomasta ter\u00e4ksest\u00e4 valmistettu l\u00e4mm\u00f6nvaihdin DN32 s\u00e4ili\u00f6n sis\u00e4ll\u00e4: 5,5 m2.<\/p>\n<p>Max 6 bar<\/p>\n<p>Eristys 100 mm, p\u00e4\u00e4llystetty 1 mm muovilla.<\/p>\n<p>Laadukkaat ker\u00e4yss\u00e4ili\u00f6t suoraan valmistajalta. Nykyaikainen plasmaleikkaus, robottihitsaus ja laadunvalvonta takaavat erinomaiset tulokset ja asiakasyst\u00e4v\u00e4lliset hinnat. Voimme valmistaa akkus\u00e4ili\u00f6it\u00e4 my\u00f6s asiakkaan toivomien mittojen mukaan.<\/p>\n","protected":false},"excerpt":{"rendered":"<p>Halkaisija eristyksen kanssa 1200mm, korkeus 2190mm, paino 215kg.<\/p>\n","protected":false},"featured_media":17198,"template":"","meta":{"_acf_changed":false},"product_brand":[],"product_cat":[244,310],"product_tag":[],"class_list":{"0":"post-17229","1":"product","2":"type-product","3":"status-publish","4":"has-post-thumbnail","6":"product_cat-lammonvaihtimella-varustetut-kerayssailiot","7":"product_cat-lampopumppusailiot-lammonvaihtimella","9":"first","10":"instock","11":"taxable","12":"shipping-taxable","13":"purchasable","14":"product-type-simple"},"acf":[],"yoast_head":"<!-- This site is optimized with the Yoast SEO plugin v27.4 - https:\/\/yoast.com\/product\/yoast-seo-wordpress\/ -->\n<title>L\u00e4mp\u00f6pumpun s\u00e4ili\u00f6 l\u00e4mm\u00f6nvaihtimella 1500L - Mindreks Metall<\/title>\n<meta name=\"robots\" content=\"index, follow, max-snippet:-1, max-image-preview:large, max-video-preview:-1\" \/>\n<link rel=\"canonical\" href=\"https:\/\/mindreksmetall.ee\/fi\/toode\/lampopumpun-sailio-lammonvaihtimella-1500l\/\" \/>\n<meta property=\"og:locale\" content=\"fi_FI\" \/>\n<meta property=\"og:type\" content=\"article\" \/>\n<meta property=\"og:title\" content=\"L\u00e4mp\u00f6pumpun s\u00e4ili\u00f6 l\u00e4mm\u00f6nvaihtimella 1500L - Mindreks Metall\" \/>\n<meta property=\"og:description\" content=\"Halkaisija eristyksen kanssa 1200mm, korkeus 2190mm, paino 215kg.\" \/>\n<meta property=\"og:url\" content=\"https:\/\/mindreksmetall.ee\/fi\/toode\/lampopumpun-sailio-lammonvaihtimella-1500l\/\" \/>\n<meta property=\"og:site_name\" content=\"Mindreks Metall\" \/>\n<meta property=\"article:publisher\" content=\"https:\/\/m.facebook.com\/soojapood?_rdr\" \/>\n<meta property=\"article:modified_time\" content=\"2026-01-14T11:33:28+00:00\" \/>\n<meta property=\"og:image\" content=\"https:\/\/mindreksmetall.ee\/wp-content\/uploads\/2026\/01\/CWH-paak.jpg\" \/>\n\t<meta property=\"og:image:width\" content=\"344\" \/>\n\t<meta property=\"og:image:height\" content=\"618\" \/>\n\t<meta property=\"og:image:type\" content=\"image\/jpeg\" \/>\n<meta name=\"twitter:card\" content=\"summary_large_image\" \/>\n<meta name=\"twitter:label1\" content=\"Arvioitu lukuaika\" \/>\n\t<meta name=\"twitter:data1\" content=\"1 minuutti\" \/>\n<script type=\"application\/ld+json\" class=\"yoast-schema-graph\">{\"@context\":\"https:\\\/\\\/schema.org\",\"@graph\":[{\"@type\":\"WebPage\",\"@id\":\"https:\\\/\\\/mindreksmetall.ee\\\/fi\\\/toode\\\/lampopumpun-sailio-lammonvaihtimella-1500l\\\/\",\"url\":\"https:\\\/\\\/mindreksmetall.ee\\\/fi\\\/toode\\\/lampopumpun-sailio-lammonvaihtimella-1500l\\\/\",\"name\":\"L\u00e4mp\u00f6pumpun s\u00e4ili\u00f6 l\u00e4mm\u00f6nvaihtimella 1500L - Mindreks Metall\",\"isPartOf\":{\"@id\":\"https:\\\/\\\/mindreksmetall.ee\\\/#website\"},\"primaryImageOfPage\":{\"@id\":\"https:\\\/\\\/mindreksmetall.ee\\\/fi\\\/toode\\\/lampopumpun-sailio-lammonvaihtimella-1500l\\\/#primaryimage\"},\"image\":{\"@id\":\"https:\\\/\\\/mindreksmetall.ee\\\/fi\\\/toode\\\/lampopumpun-sailio-lammonvaihtimella-1500l\\\/#primaryimage\"},\"thumbnailUrl\":\"https:\\\/\\\/mindreksmetall.ee\\\/wp-content\\\/uploads\\\/2026\\\/01\\\/CWH-paak2.jpg\",\"datePublished\":\"2026-01-14T11:06:13+00:00\",\"dateModified\":\"2026-01-14T11:33:28+00:00\",\"breadcrumb\":{\"@id\":\"https:\\\/\\\/mindreksmetall.ee\\\/fi\\\/toode\\\/lampopumpun-sailio-lammonvaihtimella-1500l\\\/#breadcrumb\"},\"inLanguage\":\"fi\",\"potentialAction\":[{\"@type\":\"ReadAction\",\"target\":[\"https:\\\/\\\/mindreksmetall.ee\\\/fi\\\/toode\\\/lampopumpun-sailio-lammonvaihtimella-1500l\\\/\"]}]},{\"@type\":\"ImageObject\",\"inLanguage\":\"fi\",\"@id\":\"https:\\\/\\\/mindreksmetall.ee\\\/fi\\\/toode\\\/lampopumpun-sailio-lammonvaihtimella-1500l\\\/#primaryimage\",\"url\":\"https:\\\/\\\/mindreksmetall.ee\\\/wp-content\\\/uploads\\\/2026\\\/01\\\/CWH-paak2.jpg\",\"contentUrl\":\"https:\\\/\\\/mindreksmetall.ee\\\/wp-content\\\/uploads\\\/2026\\\/01\\\/CWH-paak2.jpg\",\"width\":327,\"height\":610},{\"@type\":\"BreadcrumbList\",\"@id\":\"https:\\\/\\\/mindreksmetall.ee\\\/fi\\\/toode\\\/lampopumpun-sailio-lammonvaihtimella-1500l\\\/#breadcrumb\",\"itemListElement\":[{\"@type\":\"ListItem\",\"position\":1,\"name\":\"Home\",\"item\":\"https:\\\/\\\/mindreksmetall.ee\\\/\"},{\"@type\":\"ListItem\",\"position\":2,\"name\":\"Kauppa\",\"item\":\"https:\\\/\\\/mindreksmetall.ee\\\/fi\\\/osta-osoitteessa\\\/\"},{\"@type\":\"ListItem\",\"position\":3,\"name\":\"L\u00e4mp\u00f6pumpun s\u00e4ili\u00f6 l\u00e4mm\u00f6nvaihtimella 1500L\"}]},{\"@type\":\"WebSite\",\"@id\":\"https:\\\/\\\/mindreksmetall.ee\\\/#website\",\"url\":\"https:\\\/\\\/mindreksmetall.ee\\\/\",\"name\":\"Mindreks Metall\",\"description\":\"Metallit\u00f6\u00f6d, akumulatsioonipaagid\",\"publisher\":{\"@id\":\"https:\\\/\\\/mindreksmetall.ee\\\/#organization\"},\"potentialAction\":[{\"@type\":\"SearchAction\",\"target\":{\"@type\":\"EntryPoint\",\"urlTemplate\":\"https:\\\/\\\/mindreksmetall.ee\\\/?s={search_term_string}\"},\"query-input\":{\"@type\":\"PropertyValueSpecification\",\"valueRequired\":true,\"valueName\":\"search_term_string\"}}],\"inLanguage\":\"fi\"},{\"@type\":\"Organization\",\"@id\":\"https:\\\/\\\/mindreksmetall.ee\\\/#organization\",\"name\":\"Mindreks Metall\",\"url\":\"https:\\\/\\\/mindreksmetall.ee\\\/\",\"logo\":{\"@type\":\"ImageObject\",\"inLanguage\":\"fi\",\"@id\":\"https:\\\/\\\/mindreksmetall.ee\\\/#\\\/schema\\\/logo\\\/image\\\/\",\"url\":\"https:\\\/\\\/soojapood.ee\\\/wp-content\\\/uploads\\\/2022\\\/06\\\/soojapood_logo-01-1-1.png\",\"contentUrl\":\"https:\\\/\\\/soojapood.ee\\\/wp-content\\\/uploads\\\/2022\\\/06\\\/soojapood_logo-01-1-1.png\",\"width\":596,\"height\":133,\"caption\":\"Mindreks Metall\"},\"image\":{\"@id\":\"https:\\\/\\\/mindreksmetall.ee\\\/#\\\/schema\\\/logo\\\/image\\\/\"},\"sameAs\":[\"https:\\\/\\\/m.facebook.com\\\/soojapood?_rdr\"]}]}<\/script>\n<!-- \/ Yoast SEO plugin. -->","yoast_head_json":{"title":"L\u00e4mp\u00f6pumpun s\u00e4ili\u00f6 l\u00e4mm\u00f6nvaihtimella 1500L - Mindreks Metall","robots":{"index":"index","follow":"follow","max-snippet":"max-snippet:-1","max-image-preview":"max-image-preview:large","max-video-preview":"max-video-preview:-1"},"canonical":"https:\/\/mindreksmetall.ee\/fi\/toode\/lampopumpun-sailio-lammonvaihtimella-1500l\/","og_locale":"fi_FI","og_type":"article","og_title":"L\u00e4mp\u00f6pumpun s\u00e4ili\u00f6 l\u00e4mm\u00f6nvaihtimella 1500L - Mindreks Metall","og_description":"Halkaisija eristyksen kanssa 1200mm, korkeus 2190mm, paino 215kg.","og_url":"https:\/\/mindreksmetall.ee\/fi\/toode\/lampopumpun-sailio-lammonvaihtimella-1500l\/","og_site_name":"Mindreks Metall","article_publisher":"https:\/\/m.facebook.com\/soojapood?_rdr","article_modified_time":"2026-01-14T11:33:28+00:00","og_image":[{"width":344,"height":618,"url":"https:\/\/mindreksmetall.ee\/wp-content\/uploads\/2026\/01\/CWH-paak.jpg","type":"image\/jpeg"}],"twitter_card":"summary_large_image","twitter_misc":{"Arvioitu lukuaika":"1 minuutti"},"schema":{"@context":"https:\/\/schema.org","@graph":[{"@type":"WebPage","@id":"https:\/\/mindreksmetall.ee\/fi\/toode\/lampopumpun-sailio-lammonvaihtimella-1500l\/","url":"https:\/\/mindreksmetall.ee\/fi\/toode\/lampopumpun-sailio-lammonvaihtimella-1500l\/","name":"L\u00e4mp\u00f6pumpun s\u00e4ili\u00f6 l\u00e4mm\u00f6nvaihtimella 1500L - Mindreks Metall","isPartOf":{"@id":"https:\/\/mindreksmetall.ee\/#website"},"primaryImageOfPage":{"@id":"https:\/\/mindreksmetall.ee\/fi\/toode\/lampopumpun-sailio-lammonvaihtimella-1500l\/#primaryimage"},"image":{"@id":"https:\/\/mindreksmetall.ee\/fi\/toode\/lampopumpun-sailio-lammonvaihtimella-1500l\/#primaryimage"},"thumbnailUrl":"https:\/\/mindreksmetall.ee\/wp-content\/uploads\/2026\/01\/CWH-paak2.jpg","datePublished":"2026-01-14T11:06:13+00:00","dateModified":"2026-01-14T11:33:28+00:00","breadcrumb":{"@id":"https:\/\/mindreksmetall.ee\/fi\/toode\/lampopumpun-sailio-lammonvaihtimella-1500l\/#breadcrumb"},"inLanguage":"fi","potentialAction":[{"@type":"ReadAction","target":["https:\/\/mindreksmetall.ee\/fi\/toode\/lampopumpun-sailio-lammonvaihtimella-1500l\/"]}]},{"@type":"ImageObject","inLanguage":"fi","@id":"https:\/\/mindreksmetall.ee\/fi\/toode\/lampopumpun-sailio-lammonvaihtimella-1500l\/#primaryimage","url":"https:\/\/mindreksmetall.ee\/wp-content\/uploads\/2026\/01\/CWH-paak2.jpg","contentUrl":"https:\/\/mindreksmetall.ee\/wp-content\/uploads\/2026\/01\/CWH-paak2.jpg","width":327,"height":610},{"@type":"BreadcrumbList","@id":"https:\/\/mindreksmetall.ee\/fi\/toode\/lampopumpun-sailio-lammonvaihtimella-1500l\/#breadcrumb","itemListElement":[{"@type":"ListItem","position":1,"name":"Home","item":"https:\/\/mindreksmetall.ee\/"},{"@type":"ListItem","position":2,"name":"Kauppa","item":"https:\/\/mindreksmetall.ee\/fi\/osta-osoitteessa\/"},{"@type":"ListItem","position":3,"name":"L\u00e4mp\u00f6pumpun s\u00e4ili\u00f6 l\u00e4mm\u00f6nvaihtimella 1500L"}]},{"@type":"WebSite","@id":"https:\/\/mindreksmetall.ee\/#website","url":"https:\/\/mindreksmetall.ee\/","name":"Mindreks Metall","description":"Metallit\u00f6\u00f6d, akumulatsioonipaagid","publisher":{"@id":"https:\/\/mindreksmetall.ee\/#organization"},"potentialAction":[{"@type":"SearchAction","target":{"@type":"EntryPoint","urlTemplate":"https:\/\/mindreksmetall.ee\/?s={search_term_string}"},"query-input":{"@type":"PropertyValueSpecification","valueRequired":true,"valueName":"search_term_string"}}],"inLanguage":"fi"},{"@type":"Organization","@id":"https:\/\/mindreksmetall.ee\/#organization","name":"Mindreks Metall","url":"https:\/\/mindreksmetall.ee\/","logo":{"@type":"ImageObject","inLanguage":"fi","@id":"https:\/\/mindreksmetall.ee\/#\/schema\/logo\/image\/","url":"https:\/\/soojapood.ee\/wp-content\/uploads\/2022\/06\/soojapood_logo-01-1-1.png","contentUrl":"https:\/\/soojapood.ee\/wp-content\/uploads\/2022\/06\/soojapood_logo-01-1-1.png","width":596,"height":133,"caption":"Mindreks Metall"},"image":{"@id":"https:\/\/mindreksmetall.ee\/#\/schema\/logo\/image\/"},"sameAs":["https:\/\/m.facebook.com\/soojapood?_rdr"]}]}},"_links":{"self":[{"href":"https:\/\/mindreksmetall.ee\/fi\/wp-json\/wp\/v2\/product\/17229","targetHints":{"allow":["GET"]}}],"collection":[{"href":"https:\/\/mindreksmetall.ee\/fi\/wp-json\/wp\/v2\/product"}],"about":[{"href":"https:\/\/mindreksmetall.ee\/fi\/wp-json\/wp\/v2\/types\/product"}],"version-history":[{"count":1,"href":"https:\/\/mindreksmetall.ee\/fi\/wp-json\/wp\/v2\/product\/17229\/revisions"}],"predecessor-version":[{"id":17230,"href":"https:\/\/mindreksmetall.ee\/fi\/wp-json\/wp\/v2\/product\/17229\/revisions\/17230"}],"wp:featuredmedia":[{"embeddable":true,"href":"https:\/\/mindreksmetall.ee\/fi\/wp-json\/wp\/v2\/media\/17198"}],"wp:attachment":[{"href":"https:\/\/mindreksmetall.ee\/fi\/wp-json\/wp\/v2\/media?parent=17229"}],"wp:term":[{"taxonomy":"product_brand","embeddable":true,"href":"https:\/\/mindreksmetall.ee\/fi\/wp-json\/wp\/v2\/product_brand?post=17229"},{"taxonomy":"product_cat","embeddable":true,"href":"https:\/\/mindreksmetall.ee\/fi\/wp-json\/wp\/v2\/product_cat?post=17229"},{"taxonomy":"product_tag","embeddable":true,"href":"https:\/\/mindreksmetall.ee\/fi\/wp-json\/wp\/v2\/product_tag?post=17229"}],"curies":[{"name":"wp","href":"https:\/\/api.w.org\/{rel}","templated":true}]}}