{"id":11072,"date":"2021-10-12T16:27:24","date_gmt":"2021-10-12T13:27:24","guid":{"rendered":"https:\/\/mindreksmetall.ee\/kontaktinformacija\/"},"modified":"2024-10-29T15:05:21","modified_gmt":"2024-10-29T13:05:21","slug":"kontaktinformacija","status":"publish","type":"page","link":"https:\/\/mindreksmetall.ee\/lv\/kontaktinformacija\/","title":{"rendered":"Kontaktinform\u0101cija"},"content":{"rendered":"\t\t<div data-elementor-type=\"wp-page\" data-elementor-id=\"11072\" class=\"elementor elementor-11072 elementor-4439\" data-elementor-post-type=\"page\">\n\t\t\t\t\t\t<section class=\"wd-negative-gap elementor-section elementor-top-section elementor-element elementor-element-0702998 elementor-section-boxed elementor-section-height-default elementor-section-height-default\" data-id=\"0702998\" data-element_type=\"section\" data-e-type=\"section\">\n\t\t\t\t\t\t<div class=\"elementor-container elementor-column-gap-default\">\n\t\t\t\t\t<div class=\"elementor-column elementor-col-25 elementor-top-column elementor-element elementor-element-7f001e5\" data-id=\"7f001e5\" data-element_type=\"column\" data-e-type=\"column\">\n\t\t\t<div class=\"elementor-widget-wrap elementor-element-populated\">\n\t\t\t\t\t\t<div class=\"elementor-element elementor-element-3606493 elementor-widget elementor-widget-heading\" data-id=\"3606493\" data-element_type=\"widget\" data-e-type=\"widget\" data-widget_type=\"heading.default\">\n\t\t\t\t<div class=\"elementor-widget-container\">\n\t\t\t\t\t<h2 class=\"elementor-heading-title elementor-size-medium\">Vad\u012bt\u0101js<\/h2>\t\t\t\t<\/div>\n\t\t\t\t<\/div>\n\t\t\t\t<div class=\"elementor-element elementor-element-14cb688 color-scheme-inherit text-left elementor-widget elementor-widget-text-editor\" data-id=\"14cb688\" data-element_type=\"widget\" data-e-type=\"widget\" data-widget_type=\"text-editor.default\">\n\t\t\t\t<div class=\"elementor-widget-container\">\n\t\t\t\t\t\t\t\t\t<p>Indrek Mutso<br \/><a href=\"&#x6d;&#97;i&#x6c;&#116;&#111;&#x3a;&#x69;&#110;d&#x72;&#101;k&#x40;&#x6d;&#105;n&#x64;&#114;e&#x6b;&#x73;&#46;e&#x65;\" target=\"_blank\" rel=\"noopener\">&#x69;n&#x64;&#114;&#x65;&#107;&#x40;&#x6d;i&#x6e;&#100;&#x72;&#101;&#x6b;&#115;&#46;&#x65;&#101;<\/a><br \/>+372 58008467<\/p>\n\t\t\t\t\t\t\t\t<\/div>\n\t\t\t\t<\/div>\n\t\t\t\t\t<\/div>\n\t\t<\/div>\n\t\t\t\t<div class=\"elementor-column elementor-col-25 elementor-top-column elementor-element elementor-element-6bd93ab\" data-id=\"6bd93ab\" data-element_type=\"column\" data-e-type=\"column\">\n\t\t\t<div class=\"elementor-widget-wrap elementor-element-populated\">\n\t\t\t\t\t\t<div class=\"elementor-element elementor-element-21722c4 elementor-widget elementor-widget-heading\" data-id=\"21722c4\" data-element_type=\"widget\" data-e-type=\"widget\" data-widget_type=\"heading.default\">\n\t\t\t\t<div class=\"elementor-widget-container\">\n\t\t\t\t\t<h2 class=\"elementor-heading-title elementor-size-medium\">P\u0101rdo\u0161anas vad\u012bt\u0101js<\/h2>\t\t\t\t<\/div>\n\t\t\t\t<\/div>\n\t\t\t\t<div class=\"elementor-element elementor-element-b5ccbdf color-scheme-inherit text-left elementor-widget elementor-widget-text-editor\" data-id=\"b5ccbdf\" data-element_type=\"widget\" data-e-type=\"widget\" data-widget_type=\"text-editor.default\">\n\t\t\t\t<div class=\"elementor-widget-container\">\n\t\t\t\t\t\t\t\t\t<p><a href=\"m&#97;&#x69;&#x6c;t&#111;&#58;&#x69;&#x6e;d&#114;&#101;&#x6b;&#x40;m&#105;&#x6e;&#x64;&#x72;e&#107;&#x73;&#x2e;e&#101;\" target=\"_blank\" rel=\"noopener\">i&#110;&#100;&#x72;&#x65;&#x6b;&#x40;m&#105;&#110;&#100;&#x72;&#x65;&#x6b;s&#46;&#101;&#101;<\/a><br>+372 58008467<a href=\"&#109;a&#x69;l&#x74;o&#x3a;i&#x6e;f&#x6f;&#64;&#x6d;&#105;&#x6e;&#100;&#x72;&#101;&#x6b;&#115;&#x2e;&#101;&#x65;\" target=\"_blank\" rel=\"noopener\"><\/a><\/p>\t\t\t\t\t\t\t\t<\/div>\n\t\t\t\t<\/div>\n\t\t\t\t\t<\/div>\n\t\t<\/div>\n\t\t\t\t<div class=\"elementor-column elementor-col-25 elementor-top-column elementor-element elementor-element-e02211c\" data-id=\"e02211c\" data-element_type=\"column\" data-e-type=\"column\">\n\t\t\t<div class=\"elementor-widget-wrap elementor-element-populated\">\n\t\t\t\t\t\t<div class=\"elementor-element elementor-element-2ff07bf elementor-widget elementor-widget-heading\" data-id=\"2ff07bf\" data-element_type=\"widget\" data-e-type=\"widget\" data-widget_type=\"heading.default\">\n\t\t\t\t<div class=\"elementor-widget-container\">\n\t\t\t\t\t<h2 class=\"elementor-heading-title elementor-size-medium\">P\u0101rdo\u0161anas asistents<\/h2>\t\t\t\t<\/div>\n\t\t\t\t<\/div>\n\t\t\t\t<div class=\"elementor-element elementor-element-4609331 color-scheme-inherit text-left elementor-widget elementor-widget-text-editor\" data-id=\"4609331\" data-element_type=\"widget\" data-e-type=\"widget\" data-widget_type=\"text-editor.default\">\n\t\t\t\t<div class=\"elementor-widget-container\">\n\t\t\t\t\t\t\t\t\t<p><a href=\"&#109;a&#105;l&#116;o&#x3a;i&#x6e;f&#x6f;&#64;&#x6d;i&#x6e;d&#x72;e&#x6b;s&#x2e;e&#x65;\" target=\"_blank\" rel=\"noopener\">&#105;&#x6e;f&#111;&#x40;m&#105;&#x6e;d&#x72;&#x65;&#107;&#x73;&#46;&#101;&#x65;<\/a><br \/>+372 55539162<\/p>\t\t\t\t\t\t\t\t<\/div>\n\t\t\t\t<\/div>\n\t\t\t\t\t<\/div>\n\t\t<\/div>\n\t\t\t\t<div class=\"elementor-column elementor-col-25 elementor-top-column elementor-element elementor-element-a82bcd4\" data-id=\"a82bcd4\" data-element_type=\"column\" data-e-type=\"column\">\n\t\t\t<div class=\"elementor-widget-wrap elementor-element-populated\">\n\t\t\t\t\t\t<div class=\"elementor-element elementor-element-dd7d2d9 elementor-widget elementor-widget-heading\" data-id=\"dd7d2d9\" data-element_type=\"widget\" data-e-type=\"widget\" data-widget_type=\"heading.default\">\n\t\t\t\t<div class=\"elementor-widget-container\">\n\t\t\t\t\t<h2 class=\"elementor-heading-title elementor-size-medium\">Mindreks Metall O\u00dc<\/h2>\t\t\t\t<\/div>\n\t\t\t\t<\/div>\n\t\t\t\t<div class=\"elementor-element elementor-element-340b128 color-scheme-inherit text-left elementor-widget elementor-widget-text-editor\" data-id=\"340b128\" data-element_type=\"widget\" data-e-type=\"widget\" data-widget_type=\"text-editor.default\">\n\t\t\t\t<div class=\"elementor-widget-container\">\n\t\t\t\t\t\t\t\t\t<p>Tehase 2, Ahja 63710 Eesti<br \/><a href=\"&#109;a&#x69;l&#x74;&#111;&#x3a;&#105;&#x6e;&#102;o&#x40;m&#x69;&#110;&#x64;&#114;&#x65;&#107;&#x73;&#46;e&#x65;\" target=\"_blank\" rel=\"noopener\">&#x69;&#110;&#102;o&#x40;&#x6d;&#105;n&#x64;&#x72;&#101;ks&#x2e;&#101;&#101;<\/a><br \/>+372 55539162<br \/>Reg nr 12709100<br \/>KMKR: EE101738640<\/p>\n\t\t\t\t\t\t\t\t<\/div>\n\t\t\t\t<\/div>\n\t\t\t\t\t<\/div>\n\t\t<\/div>\n\t\t\t\t\t<\/div>\n\t\t<\/section>\n\t\t\t\t<section class=\"wd-negative-gap elementor-section elementor-top-section elementor-element elementor-element-43bff0b elementor-section-boxed elementor-section-height-default elementor-section-height-default\" data-id=\"43bff0b\" data-element_type=\"section\" data-e-type=\"section\">\n\t\t\t\t\t\t<div class=\"elementor-container elementor-column-gap-default\">\n\t\t\t\t\t<div class=\"elementor-column elementor-col-100 elementor-top-column elementor-element elementor-element-7965eb2\" data-id=\"7965eb2\" data-element_type=\"column\" data-e-type=\"column\">\n\t\t\t<div class=\"elementor-widget-wrap elementor-element-populated\">\n\t\t\t\t\t\t<div class=\"elementor-element elementor-element-03aa65a elementor-button-align-stretch elementor-widget elementor-widget-form\" data-id=\"03aa65a\" data-element_type=\"widget\" data-e-type=\"widget\" data-settings=\"{&quot;button_width&quot;:&quot;25&quot;,&quot;step_next_label&quot;:&quot;Next&quot;,&quot;step_previous_label&quot;:&quot;Previous&quot;,&quot;step_type&quot;:&quot;number_text&quot;,&quot;step_icon_shape&quot;:&quot;circle&quot;}\" data-widget_type=\"form.default\">\n\t\t\t\t<div class=\"elementor-widget-container\">\n\t\t\t\t\t\t\t<form class=\"elementor-form\" method=\"post\" name=\"SAZI\u0145AS VEIDLAPA\" aria-label=\"SAZI\u0145AS VEIDLAPA\">\n\t\t\t<input type=\"hidden\" name=\"post_id\" value=\"11072\"\/>\n\t\t\t<input type=\"hidden\" name=\"form_id\" value=\"03aa65a\"\/>\n\t\t\t<input type=\"hidden\" name=\"referer_title\" value=\"Kontaktinform\u0101cija - Mindreks Metall\" \/>\n\n\t\t\t\t\t\t\t<input type=\"hidden\" name=\"queried_id\" value=\"11072\"\/>\n\t\t\t\n\t\t\t<div class=\"elementor-form-fields-wrapper elementor-labels-above\">\n\t\t\t\t\t\t\t\t<div class=\"elementor-field-type-text elementor-field-group elementor-column elementor-field-group-name elementor-col-50 elementor-field-required elementor-mark-required\">\n\t\t\t\t\t\t\t\t\t\t\t\t<label for=\"form-field-name\" class=\"elementor-field-label\">\n\t\t\t\t\t\t\t\tV\u0101rds\t\t\t\t\t\t\t<\/label>\n\t\t\t\t\t\t\t\t\t\t\t\t\t\t<input size=\"1\" type=\"text\" name=\"form_fields[name]\" id=\"form-field-name\" class=\"elementor-field elementor-size-md  elementor-field-textual\" placeholder=\"V\u0101rds\" required=\"required\">\n\t\t\t\t\t\t\t\t\t\t\t<\/div>\n\t\t\t\t\t\t\t\t<div class=\"elementor-field-type-email elementor-field-group elementor-column elementor-field-group-email elementor-col-50 elementor-field-required elementor-mark-required\">\n\t\t\t\t\t\t\t\t\t\t\t\t<label for=\"form-field-email\" class=\"elementor-field-label\">\n\t\t\t\t\t\t\t\tE-pasts\t\t\t\t\t\t\t<\/label>\n\t\t\t\t\t\t\t\t\t\t\t\t\t\t<input size=\"1\" type=\"email\" name=\"form_fields[email]\" id=\"form-field-email\" class=\"elementor-field elementor-size-md  elementor-field-textual\" placeholder=\"E-pasts\" required=\"required\">\n\t\t\t\t\t\t\t\t\t\t\t<\/div>\n\t\t\t\t\t\t\t\t<div class=\"elementor-field-type-tel elementor-field-group elementor-column elementor-field-group-field_acea263 elementor-col-50\">\n\t\t\t\t\t\t\t\t\t\t\t\t<label for=\"form-field-field_acea263\" class=\"elementor-field-label\">\n\t\t\t\t\t\t\t\tT\u0101lrunis\t\t\t\t\t\t\t<\/label>\n\t\t\t\t\t\t\t\t<input size=\"1\" type=\"tel\" name=\"form_fields[field_acea263]\" id=\"form-field-field_acea263\" class=\"elementor-field elementor-size-md  elementor-field-textual\" placeholder=\"T\u0101lrunis\" pattern=\"[0-9()#&amp;+*-=.]+\" title=\"Only numbers and phone characters (#, -, *, etc) are accepted.\">\n\n\t\t\t\t\t\t<\/div>\n\t\t\t\t\t\t\t\t<div class=\"elementor-field-type-text elementor-field-group elementor-column elementor-field-group-field_dbc532f elementor-col-50\">\n\t\t\t\t\t\t\t\t\t\t\t\t<label for=\"form-field-field_dbc532f\" class=\"elementor-field-label\">\n\t\t\t\t\t\t\t\tUz\u0146\u0113mums\t\t\t\t\t\t\t<\/label>\n\t\t\t\t\t\t\t\t\t\t\t\t\t\t<input size=\"1\" type=\"text\" name=\"form_fields[field_dbc532f]\" id=\"form-field-field_dbc532f\" class=\"elementor-field elementor-size-md  elementor-field-textual\" placeholder=\"Uz\u0146\u0113mums\">\n\t\t\t\t\t\t\t\t\t\t\t<\/div>\n\t\t\t\t\t\t\t\t<div class=\"elementor-field-type-textarea elementor-field-group elementor-column elementor-field-group-message elementor-col-100 elementor-field-required elementor-mark-required\">\n\t\t\t\t\t\t\t\t\t\t\t\t<label for=\"form-field-message\" class=\"elementor-field-label\">\n\t\t\t\t\t\t\t\tZi\u0146a\t\t\t\t\t\t\t<\/label>\n\t\t\t\t\t\t<textarea class=\"elementor-field-textual elementor-field  elementor-size-md\" name=\"form_fields[message]\" id=\"form-field-message\" rows=\"7\" placeholder=\"Zi\u0146a\" required=\"required\"><\/textarea>\t\t\t\t<\/div>\n\t\t\t\t\t\t\t\t<div class=\"elementor-field-type-recaptcha_v3 elementor-field-group elementor-column elementor-field-group-field_0987207 elementor-col-100 recaptcha_v3-bottomright\">\n\t\t\t\t\t<div class=\"elementor-field\" id=\"form-field-field_0987207\"><div class=\"elementor-g-recaptcha\" data-sitekey=\"6LeZHiApAAAAAGVqIHnMs2ne1Tl50CbIRgpA-wf9\" data-type=\"v3\" data-action=\"Form\" data-badge=\"bottomright\" data-size=\"invisible\"><\/div><\/div>\t\t\t\t<\/div>\n\t\t\t\t\t\t\t\t<div class=\"elementor-field-group elementor-column elementor-field-type-submit elementor-col-25 e-form__buttons\">\n\t\t\t\t\t<button class=\"elementor-button elementor-size-sm\" type=\"submit\">\n\t\t\t\t\t\t<span class=\"elementor-button-content-wrapper\">\n\t\t\t\t\t\t\t\t\t\t\t\t\t\t\t\t\t\t\t\t\t\t<span class=\"elementor-button-text\">S\u016aT\u012aT<\/span>\n\t\t\t\t\t\t\t\t\t\t\t\t\t<\/span>\n\t\t\t\t\t<\/button>\n\t\t\t\t<\/div>\n\t\t\t<\/div>\n\t\t<\/form>\n\t\t\t\t\t\t<\/div>\n\t\t\t\t<\/div>\n\t\t\t\t\t<\/div>\n\t\t<\/div>\n\t\t\t\t\t<\/div>\n\t\t<\/section>\n\t\t\t\t<section class=\"wd-negative-gap elementor-section elementor-top-section elementor-element elementor-element-1320664 wd-section-stretch-content elementor-section-boxed elementor-section-height-default elementor-section-height-default\" data-id=\"1320664\" data-element_type=\"section\" data-e-type=\"section\">\n\t\t\t\t\t\t<div class=\"elementor-container elementor-column-gap-no\">\n\t\t\t\t\t<div class=\"elementor-column elementor-col-100 elementor-top-column elementor-element elementor-element-08c6f17\" data-id=\"08c6f17\" data-element_type=\"column\" data-e-type=\"column\">\n\t\t\t<div class=\"elementor-widget-wrap elementor-element-populated\">\n\t\t\t\t\t\t<div class=\"elementor-element elementor-element-424064a elementor-widget elementor-widget-google_maps\" data-id=\"424064a\" data-element_type=\"widget\" data-e-type=\"widget\" data-widget_type=\"google_maps.default\">\n\t\t\t\t<div class=\"elementor-widget-container\">\n\t\t\t\t\t\t\t<div class=\"elementor-custom-embed\">\n\t\t\t<iframe loading=\"lazy\"\n\t\t\t\t\tsrc=\"https:\/\/maps.google.com\/maps?q=Mindreks%20Metall%2C%20Ahja&#038;t=m&#038;z=14&#038;output=embed&#038;iwloc=near\"\n\t\t\t\t\ttitle=\"Mindreks Metall, Ahja\"\n\t\t\t\t\taria-label=\"Mindreks Metall, Ahja\"\n\t\t\t><\/iframe>\n\t\t<\/div>\n\t\t\t\t\t\t<\/div>\n\t\t\t\t<\/div>\n\t\t\t\t\t<\/div>\n\t\t<\/div>\n\t\t\t\t\t<\/div>\n\t\t<\/section>\n\t\t\t\t<\/div>\n\t\t","protected":false},"excerpt":{"rendered":"<p>Vad\u012bt\u0101js Indrek Mutso&#x69;&#110;&#x64;&#x72;&#101;&#x6b;&#64;m&#x69;&#110;d&#x72;&#101;k&#x73;&#46;e&#x65;+372 58008467 P\u0101rdo\u0161anas vad\u012bt\u0101js &#105;n&#x64;r&#x65;k&#x40;m&#x69;&#110;&#x64;&#114;&#x65;&#107;&#x73;&#46;e&#101;+372 58008467 P\u0101rdo\u0161anas asistents inf&#111;&#64;&#109;&#x69;&#x6e;&#x64;&#x72;&#x65;&#x6b;s&#46;e&#101;+372 55539162 Mindreks Metall O\u00dc Tehase 2, Ahja 63710 Eesti&#x69;&#x6e;&#x66;&#x6f;&#x40;&#x6d;&#x69;&#110;&#100;&#114;&#101;&#107;s&#46;ee+372<\/p>\n","protected":false},"author":4,"featured_media":0,"parent":0,"menu_order":0,"comment_status":"closed","ping_status":"closed","template":"elementor_header_footer","meta":{"_acf_changed":false,"footnotes":""},"class_list":["post-11072","page","type-page","status-publish","hentry"],"acf":[],"yoast_head":"<!-- This site is optimized with the Yoast SEO plugin v27.4 - https:\/\/yoast.com\/product\/yoast-seo-wordpress\/ -->\n<title>Kontaktinform\u0101cija - Mindreks Metall<\/title>\n<meta name=\"robots\" content=\"index, follow, max-snippet:-1, max-image-preview:large, max-video-preview:-1\" \/>\n<link rel=\"canonical\" href=\"https:\/\/mindreksmetall.ee\/lv\/kontaktinformacija\/\" \/>\n<meta property=\"og:locale\" content=\"lv_LV\" \/>\n<meta property=\"og:type\" content=\"article\" \/>\n<meta property=\"og:title\" content=\"Kontaktinform\u0101cija - Mindreks Metall\" \/>\n<meta property=\"og:description\" content=\"Vad\u012bt\u0101js Indrek Mutso&#x69;&#x6e;&#100;re&#x6b;&#x40;&#109;&#105;n&#x64;&#x72;&#101;&#107;s&#x2e;&#x65;&#x65;+372 58008467 P\u0101rdo\u0161anas vad\u012bt\u0101js &#105;&#x6e;d&#114;&#x65;k&#x40;&#x6d;&#105;&#x6e;d&#114;&#x65;k&#115;&#x2e;&#101;&#x65;+372 58008467 P\u0101rdo\u0161anas asistents &#x69;&#110;f&#x6f;&#064;m&#x69;&#x6e;&#100;&#x72;&#x65;&#107;s&#x2e;&#101;e+372 55539162 Mindreks Metall O\u00dc Tehase 2, Ahja 63710 Eesti&#105;n&#x66;o&#x40;&#109;&#x69;&#110;&#x64;&#114;e&#x6b;s&#x2e;&#101;&#x65;+372\" \/>\n<meta property=\"og:url\" content=\"https:\/\/mindreksmetall.ee\/lv\/kontaktinformacija\/\" \/>\n<meta property=\"og:site_name\" content=\"Mindreks Metall\" \/>\n<meta property=\"article:publisher\" content=\"https:\/\/m.facebook.com\/soojapood?_rdr\" \/>\n<meta property=\"article:modified_time\" content=\"2024-10-29T13:05:21+00:00\" \/>\n<meta name=\"twitter:card\" content=\"summary_large_image\" \/>\n<meta name=\"twitter:label1\" content=\"Est. reading time\" \/>\n\t<meta name=\"twitter:data1\" content=\"1 min\u016b\u0161u\" \/>\n<script type=\"application\/ld+json\" class=\"yoast-schema-graph\">{\"@context\":\"https:\\\/\\\/schema.org\",\"@graph\":[{\"@type\":\"WebPage\",\"@id\":\"https:\\\/\\\/mindreksmetall.ee\\\/lv\\\/kontaktinformacija\\\/\",\"url\":\"https:\\\/\\\/mindreksmetall.ee\\\/lv\\\/kontaktinformacija\\\/\",\"name\":\"Kontaktinform\u0101cija - Mindreks Metall\",\"isPartOf\":{\"@id\":\"https:\\\/\\\/mindreksmetall.ee\\\/#website\"},\"datePublished\":\"2021-10-12T13:27:24+00:00\",\"dateModified\":\"2024-10-29T13:05:21+00:00\",\"breadcrumb\":{\"@id\":\"https:\\\/\\\/mindreksmetall.ee\\\/lv\\\/kontaktinformacija\\\/#breadcrumb\"},\"inLanguage\":\"lv-LV\",\"potentialAction\":[{\"@type\":\"ReadAction\",\"target\":[\"https:\\\/\\\/mindreksmetall.ee\\\/lv\\\/kontaktinformacija\\\/\"]}]},{\"@type\":\"BreadcrumbList\",\"@id\":\"https:\\\/\\\/mindreksmetall.ee\\\/lv\\\/kontaktinformacija\\\/#breadcrumb\",\"itemListElement\":[{\"@type\":\"ListItem\",\"position\":1,\"name\":\"Home\",\"item\":\"https:\\\/\\\/mindreksmetall.ee\\\/lv\\\/\"},{\"@type\":\"ListItem\",\"position\":2,\"name\":\"Kontaktinform\u0101cija\"}]},{\"@type\":\"WebSite\",\"@id\":\"https:\\\/\\\/mindreksmetall.ee\\\/#website\",\"url\":\"https:\\\/\\\/mindreksmetall.ee\\\/\",\"name\":\"Mindreks Metall\",\"description\":\"Metallit\u00f6\u00f6d, akumulatsioonipaagid\",\"publisher\":{\"@id\":\"https:\\\/\\\/mindreksmetall.ee\\\/#organization\"},\"potentialAction\":[{\"@type\":\"SearchAction\",\"target\":{\"@type\":\"EntryPoint\",\"urlTemplate\":\"https:\\\/\\\/mindreksmetall.ee\\\/?s={search_term_string}\"},\"query-input\":{\"@type\":\"PropertyValueSpecification\",\"valueRequired\":true,\"valueName\":\"search_term_string\"}}],\"inLanguage\":\"lv-LV\"},{\"@type\":\"Organization\",\"@id\":\"https:\\\/\\\/mindreksmetall.ee\\\/#organization\",\"name\":\"Mindreks Metall\",\"url\":\"https:\\\/\\\/mindreksmetall.ee\\\/\",\"logo\":{\"@type\":\"ImageObject\",\"inLanguage\":\"lv-LV\",\"@id\":\"https:\\\/\\\/mindreksmetall.ee\\\/#\\\/schema\\\/logo\\\/image\\\/\",\"url\":\"https:\\\/\\\/soojapood.ee\\\/wp-content\\\/uploads\\\/2022\\\/06\\\/soojapood_logo-01-1-1.png\",\"contentUrl\":\"https:\\\/\\\/soojapood.ee\\\/wp-content\\\/uploads\\\/2022\\\/06\\\/soojapood_logo-01-1-1.png\",\"width\":596,\"height\":133,\"caption\":\"Mindreks Metall\"},\"image\":{\"@id\":\"https:\\\/\\\/mindreksmetall.ee\\\/#\\\/schema\\\/logo\\\/image\\\/\"},\"sameAs\":[\"https:\\\/\\\/m.facebook.com\\\/soojapood?_rdr\"]}]}<\/script>\n<!-- \/ Yoast SEO plugin. -->","yoast_head_json":{"title":"Kontaktinform\u0101cija - Mindreks Metall","robots":{"index":"index","follow":"follow","max-snippet":"max-snippet:-1","max-image-preview":"max-image-preview:large","max-video-preview":"max-video-preview:-1"},"canonical":"https:\/\/mindreksmetall.ee\/lv\/kontaktinformacija\/","og_locale":"lv_LV","og_type":"article","og_title":"Kontaktinform\u0101cija - Mindreks Metall","og_description":"Vad\u012bt\u0101js Indrek Mutso&#x69;&#x6e;&#100;re&#x6b;&#x40;&#109;&#105;n&#x64;&#x72;&#101;&#107;s&#x2e;&#x65;&#x65;+372 58008467 P\u0101rdo\u0161anas vad\u012bt\u0101js &#105;&#x6e;d&#114;&#x65;k&#x40;&#x6d;&#105;&#x6e;d&#114;&#x65;k&#115;&#x2e;&#101;&#x65;+372 58008467 P\u0101rdo\u0161anas asistents &#x69;&#110;f&#x6f;&#64;m&#x69;&#x6e;&#100;&#x72;&#x65;&#107;s&#x2e;&#101;e+372 55539162 Mindreks Metall O\u00dc Tehase 2, Ahja 63710 Eesti&#105;n&#x66;o&#x40;&#109;&#x69;&#110;&#x64;&#114;e&#x6b;s&#x2e;&#101;&#x65;+372","og_url":"https:\/\/mindreksmetall.ee\/lv\/kontaktinformacija\/","og_site_name":"Mindreks Metall","article_publisher":"https:\/\/m.facebook.com\/soojapood?_rdr","article_modified_time":"2024-10-29T13:05:21+00:00","twitter_card":"summary_large_image","twitter_misc":{"Est. reading time":"1 min\u016b\u0161u"},"schema":{"@context":"https:\/\/schema.org","@graph":[{"@type":"WebPage","@id":"https:\/\/mindreksmetall.ee\/lv\/kontaktinformacija\/","url":"https:\/\/mindreksmetall.ee\/lv\/kontaktinformacija\/","name":"Kontaktinform\u0101cija - Mindreks Metall","isPartOf":{"@id":"https:\/\/mindreksmetall.ee\/#website"},"datePublished":"2021-10-12T13:27:24+00:00","dateModified":"2024-10-29T13:05:21+00:00","breadcrumb":{"@id":"https:\/\/mindreksmetall.ee\/lv\/kontaktinformacija\/#breadcrumb"},"inLanguage":"lv-LV","potentialAction":[{"@type":"ReadAction","target":["https:\/\/mindreksmetall.ee\/lv\/kontaktinformacija\/"]}]},{"@type":"BreadcrumbList","@id":"https:\/\/mindreksmetall.ee\/lv\/kontaktinformacija\/#breadcrumb","itemListElement":[{"@type":"ListItem","position":1,"name":"Home","item":"https:\/\/mindreksmetall.ee\/lv\/"},{"@type":"ListItem","position":2,"name":"Kontaktinform\u0101cija"}]},{"@type":"WebSite","@id":"https:\/\/mindreksmetall.ee\/#website","url":"https:\/\/mindreksmetall.ee\/","name":"Mindreks Metall","description":"Metallit\u00f6\u00f6d, akumulatsioonipaagid","publisher":{"@id":"https:\/\/mindreksmetall.ee\/#organization"},"potentialAction":[{"@type":"SearchAction","target":{"@type":"EntryPoint","urlTemplate":"https:\/\/mindreksmetall.ee\/?s={search_term_string}"},"query-input":{"@type":"PropertyValueSpecification","valueRequired":true,"valueName":"search_term_string"}}],"inLanguage":"lv-LV"},{"@type":"Organization","@id":"https:\/\/mindreksmetall.ee\/#organization","name":"Mindreks Metall","url":"https:\/\/mindreksmetall.ee\/","logo":{"@type":"ImageObject","inLanguage":"lv-LV","@id":"https:\/\/mindreksmetall.ee\/#\/schema\/logo\/image\/","url":"https:\/\/soojapood.ee\/wp-content\/uploads\/2022\/06\/soojapood_logo-01-1-1.png","contentUrl":"https:\/\/soojapood.ee\/wp-content\/uploads\/2022\/06\/soojapood_logo-01-1-1.png","width":596,"height":133,"caption":"Mindreks Metall"},"image":{"@id":"https:\/\/mindreksmetall.ee\/#\/schema\/logo\/image\/"},"sameAs":["https:\/\/m.facebook.com\/soojapood?_rdr"]}]}},"_links":{"self":[{"href":"https:\/\/mindreksmetall.ee\/lv\/wp-json\/wp\/v2\/pages\/11072","targetHints":{"allow":["GET"]}}],"collection":[{"href":"https:\/\/mindreksmetall.ee\/lv\/wp-json\/wp\/v2\/pages"}],"about":[{"href":"https:\/\/mindreksmetall.ee\/lv\/wp-json\/wp\/v2\/types\/page"}],"author":[{"embeddable":true,"href":"https:\/\/mindreksmetall.ee\/lv\/wp-json\/wp\/v2\/users\/4"}],"replies":[{"embeddable":true,"href":"https:\/\/mindreksmetall.ee\/lv\/wp-json\/wp\/v2\/comments?post=11072"}],"version-history":[{"count":16,"href":"https:\/\/mindreksmetall.ee\/lv\/wp-json\/wp\/v2\/pages\/11072\/revisions"}],"predecessor-version":[{"id":13612,"href":"https:\/\/mindreksmetall.ee\/lv\/wp-json\/wp\/v2\/pages\/11072\/revisions\/13612"}],"wp:attachment":[{"href":"https:\/\/mindreksmetall.ee\/lv\/wp-json\/wp\/v2\/media?parent=11072"}],"curies":[{"name":"wp","href":"https:\/\/api.w.org\/{rel}","templated":true}]}}