{"id":11305,"date":"2022-07-07T10:20:36","date_gmt":"2022-07-07T07:20:36","guid":{"rendered":"https:\/\/mindreksmetall.ee\/toode\/dumu-krasns-mi2-uz-riteniem\/"},"modified":"2024-04-15T10:05:32","modified_gmt":"2024-04-15T07:05:32","slug":"dumu-krasns-mi2-uz-riteniem","status":"publish","type":"product","link":"https:\/\/mindreksmetall.ee\/lv\/toode\/dumu-krasns-mi2-uz-riteniem\/","title":{"rendered":"Ahja Smoker MI2"},"content":{"rendered":"<p>Kvalitat\u012bva viensienas d\u016bmu kr\u0101sns.<br \/>\n\u0100r\u0113jie izm\u0113ri: 1950*500*500 mm<br \/>\nGa\u013cas kambara izm\u0113ri: 110*45*45 cm<br \/>\nGa\u013cas kambara tilpums: 275 litri<br \/>\nMateri\u0101la biezums: 3mm<br \/>\nRestu savstarp\u0113jais att\u0101lums: 20cm<br \/>\nRestu skaits: 4<br \/>\nKr\u0101sns apr\u012bkojum\u0101 ir tauku panna, \u010detras restes, termometrs un lieto\u0161anas instrukcija.<br \/>\nAizmugur\u0113j\u0101 pus\u0113 ir riten\u012b\u0161i, lai kr\u0101sni var\u0113tu \u0113rti p\u0101rvietot.<br \/>\nD\u016bmu kr\u0101sns sast\u0101v no div\u0101m kamer\u0101m. Kr\u0101sns apak\u0161\u0113j\u0101 da\u013c\u0101 ir kurtuve, kur\u0101 tiek dedzin\u0101ta malka, bet aug\u0161\u0113j\u0101 da\u013c\u0101 ir ga\u013cas kamera. Viensienas d\u016bmu kr\u0101sn\u012b d\u016bmi, kas rodas, dedzinot malku, p\u0101rvietojas aug\u0161up pa ga\u013cas kameru un \u0101r\u0101 pa skursteni. Lietojot \u0161\u0101du kr\u0101sni, svar\u012bgi, lai tiktu dedzin\u0101ta k\u016bpin\u0101\u0161anai piem\u0113rota malka. \u0160\u012b ir t\u0101 saukt\u0101 auksto d\u016bmu kr\u0101sns.<\/p>\n","protected":false},"excerpt":{"rendered":"<p>Viensienas, \u0101r\u0113jie izm\u0113ri 1950*500*500 mm, ga\u013cas kambaris 110*45*45 cm<\/p>\n","protected":false},"featured_media":12523,"template":"","meta":{"_acf_changed":false},"product_brand":[],"product_cat":[174,156],"product_tag":[],"class_list":{"0":"post-11305","1":"product","2":"type-product","3":"status-publish","4":"has-post-thumbnail","6":"product_cat-dumu-krasnis","7":"product_cat-dumu-krasnis-un-grili","8":"product_shipping_class-tarne-soome-lv","10":"first","11":"instock","12":"sale","13":"taxable","14":"shipping-taxable","15":"purchasable","16":"product-type-simple"},"acf":[],"yoast_head":"<!-- This site is optimized with the Yoast SEO plugin v27.4 - https:\/\/yoast.com\/product\/yoast-seo-wordpress\/ -->\n<title>Ahja Smoker MI2 - Mindreks Metall<\/title>\n<meta name=\"robots\" content=\"index, follow, max-snippet:-1, max-image-preview:large, max-video-preview:-1\" \/>\n<link rel=\"canonical\" href=\"https:\/\/mindreksmetall.ee\/lv\/toode\/dumu-krasns-mi2-uz-riteniem\/\" \/>\n<meta property=\"og:locale\" content=\"lv_LV\" \/>\n<meta property=\"og:type\" content=\"article\" \/>\n<meta property=\"og:title\" content=\"Ahja Smoker MI2 - Mindreks Metall\" \/>\n<meta property=\"og:description\" content=\"Viensienas, \u0101r\u0113jie izm\u0113ri 1950*500*500 mm, ga\u013cas kambaris 110*45*45 cm\" \/>\n<meta property=\"og:url\" content=\"https:\/\/mindreksmetall.ee\/lv\/toode\/dumu-krasns-mi2-uz-riteniem\/\" \/>\n<meta property=\"og:site_name\" content=\"Mindreks Metall\" \/>\n<meta property=\"article:publisher\" content=\"https:\/\/m.facebook.com\/soojapood?_rdr\" \/>\n<meta property=\"article:modified_time\" content=\"2024-04-15T07:05:32+00:00\" \/>\n<meta property=\"og:image\" content=\"https:\/\/mindreksmetall.ee\/wp-content\/uploads\/2023\/05\/DSC00089.jpg\" \/>\n\t<meta property=\"og:image:width\" content=\"1920\" \/>\n\t<meta property=\"og:image:height\" content=\"1920\" \/>\n\t<meta property=\"og:image:type\" content=\"image\/jpeg\" \/>\n<meta name=\"twitter:card\" content=\"summary_large_image\" \/>\n<meta name=\"twitter:label1\" content=\"Est. reading time\" \/>\n\t<meta name=\"twitter:data1\" content=\"1 min\u016b\u0161u\" \/>\n<script type=\"application\/ld+json\" class=\"yoast-schema-graph\">{\"@context\":\"https:\\\/\\\/schema.org\",\"@graph\":[{\"@type\":\"WebPage\",\"@id\":\"https:\\\/\\\/mindreksmetall.ee\\\/lv\\\/toode\\\/dumu-krasns-mi2-uz-riteniem\\\/\",\"url\":\"https:\\\/\\\/mindreksmetall.ee\\\/lv\\\/toode\\\/dumu-krasns-mi2-uz-riteniem\\\/\",\"name\":\"Ahja Smoker MI2 - Mindreks Metall\",\"isPartOf\":{\"@id\":\"https:\\\/\\\/mindreksmetall.ee\\\/#website\"},\"primaryImageOfPage\":{\"@id\":\"https:\\\/\\\/mindreksmetall.ee\\\/lv\\\/toode\\\/dumu-krasns-mi2-uz-riteniem\\\/#primaryimage\"},\"image\":{\"@id\":\"https:\\\/\\\/mindreksmetall.ee\\\/lv\\\/toode\\\/dumu-krasns-mi2-uz-riteniem\\\/#primaryimage\"},\"thumbnailUrl\":\"https:\\\/\\\/mindreksmetall.ee\\\/wp-content\\\/uploads\\\/2023\\\/05\\\/DSC00089.jpg\",\"datePublished\":\"2022-07-07T07:20:36+00:00\",\"dateModified\":\"2024-04-15T07:05:32+00:00\",\"breadcrumb\":{\"@id\":\"https:\\\/\\\/mindreksmetall.ee\\\/lv\\\/toode\\\/dumu-krasns-mi2-uz-riteniem\\\/#breadcrumb\"},\"inLanguage\":\"lv-LV\",\"potentialAction\":[{\"@type\":\"ReadAction\",\"target\":[\"https:\\\/\\\/mindreksmetall.ee\\\/lv\\\/toode\\\/dumu-krasns-mi2-uz-riteniem\\\/\"]}]},{\"@type\":\"ImageObject\",\"inLanguage\":\"lv-LV\",\"@id\":\"https:\\\/\\\/mindreksmetall.ee\\\/lv\\\/toode\\\/dumu-krasns-mi2-uz-riteniem\\\/#primaryimage\",\"url\":\"https:\\\/\\\/mindreksmetall.ee\\\/wp-content\\\/uploads\\\/2023\\\/05\\\/DSC00089.jpg\",\"contentUrl\":\"https:\\\/\\\/mindreksmetall.ee\\\/wp-content\\\/uploads\\\/2023\\\/05\\\/DSC00089.jpg\",\"width\":1920,\"height\":1920,\"caption\":\"Suitsuahi\"},{\"@type\":\"BreadcrumbList\",\"@id\":\"https:\\\/\\\/mindreksmetall.ee\\\/lv\\\/toode\\\/dumu-krasns-mi2-uz-riteniem\\\/#breadcrumb\",\"itemListElement\":[{\"@type\":\"ListItem\",\"position\":1,\"name\":\"Home\",\"item\":\"https:\\\/\\\/mindreksmetall.ee\\\/lv\\\/\"},{\"@type\":\"ListItem\",\"position\":2,\"name\":\"Shop\",\"item\":\"https:\\\/\\\/mindreksmetall.ee\\\/lv\\\/shop\\\/\"},{\"@type\":\"ListItem\",\"position\":3,\"name\":\"Ahja Smoker MI2\"}]},{\"@type\":\"WebSite\",\"@id\":\"https:\\\/\\\/mindreksmetall.ee\\\/#website\",\"url\":\"https:\\\/\\\/mindreksmetall.ee\\\/\",\"name\":\"Mindreks Metall\",\"description\":\"Metallit\u00f6\u00f6d, akumulatsioonipaagid\",\"publisher\":{\"@id\":\"https:\\\/\\\/mindreksmetall.ee\\\/#organization\"},\"potentialAction\":[{\"@type\":\"SearchAction\",\"target\":{\"@type\":\"EntryPoint\",\"urlTemplate\":\"https:\\\/\\\/mindreksmetall.ee\\\/?s={search_term_string}\"},\"query-input\":{\"@type\":\"PropertyValueSpecification\",\"valueRequired\":true,\"valueName\":\"search_term_string\"}}],\"inLanguage\":\"lv-LV\"},{\"@type\":\"Organization\",\"@id\":\"https:\\\/\\\/mindreksmetall.ee\\\/#organization\",\"name\":\"Mindreks Metall\",\"url\":\"https:\\\/\\\/mindreksmetall.ee\\\/\",\"logo\":{\"@type\":\"ImageObject\",\"inLanguage\":\"lv-LV\",\"@id\":\"https:\\\/\\\/mindreksmetall.ee\\\/#\\\/schema\\\/logo\\\/image\\\/\",\"url\":\"https:\\\/\\\/soojapood.ee\\\/wp-content\\\/uploads\\\/2022\\\/06\\\/soojapood_logo-01-1-1.png\",\"contentUrl\":\"https:\\\/\\\/soojapood.ee\\\/wp-content\\\/uploads\\\/2022\\\/06\\\/soojapood_logo-01-1-1.png\",\"width\":596,\"height\":133,\"caption\":\"Mindreks Metall\"},\"image\":{\"@id\":\"https:\\\/\\\/mindreksmetall.ee\\\/#\\\/schema\\\/logo\\\/image\\\/\"},\"sameAs\":[\"https:\\\/\\\/m.facebook.com\\\/soojapood?_rdr\"]}]}<\/script>\n<!-- \/ Yoast SEO plugin. -->","yoast_head_json":{"title":"Ahja Smoker MI2 - Mindreks Metall","robots":{"index":"index","follow":"follow","max-snippet":"max-snippet:-1","max-image-preview":"max-image-preview:large","max-video-preview":"max-video-preview:-1"},"canonical":"https:\/\/mindreksmetall.ee\/lv\/toode\/dumu-krasns-mi2-uz-riteniem\/","og_locale":"lv_LV","og_type":"article","og_title":"Ahja Smoker MI2 - Mindreks Metall","og_description":"Viensienas, \u0101r\u0113jie izm\u0113ri 1950*500*500 mm, ga\u013cas kambaris 110*45*45 cm","og_url":"https:\/\/mindreksmetall.ee\/lv\/toode\/dumu-krasns-mi2-uz-riteniem\/","og_site_name":"Mindreks Metall","article_publisher":"https:\/\/m.facebook.com\/soojapood?_rdr","article_modified_time":"2024-04-15T07:05:32+00:00","og_image":[{"width":1920,"height":1920,"url":"https:\/\/mindreksmetall.ee\/wp-content\/uploads\/2023\/05\/DSC00089.jpg","type":"image\/jpeg"}],"twitter_card":"summary_large_image","twitter_misc":{"Est. reading time":"1 min\u016b\u0161u"},"schema":{"@context":"https:\/\/schema.org","@graph":[{"@type":"WebPage","@id":"https:\/\/mindreksmetall.ee\/lv\/toode\/dumu-krasns-mi2-uz-riteniem\/","url":"https:\/\/mindreksmetall.ee\/lv\/toode\/dumu-krasns-mi2-uz-riteniem\/","name":"Ahja Smoker MI2 - Mindreks Metall","isPartOf":{"@id":"https:\/\/mindreksmetall.ee\/#website"},"primaryImageOfPage":{"@id":"https:\/\/mindreksmetall.ee\/lv\/toode\/dumu-krasns-mi2-uz-riteniem\/#primaryimage"},"image":{"@id":"https:\/\/mindreksmetall.ee\/lv\/toode\/dumu-krasns-mi2-uz-riteniem\/#primaryimage"},"thumbnailUrl":"https:\/\/mindreksmetall.ee\/wp-content\/uploads\/2023\/05\/DSC00089.jpg","datePublished":"2022-07-07T07:20:36+00:00","dateModified":"2024-04-15T07:05:32+00:00","breadcrumb":{"@id":"https:\/\/mindreksmetall.ee\/lv\/toode\/dumu-krasns-mi2-uz-riteniem\/#breadcrumb"},"inLanguage":"lv-LV","potentialAction":[{"@type":"ReadAction","target":["https:\/\/mindreksmetall.ee\/lv\/toode\/dumu-krasns-mi2-uz-riteniem\/"]}]},{"@type":"ImageObject","inLanguage":"lv-LV","@id":"https:\/\/mindreksmetall.ee\/lv\/toode\/dumu-krasns-mi2-uz-riteniem\/#primaryimage","url":"https:\/\/mindreksmetall.ee\/wp-content\/uploads\/2023\/05\/DSC00089.jpg","contentUrl":"https:\/\/mindreksmetall.ee\/wp-content\/uploads\/2023\/05\/DSC00089.jpg","width":1920,"height":1920,"caption":"Suitsuahi"},{"@type":"BreadcrumbList","@id":"https:\/\/mindreksmetall.ee\/lv\/toode\/dumu-krasns-mi2-uz-riteniem\/#breadcrumb","itemListElement":[{"@type":"ListItem","position":1,"name":"Home","item":"https:\/\/mindreksmetall.ee\/lv\/"},{"@type":"ListItem","position":2,"name":"Shop","item":"https:\/\/mindreksmetall.ee\/lv\/shop\/"},{"@type":"ListItem","position":3,"name":"Ahja Smoker MI2"}]},{"@type":"WebSite","@id":"https:\/\/mindreksmetall.ee\/#website","url":"https:\/\/mindreksmetall.ee\/","name":"Mindreks Metall","description":"Metallit\u00f6\u00f6d, akumulatsioonipaagid","publisher":{"@id":"https:\/\/mindreksmetall.ee\/#organization"},"potentialAction":[{"@type":"SearchAction","target":{"@type":"EntryPoint","urlTemplate":"https:\/\/mindreksmetall.ee\/?s={search_term_string}"},"query-input":{"@type":"PropertyValueSpecification","valueRequired":true,"valueName":"search_term_string"}}],"inLanguage":"lv-LV"},{"@type":"Organization","@id":"https:\/\/mindreksmetall.ee\/#organization","name":"Mindreks Metall","url":"https:\/\/mindreksmetall.ee\/","logo":{"@type":"ImageObject","inLanguage":"lv-LV","@id":"https:\/\/mindreksmetall.ee\/#\/schema\/logo\/image\/","url":"https:\/\/soojapood.ee\/wp-content\/uploads\/2022\/06\/soojapood_logo-01-1-1.png","contentUrl":"https:\/\/soojapood.ee\/wp-content\/uploads\/2022\/06\/soojapood_logo-01-1-1.png","width":596,"height":133,"caption":"Mindreks Metall"},"image":{"@id":"https:\/\/mindreksmetall.ee\/#\/schema\/logo\/image\/"},"sameAs":["https:\/\/m.facebook.com\/soojapood?_rdr"]}]}},"_links":{"self":[{"href":"https:\/\/mindreksmetall.ee\/lv\/wp-json\/wp\/v2\/product\/11305","targetHints":{"allow":["GET"]}}],"collection":[{"href":"https:\/\/mindreksmetall.ee\/lv\/wp-json\/wp\/v2\/product"}],"about":[{"href":"https:\/\/mindreksmetall.ee\/lv\/wp-json\/wp\/v2\/types\/product"}],"version-history":[{"count":2,"href":"https:\/\/mindreksmetall.ee\/lv\/wp-json\/wp\/v2\/product\/11305\/revisions"}],"predecessor-version":[{"id":13286,"href":"https:\/\/mindreksmetall.ee\/lv\/wp-json\/wp\/v2\/product\/11305\/revisions\/13286"}],"wp:featuredmedia":[{"embeddable":true,"href":"https:\/\/mindreksmetall.ee\/lv\/wp-json\/wp\/v2\/media\/12523"}],"wp:attachment":[{"href":"https:\/\/mindreksmetall.ee\/lv\/wp-json\/wp\/v2\/media?parent=11305"}],"wp:term":[{"taxonomy":"product_brand","embeddable":true,"href":"https:\/\/mindreksmetall.ee\/lv\/wp-json\/wp\/v2\/product_brand?post=11305"},{"taxonomy":"product_cat","embeddable":true,"href":"https:\/\/mindreksmetall.ee\/lv\/wp-json\/wp\/v2\/product_cat?post=11305"},{"taxonomy":"product_tag","embeddable":true,"href":"https:\/\/mindreksmetall.ee\/lv\/wp-json\/wp\/v2\/product_tag?post=11305"}],"curies":[{"name":"wp","href":"https:\/\/api.w.org\/{rel}","templated":true}]}}