{"id":11306,"date":"2022-07-07T10:19:22","date_gmt":"2022-07-07T07:19:22","guid":{"rendered":"https:\/\/mindreksmetall.ee\/toode\/dumu-krasns-mi1-uz-riteniem\/"},"modified":"2025-07-30T13:02:03","modified_gmt":"2025-07-30T10:02:03","slug":"dumu-krasns-mi1-uz-riteniem","status":"publish","type":"product","link":"https:\/\/mindreksmetall.ee\/lv\/toode\/dumu-krasns-mi1-uz-riteniem\/","title":{"rendered":"Ahja Smoker MI1"},"content":{"rendered":"<p>Kvalitat\u012bva viensienas d\u016bmu kr\u0101sns.<br \/>\n\u0100r\u0113jie izm\u0113ri: 1550*500*500 mm<br \/>\nGa\u013cas kambara izm\u0113ri: 80*50*50 cm<br \/>\nGa\u013cas kambara tilpums: 195 litri<br \/>\nMateri\u0101la biezums: 2mm<br \/>\nRestu savstarp\u0113jais att\u0101lums: 15cm<br \/>\nRestu skaits: 4<br \/>\nKr\u0101sns apr\u012bkojum\u0101 ir tauku panna, \u010detras restes, termometrs un lieto\u0161anas instrukcija.<br \/>\nAizmugur\u0113j\u0101 pus\u0113 ir riten\u012b\u0161i, lai kr\u0101sni var\u0113tu \u0113rti p\u0101rvietot.<\/p>\n<p><strong>Uzman\u012bbu! Pret laikapst\u0101k\u013ciem iztur\u012bgs d\u016bmvada p\u0101rsegs nav iek\u013cauts komplekt\u0101.<\/strong> P\u0101rsegu iesp\u0113jams pas\u016bt\u012bt atsevi\u0161\u0137i k\u0101 papildu apr\u012bkojumu.<\/p>\n<p>D\u016bmu kr\u0101sns sast\u0101v no div\u0101m kamer\u0101m. Kr\u0101sns apak\u0161\u0113j\u0101 da\u013c\u0101 ir kurtuve, kur\u0101 tiek dedzin\u0101ta malka, bet aug\u0161\u0113j\u0101 da\u013c\u0101 ir ga\u013cas kamera. Viensienas d\u016bmu kr\u0101sn\u012b d\u016bmi, kas rodas, dedzinot malku, p\u0101rvietojas aug\u0161up pa ga\u013cas kameru un \u0101r\u0101 pa skursteni. Lietojot \u0161\u0101du kr\u0101sni, svar\u012bgi, lai tiktu dedzin\u0101ta k\u016bpin\u0101\u0161anai piem\u0113rota malka. \u0160\u012b ir t\u0101 saukt\u0101 auksto d\u016bmu kr\u0101sns.<\/p>\n","protected":false},"excerpt":{"rendered":"<p>Viensienas, \u0101r\u0113jie izm\u0113ri 1550*500*500 mm, ga\u013cas kambaris 80*50*50 cm<\/p>\n","protected":false},"featured_media":12523,"template":"","meta":{"_acf_changed":false},"product_brand":[],"product_cat":[174,156],"product_tag":[],"class_list":{"0":"post-11306","1":"product","2":"type-product","3":"status-publish","4":"has-post-thumbnail","6":"product_cat-dumu-krasnis","7":"product_cat-dumu-krasnis-un-grili","8":"product_shipping_class-tarne-soome-lv","10":"first","11":"instock","12":"sale","13":"taxable","14":"shipping-taxable","15":"purchasable","16":"product-type-simple"},"acf":[],"yoast_head":"<!-- This site is optimized with the Yoast SEO plugin v27.3 - https:\/\/yoast.com\/product\/yoast-seo-wordpress\/ -->\n<title>Ahja Smoker MI1 - Mindreks Metall<\/title>\n<meta name=\"robots\" content=\"index, follow, max-snippet:-1, max-image-preview:large, max-video-preview:-1\" \/>\n<link rel=\"canonical\" href=\"https:\/\/mindreksmetall.ee\/lv\/toode\/dumu-krasns-mi1-uz-riteniem\/\" \/>\n<meta property=\"og:locale\" content=\"lv_LV\" \/>\n<meta property=\"og:type\" content=\"article\" \/>\n<meta property=\"og:title\" content=\"Ahja Smoker MI1 - Mindreks Metall\" \/>\n<meta property=\"og:description\" content=\"Viensienas, \u0101r\u0113jie izm\u0113ri 1550*500*500 mm, ga\u013cas kambaris 80*50*50 cm\" \/>\n<meta property=\"og:url\" content=\"https:\/\/mindreksmetall.ee\/lv\/toode\/dumu-krasns-mi1-uz-riteniem\/\" \/>\n<meta property=\"og:site_name\" content=\"Mindreks Metall\" \/>\n<meta property=\"article:publisher\" content=\"https:\/\/m.facebook.com\/soojapood?_rdr\" \/>\n<meta property=\"article:modified_time\" content=\"2025-07-30T10:02:03+00:00\" \/>\n<meta property=\"og:image\" content=\"https:\/\/mindreksmetall.ee\/wp-content\/uploads\/2023\/05\/DSC00089.jpg\" \/>\n\t<meta property=\"og:image:width\" content=\"1920\" \/>\n\t<meta property=\"og:image:height\" content=\"1920\" \/>\n\t<meta property=\"og:image:type\" content=\"image\/jpeg\" \/>\n<meta name=\"twitter:card\" content=\"summary_large_image\" \/>\n<meta name=\"twitter:label1\" content=\"Est. reading time\" \/>\n\t<meta name=\"twitter:data1\" content=\"1 min\u016b\u0161u\" \/>\n<script type=\"application\/ld+json\" class=\"yoast-schema-graph\">{\"@context\":\"https:\\\/\\\/schema.org\",\"@graph\":[{\"@type\":\"WebPage\",\"@id\":\"https:\\\/\\\/mindreksmetall.ee\\\/lv\\\/toode\\\/dumu-krasns-mi1-uz-riteniem\\\/\",\"url\":\"https:\\\/\\\/mindreksmetall.ee\\\/lv\\\/toode\\\/dumu-krasns-mi1-uz-riteniem\\\/\",\"name\":\"Ahja Smoker MI1 - Mindreks Metall\",\"isPartOf\":{\"@id\":\"https:\\\/\\\/mindreksmetall.ee\\\/#website\"},\"primaryImageOfPage\":{\"@id\":\"https:\\\/\\\/mindreksmetall.ee\\\/lv\\\/toode\\\/dumu-krasns-mi1-uz-riteniem\\\/#primaryimage\"},\"image\":{\"@id\":\"https:\\\/\\\/mindreksmetall.ee\\\/lv\\\/toode\\\/dumu-krasns-mi1-uz-riteniem\\\/#primaryimage\"},\"thumbnailUrl\":\"https:\\\/\\\/mindreksmetall.ee\\\/wp-content\\\/uploads\\\/2023\\\/05\\\/DSC00089.jpg\",\"datePublished\":\"2022-07-07T07:19:22+00:00\",\"dateModified\":\"2025-07-30T10:02:03+00:00\",\"breadcrumb\":{\"@id\":\"https:\\\/\\\/mindreksmetall.ee\\\/lv\\\/toode\\\/dumu-krasns-mi1-uz-riteniem\\\/#breadcrumb\"},\"inLanguage\":\"lv-LV\",\"potentialAction\":[{\"@type\":\"ReadAction\",\"target\":[\"https:\\\/\\\/mindreksmetall.ee\\\/lv\\\/toode\\\/dumu-krasns-mi1-uz-riteniem\\\/\"]}]},{\"@type\":\"ImageObject\",\"inLanguage\":\"lv-LV\",\"@id\":\"https:\\\/\\\/mindreksmetall.ee\\\/lv\\\/toode\\\/dumu-krasns-mi1-uz-riteniem\\\/#primaryimage\",\"url\":\"https:\\\/\\\/mindreksmetall.ee\\\/wp-content\\\/uploads\\\/2023\\\/05\\\/DSC00089.jpg\",\"contentUrl\":\"https:\\\/\\\/mindreksmetall.ee\\\/wp-content\\\/uploads\\\/2023\\\/05\\\/DSC00089.jpg\",\"width\":1920,\"height\":1920,\"caption\":\"Suitsuahi\"},{\"@type\":\"BreadcrumbList\",\"@id\":\"https:\\\/\\\/mindreksmetall.ee\\\/lv\\\/toode\\\/dumu-krasns-mi1-uz-riteniem\\\/#breadcrumb\",\"itemListElement\":[{\"@type\":\"ListItem\",\"position\":1,\"name\":\"Home\",\"item\":\"https:\\\/\\\/mindreksmetall.ee\\\/lv\\\/\"},{\"@type\":\"ListItem\",\"position\":2,\"name\":\"Shop\",\"item\":\"https:\\\/\\\/mindreksmetall.ee\\\/lv\\\/shop\\\/\"},{\"@type\":\"ListItem\",\"position\":3,\"name\":\"Ahja Smoker MI1\"}]},{\"@type\":\"WebSite\",\"@id\":\"https:\\\/\\\/mindreksmetall.ee\\\/#website\",\"url\":\"https:\\\/\\\/mindreksmetall.ee\\\/\",\"name\":\"Mindreks Metall\",\"description\":\"Metallit\u00f6\u00f6d, akumulatsioonipaagid\",\"publisher\":{\"@id\":\"https:\\\/\\\/mindreksmetall.ee\\\/#organization\"},\"potentialAction\":[{\"@type\":\"SearchAction\",\"target\":{\"@type\":\"EntryPoint\",\"urlTemplate\":\"https:\\\/\\\/mindreksmetall.ee\\\/?s={search_term_string}\"},\"query-input\":{\"@type\":\"PropertyValueSpecification\",\"valueRequired\":true,\"valueName\":\"search_term_string\"}}],\"inLanguage\":\"lv-LV\"},{\"@type\":\"Organization\",\"@id\":\"https:\\\/\\\/mindreksmetall.ee\\\/#organization\",\"name\":\"Mindreks Metall\",\"url\":\"https:\\\/\\\/mindreksmetall.ee\\\/\",\"logo\":{\"@type\":\"ImageObject\",\"inLanguage\":\"lv-LV\",\"@id\":\"https:\\\/\\\/mindreksmetall.ee\\\/#\\\/schema\\\/logo\\\/image\\\/\",\"url\":\"https:\\\/\\\/soojapood.ee\\\/wp-content\\\/uploads\\\/2022\\\/06\\\/soojapood_logo-01-1-1.png\",\"contentUrl\":\"https:\\\/\\\/soojapood.ee\\\/wp-content\\\/uploads\\\/2022\\\/06\\\/soojapood_logo-01-1-1.png\",\"width\":596,\"height\":133,\"caption\":\"Mindreks Metall\"},\"image\":{\"@id\":\"https:\\\/\\\/mindreksmetall.ee\\\/#\\\/schema\\\/logo\\\/image\\\/\"},\"sameAs\":[\"https:\\\/\\\/m.facebook.com\\\/soojapood?_rdr\"]}]}<\/script>\n<!-- \/ Yoast SEO plugin. -->","yoast_head_json":{"title":"Ahja Smoker MI1 - Mindreks Metall","robots":{"index":"index","follow":"follow","max-snippet":"max-snippet:-1","max-image-preview":"max-image-preview:large","max-video-preview":"max-video-preview:-1"},"canonical":"https:\/\/mindreksmetall.ee\/lv\/toode\/dumu-krasns-mi1-uz-riteniem\/","og_locale":"lv_LV","og_type":"article","og_title":"Ahja Smoker MI1 - Mindreks Metall","og_description":"Viensienas, \u0101r\u0113jie izm\u0113ri 1550*500*500 mm, ga\u013cas kambaris 80*50*50 cm","og_url":"https:\/\/mindreksmetall.ee\/lv\/toode\/dumu-krasns-mi1-uz-riteniem\/","og_site_name":"Mindreks Metall","article_publisher":"https:\/\/m.facebook.com\/soojapood?_rdr","article_modified_time":"2025-07-30T10:02:03+00:00","og_image":[{"width":1920,"height":1920,"url":"https:\/\/mindreksmetall.ee\/wp-content\/uploads\/2023\/05\/DSC00089.jpg","type":"image\/jpeg"}],"twitter_card":"summary_large_image","twitter_misc":{"Est. reading time":"1 min\u016b\u0161u"},"schema":{"@context":"https:\/\/schema.org","@graph":[{"@type":"WebPage","@id":"https:\/\/mindreksmetall.ee\/lv\/toode\/dumu-krasns-mi1-uz-riteniem\/","url":"https:\/\/mindreksmetall.ee\/lv\/toode\/dumu-krasns-mi1-uz-riteniem\/","name":"Ahja Smoker MI1 - Mindreks Metall","isPartOf":{"@id":"https:\/\/mindreksmetall.ee\/#website"},"primaryImageOfPage":{"@id":"https:\/\/mindreksmetall.ee\/lv\/toode\/dumu-krasns-mi1-uz-riteniem\/#primaryimage"},"image":{"@id":"https:\/\/mindreksmetall.ee\/lv\/toode\/dumu-krasns-mi1-uz-riteniem\/#primaryimage"},"thumbnailUrl":"https:\/\/mindreksmetall.ee\/wp-content\/uploads\/2023\/05\/DSC00089.jpg","datePublished":"2022-07-07T07:19:22+00:00","dateModified":"2025-07-30T10:02:03+00:00","breadcrumb":{"@id":"https:\/\/mindreksmetall.ee\/lv\/toode\/dumu-krasns-mi1-uz-riteniem\/#breadcrumb"},"inLanguage":"lv-LV","potentialAction":[{"@type":"ReadAction","target":["https:\/\/mindreksmetall.ee\/lv\/toode\/dumu-krasns-mi1-uz-riteniem\/"]}]},{"@type":"ImageObject","inLanguage":"lv-LV","@id":"https:\/\/mindreksmetall.ee\/lv\/toode\/dumu-krasns-mi1-uz-riteniem\/#primaryimage","url":"https:\/\/mindreksmetall.ee\/wp-content\/uploads\/2023\/05\/DSC00089.jpg","contentUrl":"https:\/\/mindreksmetall.ee\/wp-content\/uploads\/2023\/05\/DSC00089.jpg","width":1920,"height":1920,"caption":"Suitsuahi"},{"@type":"BreadcrumbList","@id":"https:\/\/mindreksmetall.ee\/lv\/toode\/dumu-krasns-mi1-uz-riteniem\/#breadcrumb","itemListElement":[{"@type":"ListItem","position":1,"name":"Home","item":"https:\/\/mindreksmetall.ee\/lv\/"},{"@type":"ListItem","position":2,"name":"Shop","item":"https:\/\/mindreksmetall.ee\/lv\/shop\/"},{"@type":"ListItem","position":3,"name":"Ahja Smoker MI1"}]},{"@type":"WebSite","@id":"https:\/\/mindreksmetall.ee\/#website","url":"https:\/\/mindreksmetall.ee\/","name":"Mindreks Metall","description":"Metallit\u00f6\u00f6d, akumulatsioonipaagid","publisher":{"@id":"https:\/\/mindreksmetall.ee\/#organization"},"potentialAction":[{"@type":"SearchAction","target":{"@type":"EntryPoint","urlTemplate":"https:\/\/mindreksmetall.ee\/?s={search_term_string}"},"query-input":{"@type":"PropertyValueSpecification","valueRequired":true,"valueName":"search_term_string"}}],"inLanguage":"lv-LV"},{"@type":"Organization","@id":"https:\/\/mindreksmetall.ee\/#organization","name":"Mindreks Metall","url":"https:\/\/mindreksmetall.ee\/","logo":{"@type":"ImageObject","inLanguage":"lv-LV","@id":"https:\/\/mindreksmetall.ee\/#\/schema\/logo\/image\/","url":"https:\/\/soojapood.ee\/wp-content\/uploads\/2022\/06\/soojapood_logo-01-1-1.png","contentUrl":"https:\/\/soojapood.ee\/wp-content\/uploads\/2022\/06\/soojapood_logo-01-1-1.png","width":596,"height":133,"caption":"Mindreks Metall"},"image":{"@id":"https:\/\/mindreksmetall.ee\/#\/schema\/logo\/image\/"},"sameAs":["https:\/\/m.facebook.com\/soojapood?_rdr"]}]}},"_links":{"self":[{"href":"https:\/\/mindreksmetall.ee\/lv\/wp-json\/wp\/v2\/product\/11306","targetHints":{"allow":["GET"]}}],"collection":[{"href":"https:\/\/mindreksmetall.ee\/lv\/wp-json\/wp\/v2\/product"}],"about":[{"href":"https:\/\/mindreksmetall.ee\/lv\/wp-json\/wp\/v2\/types\/product"}],"version-history":[{"count":3,"href":"https:\/\/mindreksmetall.ee\/lv\/wp-json\/wp\/v2\/product\/11306\/revisions"}],"predecessor-version":[{"id":16920,"href":"https:\/\/mindreksmetall.ee\/lv\/wp-json\/wp\/v2\/product\/11306\/revisions\/16920"}],"wp:featuredmedia":[{"embeddable":true,"href":"https:\/\/mindreksmetall.ee\/lv\/wp-json\/wp\/v2\/media\/12523"}],"wp:attachment":[{"href":"https:\/\/mindreksmetall.ee\/lv\/wp-json\/wp\/v2\/media?parent=11306"}],"wp:term":[{"taxonomy":"product_brand","embeddable":true,"href":"https:\/\/mindreksmetall.ee\/lv\/wp-json\/wp\/v2\/product_brand?post=11306"},{"taxonomy":"product_cat","embeddable":true,"href":"https:\/\/mindreksmetall.ee\/lv\/wp-json\/wp\/v2\/product_cat?post=11306"},{"taxonomy":"product_tag","embeddable":true,"href":"https:\/\/mindreksmetall.ee\/lv\/wp-json\/wp\/v2\/product_tag?post=11306"}],"curies":[{"name":"wp","href":"https:\/\/api.w.org\/{rel}","templated":true}]}}