{"id":11359,"date":"2022-07-04T13:03:40","date_gmt":"2022-07-04T13:03:40","guid":{"rendered":"https:\/\/mindreksmetall.ee\/toode\/akumulacijas-tvertne-100-l\/"},"modified":"2024-03-20T13:51:48","modified_gmt":"2024-03-20T11:51:48","slug":"akumulacijas-tvertne-100-l","status":"publish","type":"product","link":"https:\/\/mindreksmetall.ee\/lv\/toode\/akumulacijas-tvertne-100-l\/","title":{"rendered":"Akumul\u0101cijas tvertne 100 L"},"content":{"rendered":"<p>Darba spiediens 3 Bar<br \/>\nAugstas kvalit\u0101tes akumul\u0101cijas tvertnes tie\u0161i no ra\u017eot\u0101ja. M\u016bsdien\u012bga plazmas grie\u0161ana, robotiz\u0113ta metin\u0101\u0161ana un kvalit\u0101tes kontrole nodro\u0161ina izcilu rezult\u0101tu un klientam draudz\u012bgu cenu. Cenr\u0101d\u012b standarta preces, no kur\u0101m l\u012bdz 2500 l tvertnes past\u0101v\u012bgi ir noliktav\u0101. Izgatavojam ar\u012b akumul\u0101cijas tvertnes klientam v\u0113lamajos izm\u0113ros. Iesp\u0113jams pas\u016bt\u012bt akumul\u0101cijas tvertni 3 da\u013c\u0101s sametin\u0101\u0161anai uz vietas.<\/p>\n","protected":false},"excerpt":{"rendered":"<p>3 mm, diametrs 450 mm, augstums 750 mm, svars 20 kg<\/p>\n","protected":false},"featured_media":11214,"template":"","meta":{"_acf_changed":false},"product_brand":[],"product_cat":[150,177],"product_tag":[],"class_list":{"0":"post-11359","1":"product","2":"type-product","3":"status-publish","4":"has-post-thumbnail","6":"product_cat-akumulacijas-tvertnes","7":"product_cat-akumulacijas-tvertnes-bez-siltumizolacijas","9":"first","10":"instock","11":"taxable","12":"shipping-taxable","13":"purchasable","14":"product-type-simple"},"acf":[],"yoast_head":"<!-- This site is optimized with the Yoast SEO plugin v27.3 - https:\/\/yoast.com\/product\/yoast-seo-wordpress\/ -->\n<title>Akumul\u0101cijas tvertne 100 L - Mindreks Metall<\/title>\n<meta name=\"robots\" content=\"index, follow, max-snippet:-1, max-image-preview:large, max-video-preview:-1\" \/>\n<link rel=\"canonical\" href=\"https:\/\/mindreksmetall.ee\/en\/toode\/accumulator-tank-100-l\/\" \/>\n<meta property=\"og:locale\" content=\"lv_LV\" \/>\n<meta property=\"og:type\" content=\"article\" \/>\n<meta property=\"og:title\" content=\"Akumul\u0101cijas tvertne 100 L - Mindreks Metall\" \/>\n<meta property=\"og:description\" content=\"3 mm, diametrs 450 mm, augstums 750 mm, svars 20 kg\" \/>\n<meta property=\"og:url\" content=\"https:\/\/mindreksmetall.ee\/en\/toode\/accumulator-tank-100-l\/\" \/>\n<meta property=\"og:site_name\" content=\"Mindreks Metall\" \/>\n<meta property=\"article:publisher\" content=\"https:\/\/m.facebook.com\/soojapood?_rdr\" \/>\n<meta property=\"article:modified_time\" content=\"2024-03-20T11:51:48+00:00\" \/>\n<meta property=\"og:image\" content=\"https:\/\/mindreksmetall.ee\/wp-content\/uploads\/2022\/07\/0001_mindreks.jpeg\" \/>\n\t<meta property=\"og:image:width\" content=\"300\" \/>\n\t<meta property=\"og:image:height\" content=\"300\" \/>\n\t<meta property=\"og:image:type\" content=\"image\/jpeg\" \/>\n<meta name=\"twitter:card\" content=\"summary_large_image\" \/>\n<meta name=\"twitter:label1\" content=\"Est. reading time\" \/>\n\t<meta name=\"twitter:data1\" content=\"1 min\u016b\u0161u\" \/>\n<script type=\"application\/ld+json\" class=\"yoast-schema-graph\">{\"@context\":\"https:\\\/\\\/schema.org\",\"@graph\":[{\"@type\":\"WebPage\",\"@id\":\"https:\\\/\\\/mindreksmetall.ee\\\/en\\\/toode\\\/accumulator-tank-100-l\\\/\",\"url\":\"https:\\\/\\\/mindreksmetall.ee\\\/en\\\/toode\\\/accumulator-tank-100-l\\\/\",\"name\":\"Akumul\u0101cijas tvertne 100 L - Mindreks Metall\",\"isPartOf\":{\"@id\":\"https:\\\/\\\/mindreksmetall.ee\\\/#website\"},\"primaryImageOfPage\":{\"@id\":\"https:\\\/\\\/mindreksmetall.ee\\\/en\\\/toode\\\/accumulator-tank-100-l\\\/#primaryimage\"},\"image\":{\"@id\":\"https:\\\/\\\/mindreksmetall.ee\\\/en\\\/toode\\\/accumulator-tank-100-l\\\/#primaryimage\"},\"thumbnailUrl\":\"https:\\\/\\\/mindreksmetall.ee\\\/wp-content\\\/uploads\\\/2022\\\/07\\\/0001_mindreks.jpeg\",\"datePublished\":\"2022-07-04T13:03:40+00:00\",\"dateModified\":\"2024-03-20T11:51:48+00:00\",\"breadcrumb\":{\"@id\":\"https:\\\/\\\/mindreksmetall.ee\\\/en\\\/toode\\\/accumulator-tank-100-l\\\/#breadcrumb\"},\"inLanguage\":\"lv-LV\",\"potentialAction\":[{\"@type\":\"ReadAction\",\"target\":[\"https:\\\/\\\/mindreksmetall.ee\\\/en\\\/toode\\\/accumulator-tank-100-l\\\/\"]}]},{\"@type\":\"ImageObject\",\"inLanguage\":\"lv-LV\",\"@id\":\"https:\\\/\\\/mindreksmetall.ee\\\/en\\\/toode\\\/accumulator-tank-100-l\\\/#primaryimage\",\"url\":\"https:\\\/\\\/mindreksmetall.ee\\\/wp-content\\\/uploads\\\/2022\\\/07\\\/0001_mindreks.jpeg\",\"contentUrl\":\"https:\\\/\\\/mindreksmetall.ee\\\/wp-content\\\/uploads\\\/2022\\\/07\\\/0001_mindreks.jpeg\",\"width\":300,\"height\":300,\"caption\":\"Akumulatsioonipaak\"},{\"@type\":\"BreadcrumbList\",\"@id\":\"https:\\\/\\\/mindreksmetall.ee\\\/en\\\/toode\\\/accumulator-tank-100-l\\\/#breadcrumb\",\"itemListElement\":[{\"@type\":\"ListItem\",\"position\":1,\"name\":\"Home\",\"item\":\"https:\\\/\\\/mindreksmetall.ee\\\/lv\\\/\"},{\"@type\":\"ListItem\",\"position\":2,\"name\":\"Shop\",\"item\":\"https:\\\/\\\/mindreksmetall.ee\\\/lv\\\/shop\\\/\"},{\"@type\":\"ListItem\",\"position\":3,\"name\":\"Akumul\u0101cijas tvertne 100 L\"}]},{\"@type\":\"WebSite\",\"@id\":\"https:\\\/\\\/mindreksmetall.ee\\\/#website\",\"url\":\"https:\\\/\\\/mindreksmetall.ee\\\/\",\"name\":\"Mindreks Metall\",\"description\":\"Metallit\u00f6\u00f6d, akumulatsioonipaagid\",\"publisher\":{\"@id\":\"https:\\\/\\\/mindreksmetall.ee\\\/#organization\"},\"potentialAction\":[{\"@type\":\"SearchAction\",\"target\":{\"@type\":\"EntryPoint\",\"urlTemplate\":\"https:\\\/\\\/mindreksmetall.ee\\\/?s={search_term_string}\"},\"query-input\":{\"@type\":\"PropertyValueSpecification\",\"valueRequired\":true,\"valueName\":\"search_term_string\"}}],\"inLanguage\":\"lv-LV\"},{\"@type\":\"Organization\",\"@id\":\"https:\\\/\\\/mindreksmetall.ee\\\/#organization\",\"name\":\"Mindreks Metall\",\"url\":\"https:\\\/\\\/mindreksmetall.ee\\\/\",\"logo\":{\"@type\":\"ImageObject\",\"inLanguage\":\"lv-LV\",\"@id\":\"https:\\\/\\\/mindreksmetall.ee\\\/#\\\/schema\\\/logo\\\/image\\\/\",\"url\":\"https:\\\/\\\/soojapood.ee\\\/wp-content\\\/uploads\\\/2022\\\/06\\\/soojapood_logo-01-1-1.png\",\"contentUrl\":\"https:\\\/\\\/soojapood.ee\\\/wp-content\\\/uploads\\\/2022\\\/06\\\/soojapood_logo-01-1-1.png\",\"width\":596,\"height\":133,\"caption\":\"Mindreks Metall\"},\"image\":{\"@id\":\"https:\\\/\\\/mindreksmetall.ee\\\/#\\\/schema\\\/logo\\\/image\\\/\"},\"sameAs\":[\"https:\\\/\\\/m.facebook.com\\\/soojapood?_rdr\"]}]}<\/script>\n<!-- \/ Yoast SEO plugin. -->","yoast_head_json":{"title":"Akumul\u0101cijas tvertne 100 L - Mindreks Metall","robots":{"index":"index","follow":"follow","max-snippet":"max-snippet:-1","max-image-preview":"max-image-preview:large","max-video-preview":"max-video-preview:-1"},"canonical":"https:\/\/mindreksmetall.ee\/en\/toode\/accumulator-tank-100-l\/","og_locale":"lv_LV","og_type":"article","og_title":"Akumul\u0101cijas tvertne 100 L - Mindreks Metall","og_description":"3 mm, diametrs 450 mm, augstums 750 mm, svars 20 kg","og_url":"https:\/\/mindreksmetall.ee\/en\/toode\/accumulator-tank-100-l\/","og_site_name":"Mindreks Metall","article_publisher":"https:\/\/m.facebook.com\/soojapood?_rdr","article_modified_time":"2024-03-20T11:51:48+00:00","og_image":[{"width":300,"height":300,"url":"https:\/\/mindreksmetall.ee\/wp-content\/uploads\/2022\/07\/0001_mindreks.jpeg","type":"image\/jpeg"}],"twitter_card":"summary_large_image","twitter_misc":{"Est. reading time":"1 min\u016b\u0161u"},"schema":{"@context":"https:\/\/schema.org","@graph":[{"@type":"WebPage","@id":"https:\/\/mindreksmetall.ee\/en\/toode\/accumulator-tank-100-l\/","url":"https:\/\/mindreksmetall.ee\/en\/toode\/accumulator-tank-100-l\/","name":"Akumul\u0101cijas tvertne 100 L - Mindreks Metall","isPartOf":{"@id":"https:\/\/mindreksmetall.ee\/#website"},"primaryImageOfPage":{"@id":"https:\/\/mindreksmetall.ee\/en\/toode\/accumulator-tank-100-l\/#primaryimage"},"image":{"@id":"https:\/\/mindreksmetall.ee\/en\/toode\/accumulator-tank-100-l\/#primaryimage"},"thumbnailUrl":"https:\/\/mindreksmetall.ee\/wp-content\/uploads\/2022\/07\/0001_mindreks.jpeg","datePublished":"2022-07-04T13:03:40+00:00","dateModified":"2024-03-20T11:51:48+00:00","breadcrumb":{"@id":"https:\/\/mindreksmetall.ee\/en\/toode\/accumulator-tank-100-l\/#breadcrumb"},"inLanguage":"lv-LV","potentialAction":[{"@type":"ReadAction","target":["https:\/\/mindreksmetall.ee\/en\/toode\/accumulator-tank-100-l\/"]}]},{"@type":"ImageObject","inLanguage":"lv-LV","@id":"https:\/\/mindreksmetall.ee\/en\/toode\/accumulator-tank-100-l\/#primaryimage","url":"https:\/\/mindreksmetall.ee\/wp-content\/uploads\/2022\/07\/0001_mindreks.jpeg","contentUrl":"https:\/\/mindreksmetall.ee\/wp-content\/uploads\/2022\/07\/0001_mindreks.jpeg","width":300,"height":300,"caption":"Akumulatsioonipaak"},{"@type":"BreadcrumbList","@id":"https:\/\/mindreksmetall.ee\/en\/toode\/accumulator-tank-100-l\/#breadcrumb","itemListElement":[{"@type":"ListItem","position":1,"name":"Home","item":"https:\/\/mindreksmetall.ee\/lv\/"},{"@type":"ListItem","position":2,"name":"Shop","item":"https:\/\/mindreksmetall.ee\/lv\/shop\/"},{"@type":"ListItem","position":3,"name":"Akumul\u0101cijas tvertne 100 L"}]},{"@type":"WebSite","@id":"https:\/\/mindreksmetall.ee\/#website","url":"https:\/\/mindreksmetall.ee\/","name":"Mindreks Metall","description":"Metallit\u00f6\u00f6d, akumulatsioonipaagid","publisher":{"@id":"https:\/\/mindreksmetall.ee\/#organization"},"potentialAction":[{"@type":"SearchAction","target":{"@type":"EntryPoint","urlTemplate":"https:\/\/mindreksmetall.ee\/?s={search_term_string}"},"query-input":{"@type":"PropertyValueSpecification","valueRequired":true,"valueName":"search_term_string"}}],"inLanguage":"lv-LV"},{"@type":"Organization","@id":"https:\/\/mindreksmetall.ee\/#organization","name":"Mindreks Metall","url":"https:\/\/mindreksmetall.ee\/","logo":{"@type":"ImageObject","inLanguage":"lv-LV","@id":"https:\/\/mindreksmetall.ee\/#\/schema\/logo\/image\/","url":"https:\/\/soojapood.ee\/wp-content\/uploads\/2022\/06\/soojapood_logo-01-1-1.png","contentUrl":"https:\/\/soojapood.ee\/wp-content\/uploads\/2022\/06\/soojapood_logo-01-1-1.png","width":596,"height":133,"caption":"Mindreks Metall"},"image":{"@id":"https:\/\/mindreksmetall.ee\/#\/schema\/logo\/image\/"},"sameAs":["https:\/\/m.facebook.com\/soojapood?_rdr"]}]}},"_links":{"self":[{"href":"https:\/\/mindreksmetall.ee\/lv\/wp-json\/wp\/v2\/product\/11359","targetHints":{"allow":["GET"]}}],"collection":[{"href":"https:\/\/mindreksmetall.ee\/lv\/wp-json\/wp\/v2\/product"}],"about":[{"href":"https:\/\/mindreksmetall.ee\/lv\/wp-json\/wp\/v2\/types\/product"}],"version-history":[{"count":3,"href":"https:\/\/mindreksmetall.ee\/lv\/wp-json\/wp\/v2\/product\/11359\/revisions"}],"predecessor-version":[{"id":13094,"href":"https:\/\/mindreksmetall.ee\/lv\/wp-json\/wp\/v2\/product\/11359\/revisions\/13094"}],"wp:featuredmedia":[{"embeddable":true,"href":"https:\/\/mindreksmetall.ee\/lv\/wp-json\/wp\/v2\/media\/11214"}],"wp:attachment":[{"href":"https:\/\/mindreksmetall.ee\/lv\/wp-json\/wp\/v2\/media?parent=11359"}],"wp:term":[{"taxonomy":"product_brand","embeddable":true,"href":"https:\/\/mindreksmetall.ee\/lv\/wp-json\/wp\/v2\/product_brand?post=11359"},{"taxonomy":"product_cat","embeddable":true,"href":"https:\/\/mindreksmetall.ee\/lv\/wp-json\/wp\/v2\/product_cat?post=11359"},{"taxonomy":"product_tag","embeddable":true,"href":"https:\/\/mindreksmetall.ee\/lv\/wp-json\/wp\/v2\/product_tag?post=11359"}],"curies":[{"name":"wp","href":"https:\/\/api.w.org\/{rel}","templated":true}]}}