{"id":12380,"date":"2024-02-13T10:46:11","date_gmt":"2024-02-13T08:46:11","guid":{"rendered":"https:\/\/mindreksmetall.ee\/toode\/dumu-krasns-mi6\/"},"modified":"2025-07-30T12:57:11","modified_gmt":"2025-07-30T09:57:11","slug":"dumu-krasns-mi6","status":"publish","type":"product","link":"https:\/\/mindreksmetall.ee\/lv\/toode\/dumu-krasns-mi6\/","title":{"rendered":"Ahja Smoker MI6"},"content":{"rendered":"<p>Apa\u013c\u0161 sm\u0113\u0137\u0113t\u0101js ar dubult\u0101m sien\u0101m.<\/p>\n<p>Augstums 1000 mm<\/p>\n<p>Diametrs 450 mm<\/p>\n<p>Materi\u0101ls 3mm<\/p>\n<p>Ga\u013cas kambara a<span class=\"HwtZe\" lang=\"lv\"><span class=\"jCAhz ChMk0b\"><span class=\"ryNqvb\">ugstums<\/span><\/span><\/span>: 620 mm<\/p>\n<p>Ga\u013cas kambara tilpums: 60 litri<\/p>\n<p>Restu savstarp\u0113jais att\u0101lums: 10 cm<\/p>\n<p>Restu skaits: 4<\/p>\n<p><span class=\"HwtZe\" lang=\"lv\"><span class=\"jCAhz JxVs2d ChMk0b\"><span class=\"ryNqvb\">Re\u017e\u0123a izm\u0113ri: 29 * 30cm<\/span><\/span><\/span><\/p>\n<p>Kr\u0101sns apr\u012bkojum\u0101 ir tauku panna, \u010detras restes, termometrs un lieto\u0161anas instrukcija.<\/p>\n<p><strong>Uzman\u012bbu! Pret laikapst\u0101k\u013ciem iztur\u012bgs d\u016bmvada p\u0101rsegs nav iek\u013cauts komplekt\u0101.<\/strong> P\u0101rsegu iesp\u0113jams pas\u016bt\u012bt atsevi\u0161\u0137i k\u0101 papildu apr\u012bkojumu.<\/p>\n<p>D\u016bmu kr\u0101sns sast\u0101v no div\u0101m kamer\u0101m. Kr\u0101sns apak\u0161\u0113j\u0101 da\u013c\u0101 ir kurtuve, kur\u0101 tiek dedzin\u0101ta malka, bet aug\u0161\u0113j\u0101 da\u013c\u0101 ir ga\u013cas kamera. Dubultsienu kr\u0101sn\u012b d\u016bmi, kas rodas, dedzinot malku, p\u0101rvietojas pa dubultsien\u0101m un iziet pa skursteni. Lietojot \u0161\u0101du kr\u0101sni, svar\u012bgi, lai tiktu dedzin\u0101ta k\u016bpin\u0101\u0161anai piem\u0113rota malka. D\u016bmi ar ga\u013cu nesaskaras. \u0160\u012b ir t\u0101 saukt\u0101 karsto d\u016bmu kr\u0101sns. Aug\u0161\u0113j\u0101 kamer\u0101 d\u016bmus rada ar skaid\u0101m, z\u0101\u0123u skaid\u0101m vai tml.<\/p>\n","protected":false},"excerpt":{"rendered":"<p>Apa\u013c\u0161 sm\u0113\u0137\u0113t\u0101js ar dubult\u0101m sien\u0101m. Augstums 1000 mm, diametrs 450 mm<\/p>\n","protected":false},"featured_media":12482,"template":"","meta":{"_acf_changed":false},"product_brand":[],"product_cat":[174,156],"product_tag":[],"class_list":{"0":"post-12380","1":"product","2":"type-product","3":"status-publish","4":"has-post-thumbnail","6":"product_cat-dumu-krasnis","7":"product_cat-dumu-krasnis-un-grili","8":"product_shipping_class-tarne-soome-lv","10":"first","11":"instock","12":"sale","13":"taxable","14":"shipping-taxable","15":"purchasable","16":"product-type-simple"},"acf":[],"yoast_head":"<!-- This site is optimized with the Yoast SEO plugin v27.4 - https:\/\/yoast.com\/product\/yoast-seo-wordpress\/ -->\n<title>Ahja Smoker MI6 - Mindreks Metall<\/title>\n<meta name=\"robots\" content=\"index, follow, max-snippet:-1, max-image-preview:large, max-video-preview:-1\" \/>\n<link rel=\"canonical\" href=\"https:\/\/mindreksmetall.ee\/lv\/toode\/dumu-krasns-mi6\/\" \/>\n<meta property=\"og:locale\" content=\"lv_LV\" \/>\n<meta property=\"og:type\" content=\"article\" \/>\n<meta property=\"og:title\" content=\"Ahja Smoker MI6 - Mindreks Metall\" \/>\n<meta property=\"og:description\" content=\"Apa\u013c\u0161 sm\u0113\u0137\u0113t\u0101js ar dubult\u0101m sien\u0101m. Augstums 1000 mm, diametrs 450 mm\" \/>\n<meta property=\"og:url\" content=\"https:\/\/mindreksmetall.ee\/lv\/toode\/dumu-krasns-mi6\/\" \/>\n<meta property=\"og:site_name\" content=\"Mindreks Metall\" \/>\n<meta property=\"article:publisher\" content=\"https:\/\/m.facebook.com\/soojapood?_rdr\" \/>\n<meta property=\"article:modified_time\" content=\"2025-07-30T09:57:11+00:00\" \/>\n<meta property=\"og:image\" content=\"https:\/\/mindreksmetall.ee\/wp-content\/uploads\/2024\/02\/DSC00062.jpg\" \/>\n\t<meta property=\"og:image:width\" content=\"1920\" \/>\n\t<meta property=\"og:image:height\" content=\"1920\" \/>\n\t<meta property=\"og:image:type\" content=\"image\/jpeg\" \/>\n<meta name=\"twitter:card\" content=\"summary_large_image\" \/>\n<meta name=\"twitter:label1\" content=\"Est. reading time\" \/>\n\t<meta name=\"twitter:data1\" content=\"1 min\u016b\u0161u\" \/>\n<script type=\"application\/ld+json\" class=\"yoast-schema-graph\">{\"@context\":\"https:\\\/\\\/schema.org\",\"@graph\":[{\"@type\":\"WebPage\",\"@id\":\"https:\\\/\\\/mindreksmetall.ee\\\/lv\\\/toode\\\/dumu-krasns-mi6\\\/\",\"url\":\"https:\\\/\\\/mindreksmetall.ee\\\/lv\\\/toode\\\/dumu-krasns-mi6\\\/\",\"name\":\"Ahja Smoker MI6 - Mindreks Metall\",\"isPartOf\":{\"@id\":\"https:\\\/\\\/mindreksmetall.ee\\\/#website\"},\"primaryImageOfPage\":{\"@id\":\"https:\\\/\\\/mindreksmetall.ee\\\/lv\\\/toode\\\/dumu-krasns-mi6\\\/#primaryimage\"},\"image\":{\"@id\":\"https:\\\/\\\/mindreksmetall.ee\\\/lv\\\/toode\\\/dumu-krasns-mi6\\\/#primaryimage\"},\"thumbnailUrl\":\"https:\\\/\\\/mindreksmetall.ee\\\/wp-content\\\/uploads\\\/2024\\\/02\\\/DSC00062.jpg\",\"datePublished\":\"2024-02-13T08:46:11+00:00\",\"dateModified\":\"2025-07-30T09:57:11+00:00\",\"breadcrumb\":{\"@id\":\"https:\\\/\\\/mindreksmetall.ee\\\/lv\\\/toode\\\/dumu-krasns-mi6\\\/#breadcrumb\"},\"inLanguage\":\"lv-LV\",\"potentialAction\":[{\"@type\":\"ReadAction\",\"target\":[\"https:\\\/\\\/mindreksmetall.ee\\\/lv\\\/toode\\\/dumu-krasns-mi6\\\/\"]}]},{\"@type\":\"ImageObject\",\"inLanguage\":\"lv-LV\",\"@id\":\"https:\\\/\\\/mindreksmetall.ee\\\/lv\\\/toode\\\/dumu-krasns-mi6\\\/#primaryimage\",\"url\":\"https:\\\/\\\/mindreksmetall.ee\\\/wp-content\\\/uploads\\\/2024\\\/02\\\/DSC00062.jpg\",\"contentUrl\":\"https:\\\/\\\/mindreksmetall.ee\\\/wp-content\\\/uploads\\\/2024\\\/02\\\/DSC00062.jpg\",\"width\":1920,\"height\":1920,\"caption\":\"\u00dcmar suitsuahi\"},{\"@type\":\"BreadcrumbList\",\"@id\":\"https:\\\/\\\/mindreksmetall.ee\\\/lv\\\/toode\\\/dumu-krasns-mi6\\\/#breadcrumb\",\"itemListElement\":[{\"@type\":\"ListItem\",\"position\":1,\"name\":\"Home\",\"item\":\"https:\\\/\\\/mindreksmetall.ee\\\/lv\\\/\"},{\"@type\":\"ListItem\",\"position\":2,\"name\":\"Shop\",\"item\":\"https:\\\/\\\/mindreksmetall.ee\\\/lv\\\/shop\\\/\"},{\"@type\":\"ListItem\",\"position\":3,\"name\":\"Ahja Smoker MI6\"}]},{\"@type\":\"WebSite\",\"@id\":\"https:\\\/\\\/mindreksmetall.ee\\\/#website\",\"url\":\"https:\\\/\\\/mindreksmetall.ee\\\/\",\"name\":\"Mindreks Metall\",\"description\":\"Metallit\u00f6\u00f6d, akumulatsioonipaagid\",\"publisher\":{\"@id\":\"https:\\\/\\\/mindreksmetall.ee\\\/#organization\"},\"potentialAction\":[{\"@type\":\"SearchAction\",\"target\":{\"@type\":\"EntryPoint\",\"urlTemplate\":\"https:\\\/\\\/mindreksmetall.ee\\\/?s={search_term_string}\"},\"query-input\":{\"@type\":\"PropertyValueSpecification\",\"valueRequired\":true,\"valueName\":\"search_term_string\"}}],\"inLanguage\":\"lv-LV\"},{\"@type\":\"Organization\",\"@id\":\"https:\\\/\\\/mindreksmetall.ee\\\/#organization\",\"name\":\"Mindreks Metall\",\"url\":\"https:\\\/\\\/mindreksmetall.ee\\\/\",\"logo\":{\"@type\":\"ImageObject\",\"inLanguage\":\"lv-LV\",\"@id\":\"https:\\\/\\\/mindreksmetall.ee\\\/#\\\/schema\\\/logo\\\/image\\\/\",\"url\":\"https:\\\/\\\/soojapood.ee\\\/wp-content\\\/uploads\\\/2022\\\/06\\\/soojapood_logo-01-1-1.png\",\"contentUrl\":\"https:\\\/\\\/soojapood.ee\\\/wp-content\\\/uploads\\\/2022\\\/06\\\/soojapood_logo-01-1-1.png\",\"width\":596,\"height\":133,\"caption\":\"Mindreks Metall\"},\"image\":{\"@id\":\"https:\\\/\\\/mindreksmetall.ee\\\/#\\\/schema\\\/logo\\\/image\\\/\"},\"sameAs\":[\"https:\\\/\\\/m.facebook.com\\\/soojapood?_rdr\"]}]}<\/script>\n<!-- \/ Yoast SEO plugin. -->","yoast_head_json":{"title":"Ahja Smoker MI6 - Mindreks Metall","robots":{"index":"index","follow":"follow","max-snippet":"max-snippet:-1","max-image-preview":"max-image-preview:large","max-video-preview":"max-video-preview:-1"},"canonical":"https:\/\/mindreksmetall.ee\/lv\/toode\/dumu-krasns-mi6\/","og_locale":"lv_LV","og_type":"article","og_title":"Ahja Smoker MI6 - Mindreks Metall","og_description":"Apa\u013c\u0161 sm\u0113\u0137\u0113t\u0101js ar dubult\u0101m sien\u0101m. Augstums 1000 mm, diametrs 450 mm","og_url":"https:\/\/mindreksmetall.ee\/lv\/toode\/dumu-krasns-mi6\/","og_site_name":"Mindreks Metall","article_publisher":"https:\/\/m.facebook.com\/soojapood?_rdr","article_modified_time":"2025-07-30T09:57:11+00:00","og_image":[{"width":1920,"height":1920,"url":"https:\/\/mindreksmetall.ee\/wp-content\/uploads\/2024\/02\/DSC00062.jpg","type":"image\/jpeg"}],"twitter_card":"summary_large_image","twitter_misc":{"Est. reading time":"1 min\u016b\u0161u"},"schema":{"@context":"https:\/\/schema.org","@graph":[{"@type":"WebPage","@id":"https:\/\/mindreksmetall.ee\/lv\/toode\/dumu-krasns-mi6\/","url":"https:\/\/mindreksmetall.ee\/lv\/toode\/dumu-krasns-mi6\/","name":"Ahja Smoker MI6 - Mindreks Metall","isPartOf":{"@id":"https:\/\/mindreksmetall.ee\/#website"},"primaryImageOfPage":{"@id":"https:\/\/mindreksmetall.ee\/lv\/toode\/dumu-krasns-mi6\/#primaryimage"},"image":{"@id":"https:\/\/mindreksmetall.ee\/lv\/toode\/dumu-krasns-mi6\/#primaryimage"},"thumbnailUrl":"https:\/\/mindreksmetall.ee\/wp-content\/uploads\/2024\/02\/DSC00062.jpg","datePublished":"2024-02-13T08:46:11+00:00","dateModified":"2025-07-30T09:57:11+00:00","breadcrumb":{"@id":"https:\/\/mindreksmetall.ee\/lv\/toode\/dumu-krasns-mi6\/#breadcrumb"},"inLanguage":"lv-LV","potentialAction":[{"@type":"ReadAction","target":["https:\/\/mindreksmetall.ee\/lv\/toode\/dumu-krasns-mi6\/"]}]},{"@type":"ImageObject","inLanguage":"lv-LV","@id":"https:\/\/mindreksmetall.ee\/lv\/toode\/dumu-krasns-mi6\/#primaryimage","url":"https:\/\/mindreksmetall.ee\/wp-content\/uploads\/2024\/02\/DSC00062.jpg","contentUrl":"https:\/\/mindreksmetall.ee\/wp-content\/uploads\/2024\/02\/DSC00062.jpg","width":1920,"height":1920,"caption":"\u00dcmar suitsuahi"},{"@type":"BreadcrumbList","@id":"https:\/\/mindreksmetall.ee\/lv\/toode\/dumu-krasns-mi6\/#breadcrumb","itemListElement":[{"@type":"ListItem","position":1,"name":"Home","item":"https:\/\/mindreksmetall.ee\/lv\/"},{"@type":"ListItem","position":2,"name":"Shop","item":"https:\/\/mindreksmetall.ee\/lv\/shop\/"},{"@type":"ListItem","position":3,"name":"Ahja Smoker MI6"}]},{"@type":"WebSite","@id":"https:\/\/mindreksmetall.ee\/#website","url":"https:\/\/mindreksmetall.ee\/","name":"Mindreks Metall","description":"Metallit\u00f6\u00f6d, akumulatsioonipaagid","publisher":{"@id":"https:\/\/mindreksmetall.ee\/#organization"},"potentialAction":[{"@type":"SearchAction","target":{"@type":"EntryPoint","urlTemplate":"https:\/\/mindreksmetall.ee\/?s={search_term_string}"},"query-input":{"@type":"PropertyValueSpecification","valueRequired":true,"valueName":"search_term_string"}}],"inLanguage":"lv-LV"},{"@type":"Organization","@id":"https:\/\/mindreksmetall.ee\/#organization","name":"Mindreks Metall","url":"https:\/\/mindreksmetall.ee\/","logo":{"@type":"ImageObject","inLanguage":"lv-LV","@id":"https:\/\/mindreksmetall.ee\/#\/schema\/logo\/image\/","url":"https:\/\/soojapood.ee\/wp-content\/uploads\/2022\/06\/soojapood_logo-01-1-1.png","contentUrl":"https:\/\/soojapood.ee\/wp-content\/uploads\/2022\/06\/soojapood_logo-01-1-1.png","width":596,"height":133,"caption":"Mindreks Metall"},"image":{"@id":"https:\/\/mindreksmetall.ee\/#\/schema\/logo\/image\/"},"sameAs":["https:\/\/m.facebook.com\/soojapood?_rdr"]}]}},"_links":{"self":[{"href":"https:\/\/mindreksmetall.ee\/lv\/wp-json\/wp\/v2\/product\/12380","targetHints":{"allow":["GET"]}}],"collection":[{"href":"https:\/\/mindreksmetall.ee\/lv\/wp-json\/wp\/v2\/product"}],"about":[{"href":"https:\/\/mindreksmetall.ee\/lv\/wp-json\/wp\/v2\/types\/product"}],"version-history":[{"count":7,"href":"https:\/\/mindreksmetall.ee\/lv\/wp-json\/wp\/v2\/product\/12380\/revisions"}],"predecessor-version":[{"id":16917,"href":"https:\/\/mindreksmetall.ee\/lv\/wp-json\/wp\/v2\/product\/12380\/revisions\/16917"}],"wp:featuredmedia":[{"embeddable":true,"href":"https:\/\/mindreksmetall.ee\/lv\/wp-json\/wp\/v2\/media\/12482"}],"wp:attachment":[{"href":"https:\/\/mindreksmetall.ee\/lv\/wp-json\/wp\/v2\/media?parent=12380"}],"wp:term":[{"taxonomy":"product_brand","embeddable":true,"href":"https:\/\/mindreksmetall.ee\/lv\/wp-json\/wp\/v2\/product_brand?post=12380"},{"taxonomy":"product_cat","embeddable":true,"href":"https:\/\/mindreksmetall.ee\/lv\/wp-json\/wp\/v2\/product_cat?post=12380"},{"taxonomy":"product_tag","embeddable":true,"href":"https:\/\/mindreksmetall.ee\/lv\/wp-json\/wp\/v2\/product_tag?post=12380"}],"curies":[{"name":"wp","href":"https:\/\/api.w.org\/{rel}","templated":true}]}}