{"id":14723,"date":"2022-05-18T14:16:50","date_gmt":"2022-05-18T11:16:50","guid":{"rendered":"https:\/\/mindreksmetall.ee\/integritetspolicy\/"},"modified":"2025-07-10T09:11:24","modified_gmt":"2025-07-10T06:11:24","slug":"integritetspolicy","status":"publish","type":"page","link":"https:\/\/mindreksmetall.ee\/sv\/integritetspolicy\/","title":{"rendered":"Integritetspolicy"},"content":{"rendered":"\t\t<div data-elementor-type=\"wp-page\" data-elementor-id=\"14723\" class=\"elementor elementor-14723 elementor-3\" data-elementor-post-type=\"page\">\n\t\t\t\t\t\t<section class=\"wd-negative-gap elementor-section elementor-top-section elementor-element elementor-element-662247cd elementor-section-boxed elementor-section-height-default elementor-section-height-default\" data-id=\"662247cd\" data-element_type=\"section\" data-e-type=\"section\">\n\t\t\t\t\t\t<div class=\"elementor-container elementor-column-gap-default\">\n\t\t\t\t\t<div class=\"elementor-column elementor-col-100 elementor-top-column elementor-element elementor-element-5032da\" data-id=\"5032da\" data-element_type=\"column\" data-e-type=\"column\">\n\t\t\t<div class=\"elementor-widget-wrap elementor-element-populated\">\n\t\t\t\t\t\t<div class=\"elementor-element elementor-element-1854eb18 color-scheme-inherit text-left elementor-invisible elementor-widget elementor-widget-text-editor\" data-id=\"1854eb18\" data-element_type=\"widget\" data-e-type=\"widget\" data-settings=\"{&quot;_animation&quot;:&quot;fadeIn&quot;}\" data-widget_type=\"text-editor.default\">\n\t\t\t\t<div class=\"elementor-widget-container\">\n\t\t\t\t\t\t\t\t\t<\/p>\n<p>Det \u00e4r viktigt f\u00f6r Mindreks Metall O\u00dc att respektera din integritet och att f\u00f6lja alla till\u00e4mpliga lagar och f\u00f6rordningar om alla personuppgifter som vi samlar in om dig n\u00e4r du bes\u00f6ker v\u00e5r webbplats <a href=\"https:\/\/mindreksmetall.ee\/sv\/\">mindreksmetall.ee<\/a>. Genom att anv\u00e4nda v\u00e5r webbplats samtycker du till att vi samlar in och anv\u00e4nder dina uppgifter i enlighet med denna integritetspolicy.<\/p>\n<p>Med denna integritetspolicy vill vi f\u00f6rklara f\u00f6r dig vilka uppgifter vi samlar in, hur vi anv\u00e4nder dem och vilka r\u00e4ttigheter du har till skydd f\u00f6r dina uppgifter. Policyn g\u00e4ller endast f\u00f6r v\u00e5r webbplats och dess bes\u00f6kare och g\u00e4ller inte f\u00f6r uppgifter som samlas in via andra kanaler.<\/p>\n<p>Registeransvarig f\u00f6r dina uppgifter \u00e4r Mindreks Metall O\u00dc<\/p>\n<p>f\u00f6retagets org.nr: <span class=\"elementor-icon-list-text\">12709100<\/span><\/p>\n<p>e-post: <a href=\"&#109;&#97;&#x69;&#x6c;&#116;&#111;&#x3a;&#x69;&#110;&#102;&#x6f;&#x40;&#109;&#105;&#x6e;&#x64;&#114;&#101;&#x6b;&#x73;&#46;&#101;&#x65;\">&#105;&#x6e;&#102;&#x6f;&#64;&#x6d;&#105;&#x6e;&#100;&#x72;&#101;&#x6b;s&#x2e;e&#x65;<\/a><\/p>\n<p>telefonnummer: tel: +372 55539161<\/p>\n<p>Vi samlar in och behandlar uppgifter i enlighet med EU:s allm\u00e4nna dataskyddsf\u00f6rordning (GDPR), som tr\u00e4dde i kraft 2018-05-25.<\/p>\n<h2>Insamling och anv\u00e4ndning av uppgifter<\/h2>\n<h3>Vilka uppgifter vi samlar in<\/h3>\n<p>De uppgifter vi samlar in inkluderar uppgifter som du medvetet och aktivt l\u00e4mnar till oss n\u00e4r du anv\u00e4nder eller deltar i anv\u00e4ndningen av v\u00e5ra tj\u00e4nster eller kampanjer, samt alla uppgifter som dina enheter skickar n\u00e4r du f\u00e5r tillg\u00e5ng till v\u00e5ra produkter och tj\u00e4nster<\/p>\n<p>De uppgifter vi samlar in inkluderar uppgifter som du medvetet delar med oss n\u00e4r du anv\u00e4nder v\u00e5ra tj\u00e4nster eller kampanjer, samt uppgifter som dina enheter automatiskt skickar till oss.<\/p>\n<p>Dina personuppgifter kan n\u00e5 oss p\u00e5 f\u00f6ljande s\u00e4tt:<\/p>\n<ul>\n<li>Om du g\u00f6r en best\u00e4llning i webbutiken <a href=\"https:\/\/mindreksmetall.ee\/sv\/\">mindreksmetall.ee<\/a><\/li>\n<li>Om du registrerar dig som anv\u00e4ndare av webbutiken <a href=\"https:\/\/mindreksmetall.ee\/sv\/\">mindreksmetall.ee<\/a><\/li>\n<li>Om du kontaktar oss via telefon, e-post eller onlinechatt<\/li>\n<li>Om du k\u00f6per en produkt p\u00e5 avbetalning och ing\u00e5r ett avbetalningsavtal<\/li>\n<li>Om du surfar p\u00e5 <a href=\"https:\/\/mindreksmetall.ee\/sv\/\">mindreksmetall.ee<\/a><\/li>\n<li>Om du l\u00e4mnar personuppgifter om en annan person som ska ta emot varorna<\/li>\n<li>Om du g\u00f6r betalningar via internetbank eller annan elektronisk betalningsmetod<\/li>\n<li>Om du kommenterar, gillar eller delar ett inl\u00e4gg p\u00e5 v\u00e5rt konto i sociala medier<\/li>\n<li>Om du prenumererar p\u00e5 v\u00e5rt nyhetsbrev<\/li>\n<li>Om du kommenterar inl\u00e4gg p\u00e5 v\u00e5r webbplats<\/li>\n<\/ul>\n<h3>Typer av uppgifter som samlas in<\/h3>\n<h4>Personuppgifter<\/h4>\n<p>Vi ber dig om personuppgifter endast om det \u00e4r n\u00f6dv\u00e4ndigt f\u00f6r att tillhandah\u00e5lla dig tj\u00e4nsten. Genom att kontakta oss eller bes\u00f6ka v\u00e5r webbplats kan det h\u00e4nda att du ger oss f\u00f6ljande uppgifter:<\/p>\n<ul>\n<li>F\u00f6r- och efternamn<\/li>\n<li>E-postadress<\/li>\n<li>Postadress, land, l\u00e4n, ort<\/li>\n<li>Telefonnummer<\/li>\n<li>Din k\u00f6phistorik och aktivitet i v\u00e5r webbutik<\/li>\n<li>Chatthistorik mellan dig och oss<\/li>\n<li>Uppgifter om din webbl\u00e4sare och IP-adress<\/li>\n<\/ul>\n<h4>Loggfiler<\/h4>\n<p>V\u00e5r webbplats <a href=\"https:\/\/mindreksmetall.ee\/sv\/\">mindreksmetall.ee<\/a> lagrar loggfiler \u00f6ver bes\u00f6karna. De uppgifter vi samlar in kan omfatta:<\/p>\n<ul>\n<li>Typ av enhet som anv\u00e4nds<\/li>\n<li>Internet protokoll-adress (IP) <\/li>\n<li>Typ av webbl\u00e4sare<\/li>\n<li>Internetleverant\u00f6r (ISP)<\/li>\n<li>Datum och tid f\u00f6r bes\u00f6k p\u00e5 webbplatsen<\/li>\n<li>Ing\u00e5ngs- och utg\u00e5ngssida, antal klick p\u00e5 webbsidan<\/li>\n<\/ul>\n<p>Uppgifterna i loggfilerna anv\u00e4nds f\u00f6r att analysera trender, administrera webbplatsen, f\u00f6lja bes\u00f6karnas aktiviteter p\u00e5 webbplatsen och samla in demografiska uppgifter. De uppgifter som tas emot \u00e4r inte avsedda till, och g\u00f6r det inte m\u00f6jligt, att identifiera en person.<\/p>\n<h4>Cookies<\/h4>\n<p>Som de flesta webbplatser anv\u00e4nder <a href=\"https:\/\/mindreksmetall.ee\/sv\/\">mindreksmetall.ee<\/a> &#8221;cookies&#8221;. En cookie \u00e4r i princip en textfil som lagras p\u00e5 en anv\u00e4ndares enhet n\u00e4r de bes\u00f6ker en webbplats. Cookies anv\u00e4nds f\u00f6r att g\u00f6ra och lagra inst\u00e4llningar, regionala inst\u00e4llningar, alternativ f\u00f6r anv\u00e4ndning av tj\u00e4nster osv.<\/p>\n<p>Om du vill kan du st\u00e4nga anv\u00e4ndningen av cookies i din webbl\u00e4sares inst\u00e4llningar, men i s\u00e5 fall \u00e4r det m\u00f6jligt att den tj\u00e4nst som tillhandah\u00e5lls dig kommer att st\u00f6ras.<\/p>\n<p>Cookies delas in i permanenta cookies och sessionscookies. Permanenta cookies finns kvar p\u00e5 din dator eller mobila enhet \u00e4ven efter att du har st\u00e4ngt din webbl\u00e4sare eller dator. Sessionscookies raderas dock s\u00e5 snart du st\u00e4nger din webbl\u00e4sare.<\/p>\n<p>Cookies delas in efter deras syfte:<\/p>\n<p><b>N\u00f6dv\u00e4ndiga cookies.<\/b> Sessionscookies, vars syfte \u00e4r att g\u00f6ra det m\u00f6jligt f\u00f6r dig att anv\u00e4nda de tj\u00e4nster som erbjuds p\u00e5 v\u00e5r webbplats. Dessa cookies hj\u00e4lper till att autentisera anv\u00e4ndare och f\u00f6rhindra skadlig anv\u00e4ndning av anv\u00e4ndarkonton. Utan dessa cookies kommer vi inte att kunna erbjuda dig de tj\u00e4nster du beg\u00e4r.<\/p>\n<p><b>Meddelandecookies.<\/b> Dessa cookies identifierar om anv\u00e4ndare har accepterat anv\u00e4ndningen av cookies p\u00e5 webbplatsen.<\/p>\n<p><b>Funktionscookies.<\/b> Dessa cookies g\u00f6r det m\u00f6jligt f\u00f6r din webbl\u00e4sare att komma ih\u00e5g val du g\u00f6r n\u00e4r du anv\u00e4nder webbplatsen, till exempel att lagra dina inloggningsuppgifter eller spr\u00e5kinst\u00e4llningar. Syftet med dessa cookies \u00e4r att ge dig en mer personlig upplevelse och att undvika att du anger dina inst\u00e4llningar igen.<\/p>\n<h3>Hur vi anv\u00e4nder uppgifter<\/h3>\n<p>Vi kan anv\u00e4nda de uppgifter vi samlar in f\u00f6r en m\u00e4ngd olika \u00e4ndam\u00e5l, inklusive:<\/p>\n<ul>\n<li>F\u00f6r att underh\u00e5lla, f\u00f6rvalta, utveckla, personifiera och ut\u00f6ka v\u00e5r webbplats<\/li>\n<li>F\u00f6r att samla in statistik s\u00e5 att vi kan tillhandah\u00e5lla b\u00e4ttre tj\u00e4nster och\/eller erbjudanden och f\u00f6r att f\u00f6rst\u00e5 och analysera v\u00e5r webbplats bes\u00f6kares beteende<\/li>\n<li>F\u00f6r att identifiera dig via telefon, sms eller e-post<\/li>\n<li>F\u00f6r att skicka information till dig och be om \u00e5terkoppling om v\u00e5ra tj\u00e4nster<\/li>\n<li>F\u00f6r att f\u00f6rhindra bedr\u00e4gerier och skydda v\u00e5r webbplats<\/li>\n<li>F\u00f6r att vi ska kunna kommunicera med dig via konto p\u00e5 sociala medier<\/li>\n<li>F\u00f6r att du ska kunna l\u00e4sa din chatthistorik f\u00f6r att p\u00e5skynda givandet av relevanta r\u00e5d<\/li>\n<li>I syfte att f\u00f6rb\u00e4ttra kvaliteten p\u00e5 v\u00e5r tj\u00e4nst och tillhandah\u00e5lla effektivare surfl\u00f6sningar<\/li>\n<li>F\u00f6r att utveckla nya produkter och tj\u00e4nster eller f\u00f6rb\u00e4ttra deras funktionalitet<\/li>\n<li>F\u00f6r att skicka\/leverera varor, behandla best\u00e4llningar, utf\u00e4rda fakturor, best\u00e4llningar via bankl\u00e4nk och f\u00f6r att bekr\u00e4fta din best\u00e4llning eller \u00e5terbetala dina pengar<\/li>\n<li>F\u00f6r att erbjuda produkter och tj\u00e4nster som kan vara av intresse f\u00f6r dig baserat p\u00e5 dina tidigare best\u00e4llningar<\/li>\n<li>F\u00f6r att underl\u00e4tta och p\u00e5skynda kontakten mellan oss, n\u00e4r du kontaktar oss<\/li>\n<li>F\u00f6r andra \u00e4ndam\u00e5l. Till exempel f\u00f6r att analysera data, unders\u00f6ka trender, utv\u00e4rdera v\u00e5ra reklamkampanjers effektivitet.<\/li>\n<\/ul>\n<h3>I vilka fall kan vi komma att dela dina uppgifter<\/h3>\n<ul>\n<li>Vi kan dela eller \u00f6verf\u00f6ra dina personuppgifter i samband med en \u00e4ndring av v\u00e5rt f\u00f6retags \u00e4gare, fusion, f\u00f6rs\u00e4ljning, finansiering eller f\u00f6rv\u00e4rv av tillg\u00e5ngar. Vi kommer att meddela dig om \u00f6verf\u00f6ringen av dina personuppgifter och om de blir f\u00f6rem\u00e5l f\u00f6r best\u00e4mmelserna i en annan integritetspolicy.<\/li>\n<li>Vi kan dela dina uppgifter med v\u00e5ra partnerf\u00f6retag och kr\u00e4va att de f\u00f6ljer denna integritetspolicy. Partnerf\u00f6retag inkluderar v\u00e5ra moder- och dotterbolag, joint venture-partners eller f\u00f6retag som vi \u00e4ger.<\/li>\n<li>Vi kan dela dina uppgifter med v\u00e5ra aff\u00e4rspartners f\u00f6r att f\u00f6rse dig med vissa produkter, tj\u00e4nster eller kampanjer.<\/li>\n<li>Vi kan, med ditt samtycke, l\u00e4mna ut dina personuppgifter f\u00f6r andra \u00e4ndam\u00e5l.<\/li>\n<li>Vi \u00e4r skyldiga att l\u00e4mna ut dina personuppgifter om det kr\u00e4vs enligt lag. Vi kan ocks\u00e5 l\u00e4mna ut dina uppgifter i god tro f\u00f6r att uppfylla en r\u00e4ttslig skyldighet, skydda v\u00e5ra r\u00e4ttigheter eller egendom, f\u00f6rhindra eller uppt\u00e4cka m\u00f6jliga oegentligheter i samband med din anv\u00e4ndning av v\u00e5r tj\u00e4nst och s\u00e4kerst\u00e4lla s\u00e4kerheten f\u00f6r anv\u00e4ndare av tj\u00e4nsten.<\/li>\n<\/ul>\n<h3>Lagring av dina personuppgifter<\/h3>\n<p>F\u00f6retaget kommer endast att beh\u00e5lla dina personuppgifter s\u00e5 l\u00e4nge som det \u00e4r n\u00f6dv\u00e4ndigt f\u00f6r de \u00e4ndam\u00e5l som anges i denna integritetspolicy. Vi kommer att lagra och anv\u00e4nda dina personuppgifter i den utstr\u00e4ckning som kr\u00e4vs f\u00f6r att uppfylla v\u00e5ra juridiska skyldigheter (till exempel om vi \u00e4r skyldiga att spara dina uppgifter f\u00f6r att f\u00f6lja g\u00e4llande lagar), l\u00f6sa tvister och verkst\u00e4lla v\u00e5ra avtal och policyer<\/p>\n<p>F\u00f6retaget sparar ocks\u00e5 loggfiler f\u00f6r interna analys\u00e4ndam\u00e5l. Loggfiler sparas i allm\u00e4nhet under en kortare tidsperiod, s\u00e5vida inte dessa uppgifter anv\u00e4nds f\u00f6r att st\u00e4rka s\u00e4kerheten eller f\u00f6rb\u00e4ttra funktionaliteten i v\u00e5r tj\u00e4nst, eller om vi enligt lag \u00e4r skyldiga att spara uppgifterna l\u00e4ngre tid.<\/p>\n<h3>Behandling av barns personuppgifter<\/h3>\n<p>Inga av v\u00e5ra produkter eller tj\u00e4nster riktar sig till barn under 13 \u00e5r och vi samlar inte medvetet in uppgifter om barn under 13 \u00e5r. Om vi misst\u00e4nker att vi behandlar uppgifter om en person som \u00e4r under 13 \u00e5r kommer vi att ta bort den personen fr\u00e5n alla v\u00e5ra databaser.<\/p>\n<h2>Dina r\u00e4ttigheter till skydd av dina uppgifter<\/h2>\n<p>Du har alltid r\u00e4tt att inte dela dina uppgifter med oss, i vetskap om att det kan p\u00e5verka din upplevelse p\u00e5 v\u00e5r webbplats. Om du v\u00e4ljer att inte dela dina uppgifter med oss kommer vi inte att behandla dig s\u00e4mre p\u00e5 grund av det. Om du ger oss personuppgifter f\u00f6rst\u00e5r du att vi samlar in, lagrar, anv\u00e4nder och l\u00e4mnar ut dem i enlighet med denna integritetspolicy. Du har r\u00e4tt att beg\u00e4ra information om de uppgifter vi samlar in om dig.<\/p>\n<p>N\u00e4r vi tar emot dina personuppgifter fr\u00e5n tredje part kommer vi att skydda den i enlighet med denna integritetspolicy och Republiken Estlands lagar. Om du sj\u00e4lv delar uppgifter fr\u00e5n tredje part bekr\u00e4ftar du att du har r\u00e4tt och tillst\u00e5nd att g\u00f6ra det.<\/p>\n<p>\u00c4ven om du tidigare har gett ditt samtycke till att dela dina personuppgifter med oss i marknadsf\u00f6ringssyfte har du r\u00e4tt att n\u00e4r som helst \u00e4ndra dig. Du har alltid r\u00e4tt att v\u00e4lja bort att kommunicera med oss och att beg\u00e4ra att vi tar bort dina uppgifter fr\u00e5n v\u00e5ra databaser. D\u00e5 och d\u00e5 kan vi ocks\u00e5 be om uppgifter om dig f\u00f6r att verifiera din identitet. Om du anser att de uppgifter vi har samlat in om dig \u00e4r felaktiga, f\u00f6r\u00e5ldrade, ofullst\u00e4ndiga, irrelevanta eller vilseledande, v\u00e4nligen kontakta oss via e-post: <a href=\"&#x6d;&#x61;&#x69;&#x6c;&#x74;&#x6f;&#x3a;&#x69;&#x6e;&#x66;&#x6f;&#x40;&#x6d;&#x69;&#x6e;&#x64;&#x72;&#x65;&#x6b;&#x73;&#x2e;&#x65;&#x65;\">&#105;&#x6e;&#x66;&#111;&#x40;&#x6d;i&#x6e;&#x64;r&#101;&#x6b;s&#46;&#x65;e<\/a> eller per telefon: +372 55539161. Vi g\u00f6r allt vi kan f\u00f6r att korrigera felaktiga, ofullst\u00e4ndiga, vilseledande eller f\u00f6r\u00e5ldrade uppgifter.<\/p>\n<p>Om du anser att vi har brutit mot den relevanta dataskyddslagstiftningen och vill framf\u00f6ra ett klagom\u00e5l, v\u00e4nligen kontakta oss med hj\u00e4lp av kontaktuppgifterna i detta dokument och ge oss all information om \u00f6vertr\u00e4delsen. Vi kommer omg\u00e5ende att unders\u00f6ka ditt klagom\u00e5l och svara dig skriftligen, tillhandah\u00e5lla resultaten av unders\u00f6kningen och redovisa de \u00e5tg\u00e4rder vi kommer att vidta f\u00f6r att l\u00f6sa ditt klagom\u00e5l. Du har ocks\u00e5 r\u00e4tt att v\u00e4nda dig till en tillsynsmyndighet eller en dataskyddsmyndighet.<\/p>\n<h2>GDPR dataskyddsr\u00e4ttigheter<\/h2>\n<p>Vi vill f\u00f6rs\u00e4kra oss om att du \u00e4r medveten om alla dina dataskyddsr\u00e4ttigheter. Varje anv\u00e4ndare av webbplatsen har f\u00f6ljande r\u00e4ttigheter:<\/p>\n<ul>\n<li>R\u00e4tt till information \u2013 du har r\u00e4tt att beg\u00e4ra kopior av dina personuppgifter.<\/li>\n<li>R\u00e4tt till r\u00e4ttelse \u2013 du har r\u00e4tt att beg\u00e4ra att vi r\u00e4ttar uppgifter som du anser vara felaktiga. Du har ocks\u00e5 r\u00e4tt att beg\u00e4ra att vi kompletterar alla uppgifter som du anser vara ofullst\u00e4ndiga.<\/li>\n<li>R\u00e4tt till radering \u2013 under vissa f\u00f6ruts\u00e4ttningar har du r\u00e4tt att beg\u00e4ra radering av dina personuppgifter.<\/li>\n<li>R\u00e4tt till begr\u00e4nsning av behandling \u2013 under vissa f\u00f6ruts\u00e4ttningar har du r\u00e4tt att beg\u00e4ra begr\u00e4nsning av anv\u00e4ndningen av dina personuppgifter.<\/li>\n<li>R\u00e4tt att inv\u00e4nda mot anv\u00e4ndningen av dina personuppgifter \u2013 under vissa f\u00f6ruts\u00e4ttningar har du r\u00e4tt att inv\u00e4nda mot anv\u00e4ndningen av dina personuppgifter.<\/li>\n<li>R\u00e4tt till dataportabilitet \u2013 under vissa f\u00f6ruts\u00e4ttningar har du r\u00e4tt att beg\u00e4ra att vi \u00f6verf\u00f6r de insamlade uppgifterna till en tredje part eller direkt till dig.<\/li>\n<\/ul>\n<h2>Dina personuppgifters s\u00e4kerhet<\/h2>\n<p>Dina personuppgifters s\u00e4kerhet \u00e4r viktig f\u00f6r oss, men kom ih\u00e5g att ingen metod f\u00f6r informationsutbyte \u00f6ver internet och ingen metod f\u00f6r elektronisk lagring \u00e4r 100 % s\u00e4ker. \u00c4ven om vi g\u00f6r v\u00e5rt b\u00e4sta f\u00f6r att skydda dina uppgifter, kan vi inte garantera deras fullst\u00e4ndiga s\u00e4kerhet.<\/p>\n<p>Mindreks Metall O\u00dc kommer att vidta alla rimliga n\u00f6dv\u00e4ndiga \u00e5tg\u00e4rder f\u00f6r att s\u00e4kerst\u00e4lla att dina uppgifter behandlas s\u00e4kert och i enlighet med denna integritetspolicy och Republiken Estlands lag. Dina uppgifter kommer inte att \u00f6verf\u00f6ras till n\u00e5gon organisation eller n\u00e5got land om det inte finns goda sk\u00e4l att g\u00f6ra det och dina uppgifters s\u00e4kerhet \u00e4r garanterad.<\/p>\n<h2>L\u00e4nkar till andra webbplatser<\/h2>\n<p>P\u00e5 v\u00e5r webbplats kan du hitta l\u00e4nkar till andra webbplatser som inte \u00e4gs av oss. Om du klickar p\u00e5 en l\u00e4nk fr\u00e5n en tredje part kommer du att omdirigeras till den tredje partens webbplats. Vi rekommenderar starkt att du l\u00e4ser integritetspolicyn f\u00f6r varje webbplats du bes\u00f6ker.<\/p>\n<p>Vi har ingen kontroll \u00f6ver och tar inget ansvar f\u00f6r deras inneh\u00e5ll, integritetspolicy, tj\u00e4nster som tillhandah\u00e5lls eller p\u00e5 annat s\u00e4tt.<\/p>\n<h2>Uppdateringar av integritetspolicyn<\/h2>\n<p>Vid behov har vi r\u00e4tt att g\u00f6ra \u00e4ndringar i denna integritetspolicy. I takt med att integritetspolicyn uppdateras kommer vi att revidera datumet f\u00f6r senaste \u00e4ndring l\u00e4ngst ner i integritetspolicyn. Om du forts\u00e4tter att bes\u00f6ka och anv\u00e4nda v\u00e5r webbplats efter att integritetspolicyn har uppdaterats kommer vi att se det som ditt tysta samtycke till \u00e4ndringarna.<\/p>\n<p>Senaste \u00e4ndring: 15\/07\/2022<\/p>\n\t\t\t\t\t\t\t\t<\/div>\n\t\t\t\t<\/div>\n\t\t\t\t\t<\/div>\n\t\t<\/div>\n\t\t\t\t\t<\/div>\n\t\t<\/section>\n\t\t\t\t<\/div>\n\t\t","protected":false},"excerpt":{"rendered":"<p>Det \u00e4r viktigt f\u00f6r Mindreks Metall O\u00dc att respektera din integritet och att f\u00f6lja alla till\u00e4mpliga lagar och f\u00f6rordningar om<\/p>\n","protected":false},"author":4,"featured_media":0,"parent":0,"menu_order":0,"comment_status":"closed","ping_status":"closed","template":"elementor_header_footer","meta":{"_acf_changed":false,"footnotes":""},"class_list":["post-14723","page","type-page","status-publish","hentry"],"acf":[],"yoast_head":"<!-- This site is optimized with the Yoast SEO plugin v27.4 - https:\/\/yoast.com\/product\/yoast-seo-wordpress\/ -->\n<title>Integritetspolicy - Mindreks Metall<\/title>\n<meta name=\"robots\" content=\"index, follow, max-snippet:-1, max-image-preview:large, max-video-preview:-1\" \/>\n<link rel=\"canonical\" href=\"https:\/\/mindreksmetall.ee\/privaatsuspoliitika\/\" \/>\n<meta property=\"og:locale\" content=\"sv_SE\" \/>\n<meta property=\"og:type\" content=\"article\" \/>\n<meta property=\"og:title\" content=\"Integritetspolicy - Mindreks Metall\" \/>\n<meta property=\"og:description\" content=\"Det \u00e4r viktigt f\u00f6r Mindreks Metall O\u00dc att respektera din integritet och att f\u00f6lja alla till\u00e4mpliga lagar och f\u00f6rordningar om\" \/>\n<meta property=\"og:url\" content=\"https:\/\/mindreksmetall.ee\/privaatsuspoliitika\/\" \/>\n<meta property=\"og:site_name\" content=\"Mindreks Metall\" \/>\n<meta property=\"article:publisher\" content=\"https:\/\/m.facebook.com\/soojapood?_rdr\" \/>\n<meta property=\"article:modified_time\" content=\"2025-07-10T06:11:24+00:00\" \/>\n<meta name=\"twitter:card\" content=\"summary_large_image\" \/>\n<meta name=\"twitter:label1\" content=\"Ber\u00e4knad l\u00e4stid\" \/>\n\t<meta name=\"twitter:data1\" content=\"12 minuter\" \/>\n<script type=\"application\/ld+json\" class=\"yoast-schema-graph\">{\"@context\":\"https:\\\/\\\/schema.org\",\"@graph\":[{\"@type\":\"WebPage\",\"@id\":\"https:\\\/\\\/mindreksmetall.ee\\\/privaatsuspoliitika\\\/\",\"url\":\"https:\\\/\\\/mindreksmetall.ee\\\/privaatsuspoliitika\\\/\",\"name\":\"Integritetspolicy - Mindreks Metall\",\"isPartOf\":{\"@id\":\"https:\\\/\\\/mindreksmetall.ee\\\/#website\"},\"datePublished\":\"2022-05-18T11:16:50+00:00\",\"dateModified\":\"2025-07-10T06:11:24+00:00\",\"breadcrumb\":{\"@id\":\"https:\\\/\\\/mindreksmetall.ee\\\/privaatsuspoliitika\\\/#breadcrumb\"},\"inLanguage\":\"sv-SE\",\"potentialAction\":[{\"@type\":\"ReadAction\",\"target\":[\"https:\\\/\\\/mindreksmetall.ee\\\/privaatsuspoliitika\\\/\"]}]},{\"@type\":\"BreadcrumbList\",\"@id\":\"https:\\\/\\\/mindreksmetall.ee\\\/privaatsuspoliitika\\\/#breadcrumb\",\"itemListElement\":[{\"@type\":\"ListItem\",\"position\":1,\"name\":\"Home\",\"item\":\"https:\\\/\\\/mindreksmetall.ee\\\/\"},{\"@type\":\"ListItem\",\"position\":2,\"name\":\"Integritetspolicy\"}]},{\"@type\":\"WebSite\",\"@id\":\"https:\\\/\\\/mindreksmetall.ee\\\/#website\",\"url\":\"https:\\\/\\\/mindreksmetall.ee\\\/\",\"name\":\"Mindreks Metall\",\"description\":\"Metallit\u00f6\u00f6d, akumulatsioonipaagid\",\"publisher\":{\"@id\":\"https:\\\/\\\/mindreksmetall.ee\\\/#organization\"},\"potentialAction\":[{\"@type\":\"SearchAction\",\"target\":{\"@type\":\"EntryPoint\",\"urlTemplate\":\"https:\\\/\\\/mindreksmetall.ee\\\/?s={search_term_string}\"},\"query-input\":{\"@type\":\"PropertyValueSpecification\",\"valueRequired\":true,\"valueName\":\"search_term_string\"}}],\"inLanguage\":\"sv-SE\"},{\"@type\":\"Organization\",\"@id\":\"https:\\\/\\\/mindreksmetall.ee\\\/#organization\",\"name\":\"Mindreks Metall\",\"url\":\"https:\\\/\\\/mindreksmetall.ee\\\/\",\"logo\":{\"@type\":\"ImageObject\",\"inLanguage\":\"sv-SE\",\"@id\":\"https:\\\/\\\/mindreksmetall.ee\\\/#\\\/schema\\\/logo\\\/image\\\/\",\"url\":\"https:\\\/\\\/soojapood.ee\\\/wp-content\\\/uploads\\\/2022\\\/06\\\/soojapood_logo-01-1-1.png\",\"contentUrl\":\"https:\\\/\\\/soojapood.ee\\\/wp-content\\\/uploads\\\/2022\\\/06\\\/soojapood_logo-01-1-1.png\",\"width\":596,\"height\":133,\"caption\":\"Mindreks Metall\"},\"image\":{\"@id\":\"https:\\\/\\\/mindreksmetall.ee\\\/#\\\/schema\\\/logo\\\/image\\\/\"},\"sameAs\":[\"https:\\\/\\\/m.facebook.com\\\/soojapood?_rdr\"]}]}<\/script>\n<!-- \/ Yoast SEO plugin. -->","yoast_head_json":{"title":"Integritetspolicy - Mindreks Metall","robots":{"index":"index","follow":"follow","max-snippet":"max-snippet:-1","max-image-preview":"max-image-preview:large","max-video-preview":"max-video-preview:-1"},"canonical":"https:\/\/mindreksmetall.ee\/privaatsuspoliitika\/","og_locale":"sv_SE","og_type":"article","og_title":"Integritetspolicy - Mindreks Metall","og_description":"Det \u00e4r viktigt f\u00f6r Mindreks Metall O\u00dc att respektera din integritet och att f\u00f6lja alla till\u00e4mpliga lagar och f\u00f6rordningar om","og_url":"https:\/\/mindreksmetall.ee\/privaatsuspoliitika\/","og_site_name":"Mindreks Metall","article_publisher":"https:\/\/m.facebook.com\/soojapood?_rdr","article_modified_time":"2025-07-10T06:11:24+00:00","twitter_card":"summary_large_image","twitter_misc":{"Ber\u00e4knad l\u00e4stid":"12 minuter"},"schema":{"@context":"https:\/\/schema.org","@graph":[{"@type":"WebPage","@id":"https:\/\/mindreksmetall.ee\/privaatsuspoliitika\/","url":"https:\/\/mindreksmetall.ee\/privaatsuspoliitika\/","name":"Integritetspolicy - Mindreks Metall","isPartOf":{"@id":"https:\/\/mindreksmetall.ee\/#website"},"datePublished":"2022-05-18T11:16:50+00:00","dateModified":"2025-07-10T06:11:24+00:00","breadcrumb":{"@id":"https:\/\/mindreksmetall.ee\/privaatsuspoliitika\/#breadcrumb"},"inLanguage":"sv-SE","potentialAction":[{"@type":"ReadAction","target":["https:\/\/mindreksmetall.ee\/privaatsuspoliitika\/"]}]},{"@type":"BreadcrumbList","@id":"https:\/\/mindreksmetall.ee\/privaatsuspoliitika\/#breadcrumb","itemListElement":[{"@type":"ListItem","position":1,"name":"Home","item":"https:\/\/mindreksmetall.ee\/"},{"@type":"ListItem","position":2,"name":"Integritetspolicy"}]},{"@type":"WebSite","@id":"https:\/\/mindreksmetall.ee\/#website","url":"https:\/\/mindreksmetall.ee\/","name":"Mindreks Metall","description":"Metallit\u00f6\u00f6d, akumulatsioonipaagid","publisher":{"@id":"https:\/\/mindreksmetall.ee\/#organization"},"potentialAction":[{"@type":"SearchAction","target":{"@type":"EntryPoint","urlTemplate":"https:\/\/mindreksmetall.ee\/?s={search_term_string}"},"query-input":{"@type":"PropertyValueSpecification","valueRequired":true,"valueName":"search_term_string"}}],"inLanguage":"sv-SE"},{"@type":"Organization","@id":"https:\/\/mindreksmetall.ee\/#organization","name":"Mindreks Metall","url":"https:\/\/mindreksmetall.ee\/","logo":{"@type":"ImageObject","inLanguage":"sv-SE","@id":"https:\/\/mindreksmetall.ee\/#\/schema\/logo\/image\/","url":"https:\/\/soojapood.ee\/wp-content\/uploads\/2022\/06\/soojapood_logo-01-1-1.png","contentUrl":"https:\/\/soojapood.ee\/wp-content\/uploads\/2022\/06\/soojapood_logo-01-1-1.png","width":596,"height":133,"caption":"Mindreks Metall"},"image":{"@id":"https:\/\/mindreksmetall.ee\/#\/schema\/logo\/image\/"},"sameAs":["https:\/\/m.facebook.com\/soojapood?_rdr"]}]}},"_links":{"self":[{"href":"https:\/\/mindreksmetall.ee\/sv\/wp-json\/wp\/v2\/pages\/14723","targetHints":{"allow":["GET"]}}],"collection":[{"href":"https:\/\/mindreksmetall.ee\/sv\/wp-json\/wp\/v2\/pages"}],"about":[{"href":"https:\/\/mindreksmetall.ee\/sv\/wp-json\/wp\/v2\/types\/page"}],"author":[{"embeddable":true,"href":"https:\/\/mindreksmetall.ee\/sv\/wp-json\/wp\/v2\/users\/4"}],"replies":[{"embeddable":true,"href":"https:\/\/mindreksmetall.ee\/sv\/wp-json\/wp\/v2\/comments?post=14723"}],"version-history":[{"count":15,"href":"https:\/\/mindreksmetall.ee\/sv\/wp-json\/wp\/v2\/pages\/14723\/revisions"}],"predecessor-version":[{"id":16585,"href":"https:\/\/mindreksmetall.ee\/sv\/wp-json\/wp\/v2\/pages\/14723\/revisions\/16585"}],"wp:attachment":[{"href":"https:\/\/mindreksmetall.ee\/sv\/wp-json\/wp\/v2\/media?parent=14723"}],"curies":[{"name":"wp","href":"https:\/\/api.w.org\/{rel}","templated":true}]}}