{"id":14900,"date":"2023-11-10T08:36:05","date_gmt":"2023-11-10T06:36:05","guid":{"rendered":"https:\/\/mindreksmetall.ee\/toode\/isolerad-oval-ackumulatortank-1000-l-inbyggd-varmevaxlare-for-kranvatten\/"},"modified":"2026-03-13T12:43:19","modified_gmt":"2026-03-13T10:43:19","slug":"isolerad-oval-ackumulatortank-1000-l-inbyggd-varmevaxlare-for-kranvatten","status":"publish","type":"product","link":"https:\/\/mindreksmetall.ee\/sv\/toode\/isolerad-oval-ackumulatortank-1000-l-inbyggd-varmevaxlare-for-kranvatten\/","title":{"rendered":"Isolerad oval ackumulatortank 1000 l inbyggd v\u00e4rmev\u00e4xlare f\u00f6r kranvatten"},"content":{"rendered":"<p>Ackumulatortank arbetstryck 2 bar<\/p>\n<p>V\u00e4rmev\u00e4xlare arbetstryck 6 bar<\/p>\n<p>\u00d6vre rostfri v\u00e4rmev\u00e4xlare f\u00f6r kranvatten 22 kW \u2013 1,34 m2<\/p>\n<p>Isolering 100 mm, \u00f6verdragen med plast 1 mm.<\/p>\n<p>Isoleringen kan snabbt och l\u00e4tt monteras p\u00e5 plats.<\/p>\n<p>&nbsp;<\/p>\n","protected":false},"excerpt":{"rendered":"<p>Dimension 1300*930 mm, h\u00f6jd 1820 mm, vikt 280 kg, arbetstryck 2 bar.<\/p>\n","protected":false},"featured_media":14824,"template":"","meta":{"_acf_changed":false},"product_brand":[],"product_cat":[291,285],"product_tag":[],"class_list":{"0":"post-14900","1":"product","2":"type-product","3":"status-publish","4":"has-post-thumbnail","6":"product_cat-isolerade-ovala-ackumulatortankar-med-varmevaxlare-for-kranvatten","7":"product_cat-ovala-ackumulatortankar-med-varmevaxlare","9":"first","10":"instock","11":"taxable","12":"shipping-taxable","13":"purchasable","14":"product-type-simple"},"acf":[],"yoast_head":"<!-- This site is optimized with the Yoast SEO plugin v27.3 - https:\/\/yoast.com\/product\/yoast-seo-wordpress\/ -->\n<title>Isolerad oval ackumulatortank 1000 l inbyggd v\u00e4rmev\u00e4xlare f\u00f6r kranvatten - Mindreks Metall<\/title>\n<meta name=\"robots\" content=\"index, follow, max-snippet:-1, max-image-preview:large, max-video-preview:-1\" \/>\n<link rel=\"canonical\" href=\"https:\/\/mindreksmetall.ee\/sv\/toode\/isolerad-oval-ackumulatortank-1000-l-inbyggd-varmevaxlare-for-kranvatten\/\" \/>\n<meta property=\"og:locale\" content=\"sv_SE\" \/>\n<meta property=\"og:type\" content=\"article\" \/>\n<meta property=\"og:title\" content=\"Isolerad oval ackumulatortank 1000 l inbyggd v\u00e4rmev\u00e4xlare f\u00f6r kranvatten - Mindreks Metall\" \/>\n<meta property=\"og:description\" content=\"Dimension 1300*930 mm, h\u00f6jd 1820 mm, vikt 280 kg, arbetstryck 2 bar.\" \/>\n<meta property=\"og:url\" content=\"https:\/\/mindreksmetall.ee\/sv\/toode\/isolerad-oval-ackumulatortank-1000-l-inbyggd-varmevaxlare-for-kranvatten\/\" \/>\n<meta property=\"og:site_name\" content=\"Mindreks Metall\" \/>\n<meta property=\"article:publisher\" content=\"https:\/\/m.facebook.com\/soojapood?_rdr\" \/>\n<meta property=\"article:modified_time\" content=\"2026-03-13T10:43:19+00:00\" \/>\n<meta property=\"og:image\" content=\"https:\/\/mindreksmetall.ee\/wp-content\/uploads\/2022\/07\/IMG_7148-5.jpeg\" \/>\n\t<meta property=\"og:image:width\" content=\"800\" \/>\n\t<meta property=\"og:image:height\" content=\"800\" \/>\n\t<meta property=\"og:image:type\" content=\"image\/jpeg\" \/>\n<meta name=\"twitter:card\" content=\"summary_large_image\" \/>\n<meta name=\"twitter:label1\" content=\"Ber\u00e4knad l\u00e4stid\" \/>\n\t<meta name=\"twitter:data1\" content=\"1 minut\" \/>\n<script type=\"application\/ld+json\" class=\"yoast-schema-graph\">{\"@context\":\"https:\\\/\\\/schema.org\",\"@graph\":[{\"@type\":\"WebPage\",\"@id\":\"https:\\\/\\\/mindreksmetall.ee\\\/sv\\\/toode\\\/isolerad-oval-ackumulatortank-1000-l-inbyggd-varmevaxlare-for-kranvatten\\\/\",\"url\":\"https:\\\/\\\/mindreksmetall.ee\\\/sv\\\/toode\\\/isolerad-oval-ackumulatortank-1000-l-inbyggd-varmevaxlare-for-kranvatten\\\/\",\"name\":\"Isolerad oval ackumulatortank 1000 l inbyggd v\u00e4rmev\u00e4xlare f\u00f6r kranvatten - Mindreks Metall\",\"isPartOf\":{\"@id\":\"https:\\\/\\\/mindreksmetall.ee\\\/#website\"},\"primaryImageOfPage\":{\"@id\":\"https:\\\/\\\/mindreksmetall.ee\\\/sv\\\/toode\\\/isolerad-oval-ackumulatortank-1000-l-inbyggd-varmevaxlare-for-kranvatten\\\/#primaryimage\"},\"image\":{\"@id\":\"https:\\\/\\\/mindreksmetall.ee\\\/sv\\\/toode\\\/isolerad-oval-ackumulatortank-1000-l-inbyggd-varmevaxlare-for-kranvatten\\\/#primaryimage\"},\"thumbnailUrl\":\"https:\\\/\\\/mindreksmetall.ee\\\/wp-content\\\/uploads\\\/2022\\\/07\\\/IMG_7148-5.jpeg\",\"datePublished\":\"2023-11-10T06:36:05+00:00\",\"dateModified\":\"2026-03-13T10:43:19+00:00\",\"breadcrumb\":{\"@id\":\"https:\\\/\\\/mindreksmetall.ee\\\/sv\\\/toode\\\/isolerad-oval-ackumulatortank-1000-l-inbyggd-varmevaxlare-for-kranvatten\\\/#breadcrumb\"},\"inLanguage\":\"sv-SE\",\"potentialAction\":[{\"@type\":\"ReadAction\",\"target\":[\"https:\\\/\\\/mindreksmetall.ee\\\/sv\\\/toode\\\/isolerad-oval-ackumulatortank-1000-l-inbyggd-varmevaxlare-for-kranvatten\\\/\"]}]},{\"@type\":\"ImageObject\",\"inLanguage\":\"sv-SE\",\"@id\":\"https:\\\/\\\/mindreksmetall.ee\\\/sv\\\/toode\\\/isolerad-oval-ackumulatortank-1000-l-inbyggd-varmevaxlare-for-kranvatten\\\/#primaryimage\",\"url\":\"https:\\\/\\\/mindreksmetall.ee\\\/wp-content\\\/uploads\\\/2022\\\/07\\\/IMG_7148-5.jpeg\",\"contentUrl\":\"https:\\\/\\\/mindreksmetall.ee\\\/wp-content\\\/uploads\\\/2022\\\/07\\\/IMG_7148-5.jpeg\",\"width\":800,\"height\":800,\"caption\":\"Isolerad oval ackumulatortank\"},{\"@type\":\"BreadcrumbList\",\"@id\":\"https:\\\/\\\/mindreksmetall.ee\\\/sv\\\/toode\\\/isolerad-oval-ackumulatortank-1000-l-inbyggd-varmevaxlare-for-kranvatten\\\/#breadcrumb\",\"itemListElement\":[{\"@type\":\"ListItem\",\"position\":1,\"name\":\"Home\",\"item\":\"https:\\\/\\\/mindreksmetall.ee\\\/\"},{\"@type\":\"ListItem\",\"position\":2,\"name\":\"Butik\",\"item\":\"https:\\\/\\\/mindreksmetall.ee\\\/sv\\\/butik\\\/\"},{\"@type\":\"ListItem\",\"position\":3,\"name\":\"Isolerad oval ackumulatortank 1000 l inbyggd v\u00e4rmev\u00e4xlare f\u00f6r kranvatten\"}]},{\"@type\":\"WebSite\",\"@id\":\"https:\\\/\\\/mindreksmetall.ee\\\/#website\",\"url\":\"https:\\\/\\\/mindreksmetall.ee\\\/\",\"name\":\"Mindreks Metall\",\"description\":\"Metallit\u00f6\u00f6d, akumulatsioonipaagid\",\"publisher\":{\"@id\":\"https:\\\/\\\/mindreksmetall.ee\\\/#organization\"},\"potentialAction\":[{\"@type\":\"SearchAction\",\"target\":{\"@type\":\"EntryPoint\",\"urlTemplate\":\"https:\\\/\\\/mindreksmetall.ee\\\/?s={search_term_string}\"},\"query-input\":{\"@type\":\"PropertyValueSpecification\",\"valueRequired\":true,\"valueName\":\"search_term_string\"}}],\"inLanguage\":\"sv-SE\"},{\"@type\":\"Organization\",\"@id\":\"https:\\\/\\\/mindreksmetall.ee\\\/#organization\",\"name\":\"Mindreks Metall\",\"url\":\"https:\\\/\\\/mindreksmetall.ee\\\/\",\"logo\":{\"@type\":\"ImageObject\",\"inLanguage\":\"sv-SE\",\"@id\":\"https:\\\/\\\/mindreksmetall.ee\\\/#\\\/schema\\\/logo\\\/image\\\/\",\"url\":\"https:\\\/\\\/soojapood.ee\\\/wp-content\\\/uploads\\\/2022\\\/06\\\/soojapood_logo-01-1-1.png\",\"contentUrl\":\"https:\\\/\\\/soojapood.ee\\\/wp-content\\\/uploads\\\/2022\\\/06\\\/soojapood_logo-01-1-1.png\",\"width\":596,\"height\":133,\"caption\":\"Mindreks Metall\"},\"image\":{\"@id\":\"https:\\\/\\\/mindreksmetall.ee\\\/#\\\/schema\\\/logo\\\/image\\\/\"},\"sameAs\":[\"https:\\\/\\\/m.facebook.com\\\/soojapood?_rdr\"]}]}<\/script>\n<!-- \/ Yoast SEO plugin. -->","yoast_head_json":{"title":"Isolerad oval ackumulatortank 1000 l inbyggd v\u00e4rmev\u00e4xlare f\u00f6r kranvatten - Mindreks Metall","robots":{"index":"index","follow":"follow","max-snippet":"max-snippet:-1","max-image-preview":"max-image-preview:large","max-video-preview":"max-video-preview:-1"},"canonical":"https:\/\/mindreksmetall.ee\/sv\/toode\/isolerad-oval-ackumulatortank-1000-l-inbyggd-varmevaxlare-for-kranvatten\/","og_locale":"sv_SE","og_type":"article","og_title":"Isolerad oval ackumulatortank 1000 l inbyggd v\u00e4rmev\u00e4xlare f\u00f6r kranvatten - Mindreks Metall","og_description":"Dimension 1300*930 mm, h\u00f6jd 1820 mm, vikt 280 kg, arbetstryck 2 bar.","og_url":"https:\/\/mindreksmetall.ee\/sv\/toode\/isolerad-oval-ackumulatortank-1000-l-inbyggd-varmevaxlare-for-kranvatten\/","og_site_name":"Mindreks Metall","article_publisher":"https:\/\/m.facebook.com\/soojapood?_rdr","article_modified_time":"2026-03-13T10:43:19+00:00","og_image":[{"width":800,"height":800,"url":"https:\/\/mindreksmetall.ee\/wp-content\/uploads\/2022\/07\/IMG_7148-5.jpeg","type":"image\/jpeg"}],"twitter_card":"summary_large_image","twitter_misc":{"Ber\u00e4knad l\u00e4stid":"1 minut"},"schema":{"@context":"https:\/\/schema.org","@graph":[{"@type":"WebPage","@id":"https:\/\/mindreksmetall.ee\/sv\/toode\/isolerad-oval-ackumulatortank-1000-l-inbyggd-varmevaxlare-for-kranvatten\/","url":"https:\/\/mindreksmetall.ee\/sv\/toode\/isolerad-oval-ackumulatortank-1000-l-inbyggd-varmevaxlare-for-kranvatten\/","name":"Isolerad oval ackumulatortank 1000 l inbyggd v\u00e4rmev\u00e4xlare f\u00f6r kranvatten - Mindreks Metall","isPartOf":{"@id":"https:\/\/mindreksmetall.ee\/#website"},"primaryImageOfPage":{"@id":"https:\/\/mindreksmetall.ee\/sv\/toode\/isolerad-oval-ackumulatortank-1000-l-inbyggd-varmevaxlare-for-kranvatten\/#primaryimage"},"image":{"@id":"https:\/\/mindreksmetall.ee\/sv\/toode\/isolerad-oval-ackumulatortank-1000-l-inbyggd-varmevaxlare-for-kranvatten\/#primaryimage"},"thumbnailUrl":"https:\/\/mindreksmetall.ee\/wp-content\/uploads\/2022\/07\/IMG_7148-5.jpeg","datePublished":"2023-11-10T06:36:05+00:00","dateModified":"2026-03-13T10:43:19+00:00","breadcrumb":{"@id":"https:\/\/mindreksmetall.ee\/sv\/toode\/isolerad-oval-ackumulatortank-1000-l-inbyggd-varmevaxlare-for-kranvatten\/#breadcrumb"},"inLanguage":"sv-SE","potentialAction":[{"@type":"ReadAction","target":["https:\/\/mindreksmetall.ee\/sv\/toode\/isolerad-oval-ackumulatortank-1000-l-inbyggd-varmevaxlare-for-kranvatten\/"]}]},{"@type":"ImageObject","inLanguage":"sv-SE","@id":"https:\/\/mindreksmetall.ee\/sv\/toode\/isolerad-oval-ackumulatortank-1000-l-inbyggd-varmevaxlare-for-kranvatten\/#primaryimage","url":"https:\/\/mindreksmetall.ee\/wp-content\/uploads\/2022\/07\/IMG_7148-5.jpeg","contentUrl":"https:\/\/mindreksmetall.ee\/wp-content\/uploads\/2022\/07\/IMG_7148-5.jpeg","width":800,"height":800,"caption":"Isolerad oval ackumulatortank"},{"@type":"BreadcrumbList","@id":"https:\/\/mindreksmetall.ee\/sv\/toode\/isolerad-oval-ackumulatortank-1000-l-inbyggd-varmevaxlare-for-kranvatten\/#breadcrumb","itemListElement":[{"@type":"ListItem","position":1,"name":"Home","item":"https:\/\/mindreksmetall.ee\/"},{"@type":"ListItem","position":2,"name":"Butik","item":"https:\/\/mindreksmetall.ee\/sv\/butik\/"},{"@type":"ListItem","position":3,"name":"Isolerad oval ackumulatortank 1000 l inbyggd v\u00e4rmev\u00e4xlare f\u00f6r kranvatten"}]},{"@type":"WebSite","@id":"https:\/\/mindreksmetall.ee\/#website","url":"https:\/\/mindreksmetall.ee\/","name":"Mindreks Metall","description":"Metallit\u00f6\u00f6d, akumulatsioonipaagid","publisher":{"@id":"https:\/\/mindreksmetall.ee\/#organization"},"potentialAction":[{"@type":"SearchAction","target":{"@type":"EntryPoint","urlTemplate":"https:\/\/mindreksmetall.ee\/?s={search_term_string}"},"query-input":{"@type":"PropertyValueSpecification","valueRequired":true,"valueName":"search_term_string"}}],"inLanguage":"sv-SE"},{"@type":"Organization","@id":"https:\/\/mindreksmetall.ee\/#organization","name":"Mindreks Metall","url":"https:\/\/mindreksmetall.ee\/","logo":{"@type":"ImageObject","inLanguage":"sv-SE","@id":"https:\/\/mindreksmetall.ee\/#\/schema\/logo\/image\/","url":"https:\/\/soojapood.ee\/wp-content\/uploads\/2022\/06\/soojapood_logo-01-1-1.png","contentUrl":"https:\/\/soojapood.ee\/wp-content\/uploads\/2022\/06\/soojapood_logo-01-1-1.png","width":596,"height":133,"caption":"Mindreks Metall"},"image":{"@id":"https:\/\/mindreksmetall.ee\/#\/schema\/logo\/image\/"},"sameAs":["https:\/\/m.facebook.com\/soojapood?_rdr"]}]}},"_links":{"self":[{"href":"https:\/\/mindreksmetall.ee\/sv\/wp-json\/wp\/v2\/product\/14900","targetHints":{"allow":["GET"]}}],"collection":[{"href":"https:\/\/mindreksmetall.ee\/sv\/wp-json\/wp\/v2\/product"}],"about":[{"href":"https:\/\/mindreksmetall.ee\/sv\/wp-json\/wp\/v2\/types\/product"}],"version-history":[{"count":3,"href":"https:\/\/mindreksmetall.ee\/sv\/wp-json\/wp\/v2\/product\/14900\/revisions"}],"predecessor-version":[{"id":17615,"href":"https:\/\/mindreksmetall.ee\/sv\/wp-json\/wp\/v2\/product\/14900\/revisions\/17615"}],"wp:featuredmedia":[{"embeddable":true,"href":"https:\/\/mindreksmetall.ee\/sv\/wp-json\/wp\/v2\/media\/14824"}],"wp:attachment":[{"href":"https:\/\/mindreksmetall.ee\/sv\/wp-json\/wp\/v2\/media?parent=14900"}],"wp:term":[{"taxonomy":"product_brand","embeddable":true,"href":"https:\/\/mindreksmetall.ee\/sv\/wp-json\/wp\/v2\/product_brand?post=14900"},{"taxonomy":"product_cat","embeddable":true,"href":"https:\/\/mindreksmetall.ee\/sv\/wp-json\/wp\/v2\/product_cat?post=14900"},{"taxonomy":"product_tag","embeddable":true,"href":"https:\/\/mindreksmetall.ee\/sv\/wp-json\/wp\/v2\/product_tag?post=14900"}],"curies":[{"name":"wp","href":"https:\/\/api.w.org\/{rel}","templated":true}]}}