{"id":17253,"date":"2026-01-14T13:02:18","date_gmt":"2026-01-14T11:02:18","guid":{"rendered":"https:\/\/mindreksmetall.ee\/toode\/varmepumptank-med-varmevaxlare-1000l\/"},"modified":"2026-01-14T14:17:09","modified_gmt":"2026-01-14T12:17:09","slug":"varmepumptank-med-varmevaxlare-1000l","status":"publish","type":"product","link":"https:\/\/mindreksmetall.ee\/sv\/toode\/varmepumptank-med-varmevaxlare-1000l\/","title":{"rendered":"V\u00e4rmepumptank med v\u00e4rmev\u00e4xlare 1000L"},"content":{"rendered":"<p>V\u00e4rmepumptank med v\u00e4rmev\u00e4xlare 1000L.<\/p>\n<p>Diameter med isolering 1050 mm, h\u00f6jd 2100 mm, vikt 186 kg.<\/p>\n<p>V\u00e4rmev\u00e4xlare DN32 i rostfritt st\u00e5l inuti tanken: 5,5 m2.<\/p>\n<p>Max 6 bar<\/p>\n<p>Isolering 100 mm, t\u00e4ckt med 1 mm plast.<\/p>\n<p>Ackumulatortankar av h\u00f6g kvalitet direkt fr\u00e5n tillverkaren. Toppmodern plasmask\u00e4rning, robotsvetsning och kvalitetskontroll garanterar utm\u00e4rkta resultat och kundv\u00e4nliga priser. Vi kan ocks\u00e5 tillverka ackumulatortankar enligt de m\u00e5tt som kunden beg\u00e4r.<\/p>\n","protected":false},"excerpt":{"rendered":"<p>Diameter med isolering 1050 mm, h\u00f6jd 2100 mm, vikt 186 kg.<\/p>\n","protected":false},"featured_media":17201,"template":"","meta":{"_acf_changed":false},"product_brand":[],"product_cat":[292,313],"product_tag":[],"class_list":{"0":"post-17253","1":"product","2":"type-product","3":"status-publish","4":"has-post-thumbnail","6":"product_cat-ackumulatortankar-med-varmevaxlare","7":"product_cat-varmepumpstankar-med-varmevaxlare","9":"first","10":"instock","11":"taxable","12":"shipping-taxable","13":"purchasable","14":"product-type-simple"},"acf":[],"yoast_head":"<!-- This site is optimized with the Yoast SEO plugin v27.4 - https:\/\/yoast.com\/product\/yoast-seo-wordpress\/ -->\n<title>V\u00e4rmepumptank med v\u00e4rmev\u00e4xlare 1000L - Mindreks Metall<\/title>\n<meta name=\"robots\" content=\"index, follow, max-snippet:-1, max-image-preview:large, max-video-preview:-1\" \/>\n<link rel=\"canonical\" href=\"https:\/\/mindreksmetall.ee\/sv\/toode\/varmepumptank-med-varmevaxlare-1000l\/\" \/>\n<meta property=\"og:locale\" content=\"sv_SE\" \/>\n<meta property=\"og:type\" content=\"article\" \/>\n<meta property=\"og:title\" content=\"V\u00e4rmepumptank med v\u00e4rmev\u00e4xlare 1000L - Mindreks Metall\" \/>\n<meta property=\"og:description\" content=\"Diameter med isolering 1050 mm, h\u00f6jd 2100 mm, vikt 186 kg.\" \/>\n<meta property=\"og:url\" content=\"https:\/\/mindreksmetall.ee\/sv\/toode\/varmepumptank-med-varmevaxlare-1000l\/\" \/>\n<meta property=\"og:site_name\" content=\"Mindreks Metall\" \/>\n<meta property=\"article:publisher\" content=\"https:\/\/m.facebook.com\/soojapood?_rdr\" \/>\n<meta property=\"article:modified_time\" content=\"2026-01-14T12:17:09+00:00\" \/>\n<meta property=\"og:image\" content=\"https:\/\/mindreksmetall.ee\/wp-content\/uploads\/2026\/01\/CWH-paak.jpg\" \/>\n\t<meta property=\"og:image:width\" content=\"344\" \/>\n\t<meta property=\"og:image:height\" content=\"618\" \/>\n\t<meta property=\"og:image:type\" content=\"image\/jpeg\" \/>\n<meta name=\"twitter:card\" content=\"summary_large_image\" \/>\n<meta name=\"twitter:label1\" content=\"Ber\u00e4knad l\u00e4stid\" \/>\n\t<meta name=\"twitter:data1\" content=\"1 minut\" \/>\n<script type=\"application\/ld+json\" class=\"yoast-schema-graph\">{\"@context\":\"https:\\\/\\\/schema.org\",\"@graph\":[{\"@type\":\"WebPage\",\"@id\":\"https:\\\/\\\/mindreksmetall.ee\\\/sv\\\/toode\\\/varmepumptank-med-varmevaxlare-1000l\\\/\",\"url\":\"https:\\\/\\\/mindreksmetall.ee\\\/sv\\\/toode\\\/varmepumptank-med-varmevaxlare-1000l\\\/\",\"name\":\"V\u00e4rmepumptank med v\u00e4rmev\u00e4xlare 1000L - Mindreks Metall\",\"isPartOf\":{\"@id\":\"https:\\\/\\\/mindreksmetall.ee\\\/#website\"},\"primaryImageOfPage\":{\"@id\":\"https:\\\/\\\/mindreksmetall.ee\\\/sv\\\/toode\\\/varmepumptank-med-varmevaxlare-1000l\\\/#primaryimage\"},\"image\":{\"@id\":\"https:\\\/\\\/mindreksmetall.ee\\\/sv\\\/toode\\\/varmepumptank-med-varmevaxlare-1000l\\\/#primaryimage\"},\"thumbnailUrl\":\"https:\\\/\\\/mindreksmetall.ee\\\/wp-content\\\/uploads\\\/2026\\\/01\\\/CWH-paak2.jpg\",\"datePublished\":\"2026-01-14T11:02:18+00:00\",\"dateModified\":\"2026-01-14T12:17:09+00:00\",\"breadcrumb\":{\"@id\":\"https:\\\/\\\/mindreksmetall.ee\\\/sv\\\/toode\\\/varmepumptank-med-varmevaxlare-1000l\\\/#breadcrumb\"},\"inLanguage\":\"sv-SE\",\"potentialAction\":[{\"@type\":\"ReadAction\",\"target\":[\"https:\\\/\\\/mindreksmetall.ee\\\/sv\\\/toode\\\/varmepumptank-med-varmevaxlare-1000l\\\/\"]}]},{\"@type\":\"ImageObject\",\"inLanguage\":\"sv-SE\",\"@id\":\"https:\\\/\\\/mindreksmetall.ee\\\/sv\\\/toode\\\/varmepumptank-med-varmevaxlare-1000l\\\/#primaryimage\",\"url\":\"https:\\\/\\\/mindreksmetall.ee\\\/wp-content\\\/uploads\\\/2026\\\/01\\\/CWH-paak2.jpg\",\"contentUrl\":\"https:\\\/\\\/mindreksmetall.ee\\\/wp-content\\\/uploads\\\/2026\\\/01\\\/CWH-paak2.jpg\",\"width\":327,\"height\":610},{\"@type\":\"BreadcrumbList\",\"@id\":\"https:\\\/\\\/mindreksmetall.ee\\\/sv\\\/toode\\\/varmepumptank-med-varmevaxlare-1000l\\\/#breadcrumb\",\"itemListElement\":[{\"@type\":\"ListItem\",\"position\":1,\"name\":\"Home\",\"item\":\"https:\\\/\\\/mindreksmetall.ee\\\/\"},{\"@type\":\"ListItem\",\"position\":2,\"name\":\"Butik\",\"item\":\"https:\\\/\\\/mindreksmetall.ee\\\/sv\\\/butik\\\/\"},{\"@type\":\"ListItem\",\"position\":3,\"name\":\"V\u00e4rmepumptank med v\u00e4rmev\u00e4xlare 1000L\"}]},{\"@type\":\"WebSite\",\"@id\":\"https:\\\/\\\/mindreksmetall.ee\\\/#website\",\"url\":\"https:\\\/\\\/mindreksmetall.ee\\\/\",\"name\":\"Mindreks Metall\",\"description\":\"Metallit\u00f6\u00f6d, akumulatsioonipaagid\",\"publisher\":{\"@id\":\"https:\\\/\\\/mindreksmetall.ee\\\/#organization\"},\"potentialAction\":[{\"@type\":\"SearchAction\",\"target\":{\"@type\":\"EntryPoint\",\"urlTemplate\":\"https:\\\/\\\/mindreksmetall.ee\\\/?s={search_term_string}\"},\"query-input\":{\"@type\":\"PropertyValueSpecification\",\"valueRequired\":true,\"valueName\":\"search_term_string\"}}],\"inLanguage\":\"sv-SE\"},{\"@type\":\"Organization\",\"@id\":\"https:\\\/\\\/mindreksmetall.ee\\\/#organization\",\"name\":\"Mindreks Metall\",\"url\":\"https:\\\/\\\/mindreksmetall.ee\\\/\",\"logo\":{\"@type\":\"ImageObject\",\"inLanguage\":\"sv-SE\",\"@id\":\"https:\\\/\\\/mindreksmetall.ee\\\/#\\\/schema\\\/logo\\\/image\\\/\",\"url\":\"https:\\\/\\\/soojapood.ee\\\/wp-content\\\/uploads\\\/2022\\\/06\\\/soojapood_logo-01-1-1.png\",\"contentUrl\":\"https:\\\/\\\/soojapood.ee\\\/wp-content\\\/uploads\\\/2022\\\/06\\\/soojapood_logo-01-1-1.png\",\"width\":596,\"height\":133,\"caption\":\"Mindreks Metall\"},\"image\":{\"@id\":\"https:\\\/\\\/mindreksmetall.ee\\\/#\\\/schema\\\/logo\\\/image\\\/\"},\"sameAs\":[\"https:\\\/\\\/m.facebook.com\\\/soojapood?_rdr\"]}]}<\/script>\n<!-- \/ Yoast SEO plugin. -->","yoast_head_json":{"title":"V\u00e4rmepumptank med v\u00e4rmev\u00e4xlare 1000L - Mindreks Metall","robots":{"index":"index","follow":"follow","max-snippet":"max-snippet:-1","max-image-preview":"max-image-preview:large","max-video-preview":"max-video-preview:-1"},"canonical":"https:\/\/mindreksmetall.ee\/sv\/toode\/varmepumptank-med-varmevaxlare-1000l\/","og_locale":"sv_SE","og_type":"article","og_title":"V\u00e4rmepumptank med v\u00e4rmev\u00e4xlare 1000L - Mindreks Metall","og_description":"Diameter med isolering 1050 mm, h\u00f6jd 2100 mm, vikt 186 kg.","og_url":"https:\/\/mindreksmetall.ee\/sv\/toode\/varmepumptank-med-varmevaxlare-1000l\/","og_site_name":"Mindreks Metall","article_publisher":"https:\/\/m.facebook.com\/soojapood?_rdr","article_modified_time":"2026-01-14T12:17:09+00:00","og_image":[{"width":344,"height":618,"url":"https:\/\/mindreksmetall.ee\/wp-content\/uploads\/2026\/01\/CWH-paak.jpg","type":"image\/jpeg"}],"twitter_card":"summary_large_image","twitter_misc":{"Ber\u00e4knad l\u00e4stid":"1 minut"},"schema":{"@context":"https:\/\/schema.org","@graph":[{"@type":"WebPage","@id":"https:\/\/mindreksmetall.ee\/sv\/toode\/varmepumptank-med-varmevaxlare-1000l\/","url":"https:\/\/mindreksmetall.ee\/sv\/toode\/varmepumptank-med-varmevaxlare-1000l\/","name":"V\u00e4rmepumptank med v\u00e4rmev\u00e4xlare 1000L - Mindreks Metall","isPartOf":{"@id":"https:\/\/mindreksmetall.ee\/#website"},"primaryImageOfPage":{"@id":"https:\/\/mindreksmetall.ee\/sv\/toode\/varmepumptank-med-varmevaxlare-1000l\/#primaryimage"},"image":{"@id":"https:\/\/mindreksmetall.ee\/sv\/toode\/varmepumptank-med-varmevaxlare-1000l\/#primaryimage"},"thumbnailUrl":"https:\/\/mindreksmetall.ee\/wp-content\/uploads\/2026\/01\/CWH-paak2.jpg","datePublished":"2026-01-14T11:02:18+00:00","dateModified":"2026-01-14T12:17:09+00:00","breadcrumb":{"@id":"https:\/\/mindreksmetall.ee\/sv\/toode\/varmepumptank-med-varmevaxlare-1000l\/#breadcrumb"},"inLanguage":"sv-SE","potentialAction":[{"@type":"ReadAction","target":["https:\/\/mindreksmetall.ee\/sv\/toode\/varmepumptank-med-varmevaxlare-1000l\/"]}]},{"@type":"ImageObject","inLanguage":"sv-SE","@id":"https:\/\/mindreksmetall.ee\/sv\/toode\/varmepumptank-med-varmevaxlare-1000l\/#primaryimage","url":"https:\/\/mindreksmetall.ee\/wp-content\/uploads\/2026\/01\/CWH-paak2.jpg","contentUrl":"https:\/\/mindreksmetall.ee\/wp-content\/uploads\/2026\/01\/CWH-paak2.jpg","width":327,"height":610},{"@type":"BreadcrumbList","@id":"https:\/\/mindreksmetall.ee\/sv\/toode\/varmepumptank-med-varmevaxlare-1000l\/#breadcrumb","itemListElement":[{"@type":"ListItem","position":1,"name":"Home","item":"https:\/\/mindreksmetall.ee\/"},{"@type":"ListItem","position":2,"name":"Butik","item":"https:\/\/mindreksmetall.ee\/sv\/butik\/"},{"@type":"ListItem","position":3,"name":"V\u00e4rmepumptank med v\u00e4rmev\u00e4xlare 1000L"}]},{"@type":"WebSite","@id":"https:\/\/mindreksmetall.ee\/#website","url":"https:\/\/mindreksmetall.ee\/","name":"Mindreks Metall","description":"Metallit\u00f6\u00f6d, akumulatsioonipaagid","publisher":{"@id":"https:\/\/mindreksmetall.ee\/#organization"},"potentialAction":[{"@type":"SearchAction","target":{"@type":"EntryPoint","urlTemplate":"https:\/\/mindreksmetall.ee\/?s={search_term_string}"},"query-input":{"@type":"PropertyValueSpecification","valueRequired":true,"valueName":"search_term_string"}}],"inLanguage":"sv-SE"},{"@type":"Organization","@id":"https:\/\/mindreksmetall.ee\/#organization","name":"Mindreks Metall","url":"https:\/\/mindreksmetall.ee\/","logo":{"@type":"ImageObject","inLanguage":"sv-SE","@id":"https:\/\/mindreksmetall.ee\/#\/schema\/logo\/image\/","url":"https:\/\/soojapood.ee\/wp-content\/uploads\/2022\/06\/soojapood_logo-01-1-1.png","contentUrl":"https:\/\/soojapood.ee\/wp-content\/uploads\/2022\/06\/soojapood_logo-01-1-1.png","width":596,"height":133,"caption":"Mindreks Metall"},"image":{"@id":"https:\/\/mindreksmetall.ee\/#\/schema\/logo\/image\/"},"sameAs":["https:\/\/m.facebook.com\/soojapood?_rdr"]}]}},"_links":{"self":[{"href":"https:\/\/mindreksmetall.ee\/sv\/wp-json\/wp\/v2\/product\/17253","targetHints":{"allow":["GET"]}}],"collection":[{"href":"https:\/\/mindreksmetall.ee\/sv\/wp-json\/wp\/v2\/product"}],"about":[{"href":"https:\/\/mindreksmetall.ee\/sv\/wp-json\/wp\/v2\/types\/product"}],"version-history":[{"count":1,"href":"https:\/\/mindreksmetall.ee\/sv\/wp-json\/wp\/v2\/product\/17253\/revisions"}],"predecessor-version":[{"id":17256,"href":"https:\/\/mindreksmetall.ee\/sv\/wp-json\/wp\/v2\/product\/17253\/revisions\/17256"}],"wp:featuredmedia":[{"embeddable":true,"href":"https:\/\/mindreksmetall.ee\/sv\/wp-json\/wp\/v2\/media\/17201"}],"wp:attachment":[{"href":"https:\/\/mindreksmetall.ee\/sv\/wp-json\/wp\/v2\/media?parent=17253"}],"wp:term":[{"taxonomy":"product_brand","embeddable":true,"href":"https:\/\/mindreksmetall.ee\/sv\/wp-json\/wp\/v2\/product_brand?post=17253"},{"taxonomy":"product_cat","embeddable":true,"href":"https:\/\/mindreksmetall.ee\/sv\/wp-json\/wp\/v2\/product_cat?post=17253"},{"taxonomy":"product_tag","embeddable":true,"href":"https:\/\/mindreksmetall.ee\/sv\/wp-json\/wp\/v2\/product_tag?post=17253"}],"curies":[{"name":"wp","href":"https:\/\/api.w.org\/{rel}","templated":true}]}}